{"id":32,"date":"2012-09-19T13:21:13","date_gmt":"2012-09-19T13:21:13","guid":{"rendered":"http:\/\/dev.michaellaitman.kbb1.com\/?page_id=32"},"modified":"2015-01-29T13:53:55","modified_gmt":"2015-01-29T12:53:55","slug":"global-thinker","status":"publish","type":"page","link":"https:\/\/www.michaellaitman.com\/fr\/person\/global-thinker\/","title":{"rendered":"Penseur contemporain"},"content":{"rendered":"<div id=\"attachment_122\" style=\"width: 226px\" class=\"wp-caption alignleft\"><a href=\"http:\/\/www.michaellaitman.com\/fr\/person\/global-thinker\/un-secretary\/\" rel=\"attachment wp-att-122\"><img loading=\"lazy\" decoding=\"async\" aria-describedby=\"caption-attachment-122\" class=\" wp-image-122  \" src=\"http:\/\/www.michaellaitman.com\/fr\/wp-content\/uploads\/2012\/09\/un-secretary-267x290.jpg\" alt=\"Meeting with Dr. Asha-Rose Migiro, Deputy Secretary General of the United Nations.\" width=\"216\" height=\"235\" \/><\/a><p id=\"caption-attachment-122\" class=\"wp-caption-text\">Rencontre avec le Dr. Asha-Rose Migiro,\u00a0Vice Secr\u00e9taire G\u00e9n\u00e9rale des Nations\u00a0-Unies.<\/p><\/div>\n<p>Micha\u00ebl Laitman est un penseur contemporain qui oeuvre pour un\u00a0changement social\u00a0par le biais de l&rsquo;\u00e9ducation, unique moyen\u00a0pour r\u00e9soudre sur le long terme les probl\u00e8mes de notre \u00e9poque.<\/p>\n<p>Sa vision consiste \u00e0 mettre en \u0153uvre un programme innovant d\u2019\u00e9ducation. Le Dr Laitman a r\u00e9cemment partag\u00e9 avec la Vice-Secr\u00e9taire g\u00e9n\u00e9rale des Nations Unies, le Dr Asha-Rose Migiro, au si\u00e8ge de l&rsquo;ONU \u00e0 New York les principes de ce nouveau paradigme \u00e9ducatif bas\u00e9 sur les valeurs de la collaboration.<\/p>\n<p>La combinaison de sa formation universitaire en sciences exactes et sciences humaines, ses recherches dans le domaine de l&rsquo;\u00e9ducation et sa perspective visionnaire pour la soci\u00e9t\u00e9, font de lui un penseur de premier plan et un conf\u00e9rencier demand\u00e9.<\/p>\n<p>&nbsp;<\/p>\n<p><a class=\"read-more\" title=\"Michael Laitman, PhD\" href=\"http:\/\/www.michaellaitman.com\/fr\/about\/\">Lire la suite<\/a><\/p>\n","protected":false},"excerpt":{"rendered":"<p>Micha\u00ebl Laitman est un penseur contemporain qui oeuvre pour un\u00a0changement social\u00a0par le biais de l&rsquo;\u00e9ducation, unique moyen\u00a0pour r\u00e9soudre sur le long terme les probl\u00e8mes de notre \u00e9poque. Sa vision consiste \u00e0 mettre en \u0153uvre un programme innovant d\u2019\u00e9ducation. Le Dr<span class=\"ellipsis\">&hellip;<\/span><\/p>\n<div class=\"read-more\"><a href=\"https:\/\/www.michaellaitman.com\/fr\/person\/global-thinker\/\">Lire la suite &#8250;<\/a><\/div>\n<p><!-- end of .read-more --><\/p>\n","protected":false},"author":1,"featured_media":0,"parent":56,"menu_order":1,"comment_status":"open","ping_status":"open","template":"sidebar-content-page.php","meta":{"ngg_post_thumbnail":0,"footnotes":""},"class_list":["post-32","page","type-page","status-publish","hentry"],"_links":{"self":[{"href":"https:\/\/www.michaellaitman.com\/fr\/wp-json\/wp\/v2\/pages\/32","targetHints":{"allow":["GET"]}}],"collection":[{"href":"https:\/\/www.michaellaitman.com\/fr\/wp-json\/wp\/v2\/pages"}],"about":[{"href":"https:\/\/www.michaellaitman.com\/fr\/wp-json\/wp\/v2\/types\/page"}],"author":[{"embeddable":true,"href":"https:\/\/www.michaellaitman.com\/fr\/wp-json\/wp\/v2\/users\/1"}],"replies":[{"embeddable":true,"href":"https:\/\/www.michaellaitman.com\/fr\/wp-json\/wp\/v2\/comments?post=32"}],"version-history":[{"count":2,"href":"https:\/\/www.michaellaitman.com\/fr\/wp-json\/wp\/v2\/pages\/32\/revisions"}],"predecessor-version":[{"id":622,"href":"https:\/\/www.michaellaitman.com\/fr\/wp-json\/wp\/v2\/pages\/32\/revisions\/622"}],"up":[{"embeddable":true,"href":"https:\/\/www.michaellaitman.com\/fr\/wp-json\/wp\/v2\/pages\/56"}],"wp:attachment":[{"href":"https:\/\/www.michaellaitman.com\/fr\/wp-json\/wp\/v2\/media?parent=32"}],"curies":[{"name":"wp","href":"https:\/\/api.w.org\/{rel}","templated":true}]}}