{"id":123,"date":"2012-09-25T16:06:34","date_gmt":"2012-09-25T16:06:34","guid":{"rendered":"http:\/\/dev.michaellaitman.kbb1.com\/?page_id=123"},"modified":"2015-02-09T12:47:34","modified_gmt":"2015-02-09T11:47:34","slug":"the-psychology-of-the-integral-society","status":"publish","type":"page","link":"https:\/\/www.michaellaitman.com\/fr\/books\/the-psychology-of-the-integral-society\/","title":{"rendered":"Psychologie de la soci\u00e9t\u00e9 int\u00e9grale"},"content":{"rendered":"<p>Cet ouvrage propose une approche innovante de l\u2019\u00e9ducation. Dans ce monde globalis\u00e9 et interd\u00e9pendant, enseigner aux enfants la comp\u00e9tition est aussi utile que d\u2019enseigner \u00e0 sa main gauche\u00a0de dominer sa main droite. Le livre introduit le concept de soci\u00e9t\u00e9 int\u00e9grale comme \u00e9tant une soci\u00e9t\u00e9 dans laquelle toutes les parties coop\u00e8rent et contribuent au bien g\u00e9n\u00e9ral. En contrepartie, une telle soci\u00e9t\u00e9 est responsable et se\u00a0pr\u00e9occupe de tous les \u00e9l\u00e9ments qui la composent, cr\u00e9ant ainsi une interd\u00e9pendance b\u00e9n\u00e9fique entre les individus.<\/p>\n<p>Dans cet ouvrage, qui se pr\u00e9sente sous la forme d\u2019une s\u00e9rie de dialogues entre les professeurs Micha\u00ebl Laitman et Anatoly Ulianov, les auteurs\u00a0consid\u00e8rent une forme\u00a0d\u2019\u00e9ducation d\u2019o\u00f9 toute id\u00e9e de comp\u00e9titivit\u00e9 serait absente.\u00a0Ils d\u00e9crivent une \u00e9ducation dont les\u00a0principes directeurs sont, entre autres, l\u2019\u00e9galit\u00e9, la r\u00e9compense\u00a0du partage, et le concept central du travail en groupe.<\/p>\n<p>Lien vers <a href=\"http:\/\/www.amazon.com\/Psychology-Integral-Society-Michael-Laitman\/dp\/1897448694\/ref=sr_1_20?s=books&amp;ie=UTF8&amp;qid=1423384455&amp;sr=1-20&amp;keywords=michael+laitman+books\">Amazon<\/a><\/p>\n<p>&nbsp;<\/p>\n","protected":false},"excerpt":{"rendered":"<p>Cet ouvrage propose une approche innovante de l\u2019\u00e9ducation. Dans ce monde globalis\u00e9 et interd\u00e9pendant, enseigner aux enfants la comp\u00e9tition est aussi utile que d\u2019enseigner \u00e0 sa main gauche\u00a0de dominer sa main droite. Le livre introduit le concept de soci\u00e9t\u00e9 int\u00e9grale<span class=\"ellipsis\">&hellip;<\/span><\/p>\n<div class=\"read-more\"><a href=\"https:\/\/www.michaellaitman.com\/fr\/books\/the-psychology-of-the-integral-society\/\">Lire la suite &#8250;<\/a><\/div>\n<p><!-- end of .read-more --><\/p>\n","protected":false},"author":1,"featured_media":124,"parent":40,"menu_order":7,"comment_status":"open","ping_status":"open","template":"sidebar-content-page.php","meta":{"ngg_post_thumbnail":0,"footnotes":""},"class_list":["post-123","page","type-page","status-publish","has-post-thumbnail","hentry"],"_links":{"self":[{"href":"https:\/\/www.michaellaitman.com\/fr\/wp-json\/wp\/v2\/pages\/123","targetHints":{"allow":["GET"]}}],"collection":[{"href":"https:\/\/www.michaellaitman.com\/fr\/wp-json\/wp\/v2\/pages"}],"about":[{"href":"https:\/\/www.michaellaitman.com\/fr\/wp-json\/wp\/v2\/types\/page"}],"author":[{"embeddable":true,"href":"https:\/\/www.michaellaitman.com\/fr\/wp-json\/wp\/v2\/users\/1"}],"replies":[{"embeddable":true,"href":"https:\/\/www.michaellaitman.com\/fr\/wp-json\/wp\/v2\/comments?post=123"}],"version-history":[{"count":1,"href":"https:\/\/www.michaellaitman.com\/fr\/wp-json\/wp\/v2\/pages\/123\/revisions"}],"predecessor-version":[{"id":634,"href":"https:\/\/www.michaellaitman.com\/fr\/wp-json\/wp\/v2\/pages\/123\/revisions\/634"}],"up":[{"embeddable":true,"href":"https:\/\/www.michaellaitman.com\/fr\/wp-json\/wp\/v2\/pages\/40"}],"wp:featuredmedia":[{"embeddable":true,"href":"https:\/\/www.michaellaitman.com\/fr\/wp-json\/wp\/v2\/media\/124"}],"wp:attachment":[{"href":"https:\/\/www.michaellaitman.com\/fr\/wp-json\/wp\/v2\/media?parent=123"}],"curies":[{"name":"wp","href":"https:\/\/api.w.org\/{rel}","templated":true}]}}