{"id":115,"date":"2012-09-25T15:32:53","date_gmt":"2012-09-25T15:32:53","guid":{"rendered":"http:\/\/dev.michaellaitman.kbb1.com\/?page_id=115"},"modified":"2015-02-09T12:46:32","modified_gmt":"2015-02-09T11:46:32","slug":"children-of-tomorrow","status":"publish","type":"page","link":"https:\/\/www.michaellaitman.com\/fr\/books\/children-of-tomorrow\/","title":{"rendered":"Les enfants de demain"},"content":{"rendered":"<p>Ce\u00a0livre repr\u00e9sente\u00a0un nouveau d\u00e9part pour vous et vos enfants. Imaginez-vous avoir trouver la solution vous permettant d\u2019offrir une \u00e9ducation efficace \u00e0 vos enfants.<\/p>\n<p>Il convient de comprendre que l\u2019\u00e9ducation des enfants peut s\u2019effectuer\u00a0 par le jeu. En acceptant l\u2019id\u00e9e que l\u2019enfant est un jeune adulte et que nous devons nous adresser \u00e0 lui en cons\u00e9quence, l\u2019adulte comprend qu\u2019il doit faire participer l\u2019enfant aux prises de d\u00e9cisions le concernant.<\/p>\n<p>Ce livre offre une nouvelle\u00a0perspective sur l\u2019\u00e9ducation des enfants mettant en avant leur d\u00e9veloppement \u00e9motionnel.<\/p>\n<p>Lien vers <a href=\"http:\/\/www.amazon.com\/Children-Tomorrow-Guidelines-Raising-Century\/dp\/1897448589\/ref=sr_1_22?s=books&amp;ie=UTF8&amp;qid=1423384455&amp;sr=1-22&amp;keywords=michael+laitman+books\">Amazon<\/a><\/p>\n","protected":false},"excerpt":{"rendered":"<p>Ce\u00a0livre repr\u00e9sente\u00a0un nouveau d\u00e9part pour vous et vos enfants. Imaginez-vous avoir trouver la solution vous permettant d\u2019offrir une \u00e9ducation efficace \u00e0 vos enfants. Il convient de comprendre que l\u2019\u00e9ducation des enfants peut s\u2019effectuer\u00a0 par le jeu. En acceptant l\u2019id\u00e9e que<span class=\"ellipsis\">&hellip;<\/span><\/p>\n<div class=\"read-more\"><a href=\"https:\/\/www.michaellaitman.com\/fr\/books\/children-of-tomorrow\/\">Lire la suite &#8250;<\/a><\/div>\n<p><!-- end of .read-more --><\/p>\n","protected":false},"author":1,"featured_media":116,"parent":40,"menu_order":6,"comment_status":"open","ping_status":"open","template":"sidebar-content-page.php","meta":{"ngg_post_thumbnail":0,"footnotes":""},"class_list":["post-115","page","type-page","status-publish","has-post-thumbnail","hentry"],"_links":{"self":[{"href":"https:\/\/www.michaellaitman.com\/fr\/wp-json\/wp\/v2\/pages\/115","targetHints":{"allow":["GET"]}}],"collection":[{"href":"https:\/\/www.michaellaitman.com\/fr\/wp-json\/wp\/v2\/pages"}],"about":[{"href":"https:\/\/www.michaellaitman.com\/fr\/wp-json\/wp\/v2\/types\/page"}],"author":[{"embeddable":true,"href":"https:\/\/www.michaellaitman.com\/fr\/wp-json\/wp\/v2\/users\/1"}],"replies":[{"embeddable":true,"href":"https:\/\/www.michaellaitman.com\/fr\/wp-json\/wp\/v2\/comments?post=115"}],"version-history":[{"count":2,"href":"https:\/\/www.michaellaitman.com\/fr\/wp-json\/wp\/v2\/pages\/115\/revisions"}],"predecessor-version":[{"id":633,"href":"https:\/\/www.michaellaitman.com\/fr\/wp-json\/wp\/v2\/pages\/115\/revisions\/633"}],"up":[{"embeddable":true,"href":"https:\/\/www.michaellaitman.com\/fr\/wp-json\/wp\/v2\/pages\/40"}],"wp:featuredmedia":[{"embeddable":true,"href":"https:\/\/www.michaellaitman.com\/fr\/wp-json\/wp\/v2\/media\/116"}],"wp:attachment":[{"href":"https:\/\/www.michaellaitman.com\/fr\/wp-json\/wp\/v2\/media?parent=115"}],"curies":[{"name":"wp","href":"https:\/\/api.w.org\/{rel}","templated":true}]}}