{"id":11,"date":"2012-09-19T11:29:42","date_gmt":"2012-09-19T11:29:42","guid":{"rendered":"http:\/\/dev.michaellaitman.kbb1.com\/?page_id=11"},"modified":"2015-02-07T20:07:07","modified_gmt":"2015-02-07T19:07:07","slug":"education-provider","status":"publish","type":"page","link":"https:\/\/www.michaellaitman.com\/fr\/person\/education-provider\/","title":{"rendered":"Acteur de la bataille p\u00e9dagogique"},"content":{"rendered":"<div id=\"attachment_129\" style=\"width: 242px\" class=\"wp-caption alignleft\"><a href=\"http:\/\/www.michaellaitman.com\/fr\/person\/education-provider\/img_8985\/\" rel=\"attachment wp-att-129\"><img loading=\"lazy\" decoding=\"async\" aria-describedby=\"caption-attachment-129\" class=\" wp-image-129 \" src=\"http:\/\/www.michaellaitman.com\/fr\/wp-content\/uploads\/2012\/09\/IMG_8985-290x193.jpg\" alt=\"Key-note Speaker at Florida International University (FIU), Miami, Florida. \" width=\"232\" height=\"154\" \/><\/a><p id=\"caption-attachment-129\" class=\"wp-caption-text\">Conf\u00e9rencier\u00a0\u00e0 Florida International University (FIU), Miami, Floride.<\/p><\/div>\n<p>Le Dr Laitman est le pr\u00e9sident de l&rsquo;Institut ARI, une organisation \u00e0 but non lucratif\u00a0d\u00e9di\u00e9 \u00e0 construire un meilleur avenir pour l&rsquo;humanit\u00e9\u00a0par la recherche et l&rsquo;\u00e9ducation.<\/p>\n<p>Micha\u00ebl Laitman propose une nouvelle vision pour faire\u00a0face aux d\u00e9fis du 21\u00e8me si\u00e8cle se basant sur l&rsquo;\u00e9ducation.\u00a0Les lignes directrices de son travail touchent\u00a0tous les aspects de la vie sociale.<\/p>\n<p>Il a d\u00e9velopp\u00e9 une nouvelle m\u00e9thode d&rsquo;\u00e9ducation qui englobe des principes et leurs mise en \u0153uvre reposant sur des valeurs universelles, visant \u00e0 renouveler la coh\u00e9sion sociale dans un monde qui aurait besoin de davantage de solidarit\u00e9.<\/p>\n","protected":false},"excerpt":{"rendered":"<p>Le Dr Laitman est le pr\u00e9sident de l&rsquo;Institut ARI, une organisation \u00e0 but non lucratif\u00a0d\u00e9di\u00e9 \u00e0 construire un meilleur avenir pour l&rsquo;humanit\u00e9\u00a0par la recherche et l&rsquo;\u00e9ducation. Micha\u00ebl Laitman propose une nouvelle vision pour faire\u00a0face aux d\u00e9fis du 21\u00e8me si\u00e8cle se<span class=\"ellipsis\">&hellip;<\/span><\/p>\n<div class=\"read-more\"><a href=\"https:\/\/www.michaellaitman.com\/fr\/person\/education-provider\/\">Lire la suite &#8250;<\/a><\/div>\n<p><!-- end of .read-more --><\/p>\n","protected":false},"author":1,"featured_media":0,"parent":56,"menu_order":4,"comment_status":"open","ping_status":"open","template":"sidebar-content-page.php","meta":{"ngg_post_thumbnail":0,"footnotes":""},"class_list":["post-11","page","type-page","status-publish","hentry"],"_links":{"self":[{"href":"https:\/\/www.michaellaitman.com\/fr\/wp-json\/wp\/v2\/pages\/11","targetHints":{"allow":["GET"]}}],"collection":[{"href":"https:\/\/www.michaellaitman.com\/fr\/wp-json\/wp\/v2\/pages"}],"about":[{"href":"https:\/\/www.michaellaitman.com\/fr\/wp-json\/wp\/v2\/types\/page"}],"author":[{"embeddable":true,"href":"https:\/\/www.michaellaitman.com\/fr\/wp-json\/wp\/v2\/users\/1"}],"replies":[{"embeddable":true,"href":"https:\/\/www.michaellaitman.com\/fr\/wp-json\/wp\/v2\/comments?post=11"}],"version-history":[{"count":0,"href":"https:\/\/www.michaellaitman.com\/fr\/wp-json\/wp\/v2\/pages\/11\/revisions"}],"up":[{"embeddable":true,"href":"https:\/\/www.michaellaitman.com\/fr\/wp-json\/wp\/v2\/pages\/56"}],"wp:attachment":[{"href":"https:\/\/www.michaellaitman.com\/fr\/wp-json\/wp\/v2\/media?parent=11"}],"curies":[{"name":"wp","href":"https:\/\/api.w.org\/{rel}","templated":true}]}}