{"id":105,"date":"2012-09-25T12:29:33","date_gmt":"2012-09-25T12:29:33","guid":{"rendered":"http:\/\/dev.michaellaitman.kbb1.com\/?page_id=105"},"modified":"2015-01-28T20:33:24","modified_gmt":"2015-01-28T19:33:24","slug":"about","status":"publish","type":"page","link":"https:\/\/www.michaellaitman.com\/fr\/about\/","title":{"rendered":"Micha\u00ebl Laitman, PhD"},"content":{"rendered":"<p>&nbsp;<\/p>\n<p style=\"text-align: left\" align=\"center\"><strong><a href=\"http:\/\/www.michaellaitman.com\/fr\/about\/img_3070_abrener-2\/\" rel=\"attachment wp-att-110\"><img loading=\"lazy\" decoding=\"async\" class=\"alignleft size-full wp-image-110\" src=\"http:\/\/www.michaellaitman.com\/fr\/wp-content\/uploads\/2012\/09\/IMG_3070_abrener1.jpg\" alt=\"\" width=\"232\" height=\"224\" \/><\/a>Micha\u00ebl Laitman est Professeur d&rsquo;Ontologie et de la Th\u00e9orie de la Connaissance, et est titulaire d\u2019un doctorat en Philosophie et Kabbale, et poss\u00e8de une Ma\u00eetrise en M\u00e9decine Biocybern\u00e9tique.<\/strong><\/p>\n<p><strong>Fondateur et pr\u00e9sident de l&rsquo;Institut ARI et de l\u2019Institut de Recherche et d\u2019\u00c9ducation de la Kabbale Bnei Baruch.<\/strong><\/p>\n<p>Par le site web de Bnei Baruch, www.kab.info, il donne des cours quotidiens en direct \u00e0 un public du monde entier, traduits simultan\u00e9ment en sept langues : anglais, fran\u00e7ais, espagnol, italien, russe, turc et allemand.<\/p>\n<p>Motiv\u00e9 par la question du sens de la vie, il s\u2019est investi dans de longues \u00e9tudes pour mieux comprendre le monde. En 1974, il immigra en Isra\u00ebl, apr\u00e8s une longue p\u00e9riode d&rsquo;attente, en raison du refus des autorit\u00e9s sovi\u00e9tiques de permettre aux juifs de quitter l&rsquo;URSS. Lors de son arriv\u00e9 en Isra\u00ebl, il a servi dans l\u2019arm\u00e9e, avant de rejoindre le cabinet m\u00e9dical de ses parents, pour ensuite se d\u00e9dier enti\u00e8rement \u00e0 l\u2019\u00e9tude de la Kabbale d\u00e8s 1979.<\/p>\n<p>\u00c0 ce jour, Micha\u00ebl Laitman a publi\u00e9 plus de 40 livres, traduits en 18 langues. Ses publications sont :<\/p>\n<ul>\n<li><a href=\"http:\/\/www.bundleofreeds.com\/\"> <i>Like a Bundle of Reeds: why unity and mutual guarantee are today\u2019s call of the hour<\/i><\/a> (<em>Comme une gerbe de bl\u00e9 : pourquoi l&rsquo;unit\u00e9 et la solidarit\u00e9 sont \u00e0 l&rsquo;ordre du jour<\/em>), dont le professeur Kalman J. Kaplan de l&rsquo;Universit\u00e9 de Chicago a \u00e9crit : \u00ab C&rsquo;est un livre intelligent, bien \u00e9quilibr\u00e9, et tr\u00e8s facile \u00e0 lire, posant d&rsquo;importantes questions d&rsquo;actualit\u00e9 : le r\u00f4le des Juifs dans l&rsquo;histoire, la relation entre l&rsquo;individu et le collectif, l&rsquo;omnipr\u00e9sence de l&rsquo;antis\u00e9mitisme, et son \u00e9volution permanente\u00a0sous de nouvelles formes malignes \u00bb.<\/li>\n<li><a href=\"http:\/\/www.michaellaitman.com\/books\/a-guide-to-the-new-world\/\"> <i>A Guide to the New World: why mutual guarantee is the key to our recovery from the global crisis<\/i><\/a> (<em>Un guide pour un monde nouveau : pourquoi la\u00a0solidarit\u00e9 est la cl\u00e9 pour sortir de\u00a0la crise mondiale<\/em>)\u00a0\u00a0il est \u00e9crit dans l\u2019avant-propos : \u00ab \u00a0Il ne fait aucun doute que le livre est provocateur et rafra\u00eechissant dans son approche de la mondialisation,\u00a0comme force potentielle pour un changement positif \u00bb.<\/li>\n<li><a href=\"http:\/\/www.michaellaitman.com\/books\/self-interest-vs-altruism\/\"> <i>Self-Interest vs. Altruism in the Global Era<\/i><\/a>\u00a0(<em>Int\u00e9r\u00eat personnel contre Altruisme \u00e0 l&rsquo;\u00e8re de la mondialisation)<\/em>\u00a0que la critique <i>Midwest Book Review<\/i> a salu\u00e9 par les mots suivants : \u00abUne lecture recommand\u00e9e, qui pr\u00e9sente l&rsquo;avenir de la soci\u00e9t\u00e9 reposant sur la coop\u00e9ration [&#8230;] indiquant qu&rsquo;une grande partie de la d\u00e9cadence\u00a0de la soci\u00e9t\u00e9 au cours des derni\u00e8res d\u00e9cennies est le r\u00e9sultat du narcissisme et de la cupidit\u00e9.\u00bb.<\/li>\n<\/ul>\n<p>Le Dr Laitman coop\u00e8re \u00e9troitement avec de nombreux instituts de recherche internationaux. Il a \u00e9t\u00e9 invit\u00e9 \u00e0 rejoindre le World Wisdom Council (WWC), un think tank\u00a0organis\u00e9 par le Club de Budapest et dirig\u00e9 par le Professeur Ervin Laszlo, nomin\u00e9 pour le Prix Nobel de la paix en 2004 et 2005. D&rsquo;autres personnalit\u00e9s notables de ce Conseil sont l&rsquo;ancien pr\u00e9sident de l&rsquo;Union sovi\u00e9tique Micha\u00ebl Gorbatchev, la primatologue Jane Goodall et le compositeur et interpr\u00e8te de renom, Peter Gabriel.<\/p>\n<p>Ces derni\u00e8res ann\u00e9es, Micha\u00ebl Laitman\u00a0a particip\u00e9 \u00e0 plusieurs \u00e9v\u00e9nements internationaux avec le WWC\u00a0et la Fondation Goi Peace \u00e0 Tokyo, Arosa (Suisse), D\u00fcsseldorf (Allemagne), et au Forum Universel des Cultures \u00e0 Monterrey (Mexique), organis\u00e9 avec le soutien de l\u2019UNESCO. Le but de tous ces \u00e9v\u00e9nements \u00e9tait de s&rsquo;engager dans un dialogue constructif sur la crise mondiale et d&rsquo;amorcer un changement positif dans l&rsquo;opinion mondiale. Dans le cadre de ces efforts, il se r\u00e9unit r\u00e9guli\u00e8rement avec les leaders mondiaux tels que la Directrice g\u00e9n\u00e9rale de l&rsquo;UNESCO Mme Irina Bokova, qui l&rsquo;a qualifi\u00e9 de \u00ab v\u00e9ritable visionnaire \u00bb, et la Vice-Secr\u00e9taire g\u00e9n\u00e9rale des Nations Unies, le Dr Asha-Rose Migiro.<\/p>\n<p>Les articles et les interviews de Micha\u00ebl Laitman sont apparus dans\u00a0des m\u00e9dias tels que Bloomberg TV, Fox News (Radio), The Chicago Tribune, <i>Il Corriere della Sera<\/i>, et <i>The Miami Herald<\/i>.<\/p>\n<p>Il est mari\u00e9 \u00e0 Olga, a trois enfants et quatre petits-enfants.<\/p>\n<p>&nbsp;<\/p>\n","protected":false},"excerpt":{"rendered":"<p>&nbsp; Micha\u00ebl Laitman est Professeur d&rsquo;Ontologie et de la Th\u00e9orie de la Connaissance, et est titulaire d\u2019un doctorat en Philosophie et Kabbale, et poss\u00e8de une Ma\u00eetrise en M\u00e9decine Biocybern\u00e9tique. Fondateur et pr\u00e9sident de l&rsquo;Institut ARI et de l\u2019Institut de Recherche<span class=\"ellipsis\">&hellip;<\/span><\/p>\n<div class=\"read-more\"><a href=\"https:\/\/www.michaellaitman.com\/fr\/about\/\">Lire la suite &#8250;<\/a><\/div>\n<p><!-- end of .read-more --><\/p>\n","protected":false},"author":1,"featured_media":0,"parent":0,"menu_order":9,"comment_status":"open","ping_status":"open","template":"content-sidebar-page.php","meta":{"ngg_post_thumbnail":0,"footnotes":""},"class_list":["post-105","page","type-page","status-publish","hentry"],"_links":{"self":[{"href":"https:\/\/www.michaellaitman.com\/fr\/wp-json\/wp\/v2\/pages\/105","targetHints":{"allow":["GET"]}}],"collection":[{"href":"https:\/\/www.michaellaitman.com\/fr\/wp-json\/wp\/v2\/pages"}],"about":[{"href":"https:\/\/www.michaellaitman.com\/fr\/wp-json\/wp\/v2\/types\/page"}],"author":[{"embeddable":true,"href":"https:\/\/www.michaellaitman.com\/fr\/wp-json\/wp\/v2\/users\/1"}],"replies":[{"embeddable":true,"href":"https:\/\/www.michaellaitman.com\/fr\/wp-json\/wp\/v2\/comments?post=105"}],"version-history":[{"count":3,"href":"https:\/\/www.michaellaitman.com\/fr\/wp-json\/wp\/v2\/pages\/105\/revisions"}],"predecessor-version":[{"id":611,"href":"https:\/\/www.michaellaitman.com\/fr\/wp-json\/wp\/v2\/pages\/105\/revisions\/611"}],"wp:attachment":[{"href":"https:\/\/www.michaellaitman.com\/fr\/wp-json\/wp\/v2\/media?parent=105"}],"curies":[{"name":"wp","href":"https:\/\/api.w.org\/{rel}","templated":true}]}}