{"id":10,"date":"2012-09-19T11:29:28","date_gmt":"2012-09-19T11:29:28","guid":{"rendered":"http:\/\/dev.michaellaitman.kbb1.com\/?page_id=10"},"modified":"2015-02-08T09:58:44","modified_gmt":"2015-02-08T08:58:44","slug":"economic-outlook","status":"publish","type":"page","link":"https:\/\/www.michaellaitman.com\/fr\/person\/economic-outlook\/","title":{"rendered":"Perspective \u00e9conomique"},"content":{"rendered":"<div id=\"attachment_128\" style=\"width: 210px\" class=\"wp-caption alignleft\"><a href=\"http:\/\/www.michaellaitman.com\/fr\/person\/economic-outlook\/index_img_5\/\" rel=\"attachment wp-att-128\"><img loading=\"lazy\" decoding=\"async\" aria-describedby=\"caption-attachment-128\" class=\"size-full wp-image-128\" src=\"http:\/\/www.michaellaitman.com\/fr\/wp-content\/uploads\/2012\/09\/index_img_5.jpg\" alt=\"Interview with Mike Schneider, from &quot;Night Talk&quot;, on Bloomberg TV\" width=\"200\" height=\"161\" \/><\/a><p id=\"caption-attachment-128\" class=\"wp-caption-text\">Interview\u00a0avec \u00a0Mike Schneider, de\u00a0\u00bbNight Talk\u00a0\u00bb, sur Bloomberg TV<\/p><\/div>\n<p>Si nous\u00a0comprenions\u00a0l&rsquo;impact\u00a0des relations humaines sur l&rsquo;\u00e9conomie, nous pourrions alors construire\u00a0des mod\u00e8les \u00e9conomiques\u00a0plus efficaces et plus stables.\u00a0Quand les syst\u00e8mes \u00e9conomiques et financiers s&rsquo;adapteront \u00e0 une r\u00e9alit\u00e9 int\u00e9gralement mondialis\u00e9e, dans laquelle les liens \u00e9conomiques transnationaux cr\u00e9ent une v\u00e9ritable d\u00e9pendance mutuelle au-del\u00e0 des fronti\u00e8res politiques et g\u00e9ographiques,\u00a0ce n&rsquo;est qu&rsquo;alors qu&rsquo;ils\u00a0apporteront\u00a0la stabilit\u00e9 n\u00e9cessaire \u00e0 notre soci\u00e9t\u00e9.<\/p>\n<p>Non seulement l&rsquo;\u00e9conomie doit changer pour refl\u00e9ter la r\u00e9alit\u00e9 des relations humaines, mais \u00e9galement, l&rsquo;ensemble de la communaut\u00e9 internationale doit apporter des solutions pour restructurer la soci\u00e9t\u00e9\u00a0d&rsquo;aujourd&rsquo;hui vers davantage de civisme,\u00a0de coh\u00e9sion sociale, de respect mutuel, et d&rsquo;unit\u00e9.\u00a0Dans un tel contexte de changement social, un nouveau paradigme \u00e9conomique humain sera plus facile\u00a0\u00e0 adopter.<\/p>\n","protected":false},"excerpt":{"rendered":"<p>Si nous\u00a0comprenions\u00a0l&rsquo;impact\u00a0des relations humaines sur l&rsquo;\u00e9conomie, nous pourrions alors construire\u00a0des mod\u00e8les \u00e9conomiques\u00a0plus efficaces et plus stables.\u00a0Quand les syst\u00e8mes \u00e9conomiques et financiers s&rsquo;adapteront \u00e0 une r\u00e9alit\u00e9 int\u00e9gralement mondialis\u00e9e, dans laquelle les liens \u00e9conomiques transnationaux cr\u00e9ent une v\u00e9ritable d\u00e9pendance mutuelle au-del\u00e0 des<span class=\"ellipsis\">&hellip;<\/span><\/p>\n<div class=\"read-more\"><a href=\"https:\/\/www.michaellaitman.com\/fr\/person\/economic-outlook\/\">Lire la suite &#8250;<\/a><\/div>\n<p><!-- end of .read-more --><\/p>\n","protected":false},"author":1,"featured_media":0,"parent":56,"menu_order":3,"comment_status":"open","ping_status":"open","template":"sidebar-content-page.php","meta":{"ngg_post_thumbnail":0,"footnotes":""},"class_list":["post-10","page","type-page","status-publish","hentry"],"_links":{"self":[{"href":"https:\/\/www.michaellaitman.com\/fr\/wp-json\/wp\/v2\/pages\/10","targetHints":{"allow":["GET"]}}],"collection":[{"href":"https:\/\/www.michaellaitman.com\/fr\/wp-json\/wp\/v2\/pages"}],"about":[{"href":"https:\/\/www.michaellaitman.com\/fr\/wp-json\/wp\/v2\/types\/page"}],"author":[{"embeddable":true,"href":"https:\/\/www.michaellaitman.com\/fr\/wp-json\/wp\/v2\/users\/1"}],"replies":[{"embeddable":true,"href":"https:\/\/www.michaellaitman.com\/fr\/wp-json\/wp\/v2\/comments?post=10"}],"version-history":[{"count":0,"href":"https:\/\/www.michaellaitman.com\/fr\/wp-json\/wp\/v2\/pages\/10\/revisions"}],"up":[{"embeddable":true,"href":"https:\/\/www.michaellaitman.com\/fr\/wp-json\/wp\/v2\/pages\/56"}],"wp:attachment":[{"href":"https:\/\/www.michaellaitman.com\/fr\/wp-json\/wp\/v2\/media?parent=10"}],"curies":[{"name":"wp","href":"https:\/\/api.w.org\/{rel}","templated":true}]}}