{"id":96,"date":"2012-09-25T06:20:49","date_gmt":"2012-09-25T06:20:49","guid":{"rendered":"http:\/\/dev.michaellaitman.kbb1.com\/?page_id=96"},"modified":"2012-11-26T02:34:09","modified_gmt":"2012-11-26T02:34:09","slug":"salud","status":"publish","type":"page","link":"https:\/\/www.michaellaitman.com\/es\/educacion-integral\/salud\/","title":{"rendered":"Salud"},"content":{"rendered":"<p>Muchos art\u00edculos cient\u00edficos han sido publicados recientemente indicando c\u00f3mo las enfermedades y problemas de salud pueden ser reducidas significativamente mediante el mantenimiento de las relaciones correctas entre nosotros.\u00a0Por supuesto, esto significa un menor n\u00famero de asesinatos, violaciones, actos de violencia, y otro tipo de tensiones sociales y, en consecuencia, se reflejar\u00e1 en la salud general de las personas en la sociedad.<br \/>\nNuestros problemas surgen de un desequilibrio interno, por lo que, cuando se logra el balance en nuestras relaciones, todos los sistemas comienzan a funcionar armoniosamente.<\/p>\n<div align=\"center\">\n<hr align=\"center\" noshade=\"noshade\" size=\"2\" width=\"491\" \/>\n<\/div>\n<p>La educaci\u00f3n integral debe abarcar todos los aspectos de nuestras vidas para que nos gu\u00ede hacia un desarrollo correcto.\u00a0Esta revoluci\u00f3n en nuestra conciencia eventualmente asegurar\u00e1 condiciones m\u00e1s saludables en nuestra sociedad.<\/p>\n<p><!-- embed talk #68 --><\/p>\n<ul class=\"nav nav-tabs\">\n<li><a class=\"cu-icon-play\" href=\"#video\"><em><\/em>Watch the video<\/a><\/li>\n<li><a class=\"cu-icon-listen\" href=\"#listen\"><em><\/em>Listen to the audio<\/a><\/li>\n<\/ul>\n<div class=\"tab-content\">\n<div class=\"tab-pane fade\"><\/div>\n<div class=\"tab-pane fade\">\n<!--[if lt IE 9]><script>document.createElement('audio');<\/script><![endif]-->\n<audio class=\"wp-audio-shortcode\" id=\"audio-96-1\" preload=\"none\" style=\"width: 100%;\" controls=\"controls\"><source type=\"audio\/mpeg\" src=\"http:\/\/files.kabbalahmedia.info\/audio\/eng_t_rav_2012-09-05_program_haim-hadashim_n68.mp3?_=1\" \/><a href=\"http:\/\/files.kabbalahmedia.info\/audio\/eng_t_rav_2012-09-05_program_haim-hadashim_n68.mp3\">http:\/\/files.kabbalahmedia.info\/audio\/eng_t_rav_2012-09-05_program_haim-hadashim_n68.mp3<\/a><\/audio>\n<\/div>\n<\/div>\n","protected":false},"excerpt":{"rendered":"<p>Muchos art\u00edculos cient\u00edficos han sido publicados recientemente indicando c\u00f3mo las enfermedades y problemas de salud pueden ser reducidas significativamente mediante el mantenimiento de las relaciones correctas entre nosotros.\u00a0Por supuesto, esto significa un menor n\u00famero de asesinatos, violaciones, actos de violencia,<span class=\"ellipsis\">&hellip;<\/span><\/p>\n<div class=\"read-more\"><a href=\"https:\/\/www.michaellaitman.com\/es\/educacion-integral\/salud\/\">Leer m\u00e1s \u203a<\/a><\/div>\n<p><!-- end of .read-more --><\/p>\n","protected":false},"author":1,"featured_media":0,"parent":64,"menu_order":6,"comment_status":"open","ping_status":"closed","template":"sidebar-content-page.php","meta":{"ngg_post_thumbnail":0,"footnotes":""},"class_list":["post-96","page","type-page","status-publish","hentry"],"_links":{"self":[{"href":"https:\/\/www.michaellaitman.com\/es\/wp-json\/wp\/v2\/pages\/96","targetHints":{"allow":["GET"]}}],"collection":[{"href":"https:\/\/www.michaellaitman.com\/es\/wp-json\/wp\/v2\/pages"}],"about":[{"href":"https:\/\/www.michaellaitman.com\/es\/wp-json\/wp\/v2\/types\/page"}],"author":[{"embeddable":true,"href":"https:\/\/www.michaellaitman.com\/es\/wp-json\/wp\/v2\/users\/1"}],"replies":[{"embeddable":true,"href":"https:\/\/www.michaellaitman.com\/es\/wp-json\/wp\/v2\/comments?post=96"}],"version-history":[{"count":1,"href":"https:\/\/www.michaellaitman.com\/es\/wp-json\/wp\/v2\/pages\/96\/revisions"}],"predecessor-version":[{"id":160,"href":"https:\/\/www.michaellaitman.com\/es\/wp-json\/wp\/v2\/pages\/96\/revisions\/160"}],"up":[{"embeddable":true,"href":"https:\/\/www.michaellaitman.com\/es\/wp-json\/wp\/v2\/pages\/64"}],"wp:attachment":[{"href":"https:\/\/www.michaellaitman.com\/es\/wp-json\/wp\/v2\/media?parent=96"}],"curies":[{"name":"wp","href":"https:\/\/api.w.org\/{rel}","templated":true}]}}