{"id":95,"date":"2012-09-25T06:19:53","date_gmt":"2012-09-25T06:19:53","guid":{"rendered":"http:\/\/dev.michaellaitman.kbb1.com\/?page_id=95"},"modified":"2012-11-26T02:43:40","modified_gmt":"2012-11-26T02:43:40","slug":"money","status":"publish","type":"page","link":"https:\/\/www.michaellaitman.com\/es\/educacion-integral\/money\/","title":{"rendered":"Dinero"},"content":{"rendered":"<div>\n<p>El mundo de hoy est\u00e1 en una encrucijada.\u00a0La inestabilidad econ\u00f3mica, el fracaso pol\u00edtico, y el malestar social se est\u00e1n extendiendo a trav\u00e9s de los continentes, indicando una transformaci\u00f3n global ocurriendo en la humanidad.\u00a0La naturaleza de esta transformaci\u00f3n es que el mundo se est\u00e1 volviendo cada vez m\u00e1s interconectado e interdependiente.<\/p>\n<p>Son nuestros deseos los que hacen que el mundo gire.\u00a0El dinero cubre un deseo y luego lo cancela y este ciclo se repite una y otra vez.\u00a0Nos encontramos constantemente corriendo tras el placer hasta que morimos, y esta es nuestra vida entera.\u00a0\u00bfD\u00f3nde est\u00e1 el placer duradero en eso?\u00a0El \u00fanico placer duradero es nuestra conexi\u00f3n social.<\/p>\n<\/div>\n<div><\/div>\n<ul class=\"nav nav-tabs\">\n<li><a class=\"cu-icon-play\" href=\"#video\">Watch the video<\/a><\/li>\n<li><a class=\"cu-icon-listen\" href=\"#listen\"><em><\/em>Listen to the audio<\/a><\/li>\n<\/ul>\n<div class=\"tab-content\">\n<div class=\"tab-pane fade\"><\/div>\n<div class=\"tab-pane fade\">\n<a class=\"wp-embedded-audio\" href=\"http:\/\/files.kabbalahmedia.info\/video\/eng_t_rav_2012-09-02_program_haim-hadashim_n64.wmv\">http:\/\/files.kabbalahmedia.info\/video\/eng_t_rav_2012-09-02_program_haim-hadashim_n64.wmv<\/a>\n<\/div>\n<\/div>\n","protected":false},"excerpt":{"rendered":"<p>El mundo de hoy est\u00e1 en una encrucijada.\u00a0La inestabilidad econ\u00f3mica, el fracaso pol\u00edtico, y el malestar social se est\u00e1n extendiendo a trav\u00e9s de los continentes, indicando una transformaci\u00f3n global ocurriendo en la humanidad.\u00a0La naturaleza de esta transformaci\u00f3n es que el<span class=\"ellipsis\">&hellip;<\/span><\/p>\n<div class=\"read-more\"><a href=\"https:\/\/www.michaellaitman.com\/es\/educacion-integral\/money\/\">Leer m\u00e1s \u203a<\/a><\/div>\n<p><!-- end of .read-more --><\/p>\n","protected":false},"author":1,"featured_media":0,"parent":64,"menu_order":5,"comment_status":"open","ping_status":"closed","template":"sidebar-content-page.php","meta":{"ngg_post_thumbnail":0,"footnotes":""},"class_list":["post-95","page","type-page","status-publish","hentry"],"_links":{"self":[{"href":"https:\/\/www.michaellaitman.com\/es\/wp-json\/wp\/v2\/pages\/95","targetHints":{"allow":["GET"]}}],"collection":[{"href":"https:\/\/www.michaellaitman.com\/es\/wp-json\/wp\/v2\/pages"}],"about":[{"href":"https:\/\/www.michaellaitman.com\/es\/wp-json\/wp\/v2\/types\/page"}],"author":[{"embeddable":true,"href":"https:\/\/www.michaellaitman.com\/es\/wp-json\/wp\/v2\/users\/1"}],"replies":[{"embeddable":true,"href":"https:\/\/www.michaellaitman.com\/es\/wp-json\/wp\/v2\/comments?post=95"}],"version-history":[{"count":0,"href":"https:\/\/www.michaellaitman.com\/es\/wp-json\/wp\/v2\/pages\/95\/revisions"}],"up":[{"embeddable":true,"href":"https:\/\/www.michaellaitman.com\/es\/wp-json\/wp\/v2\/pages\/64"}],"wp:attachment":[{"href":"https:\/\/www.michaellaitman.com\/es\/wp-json\/wp\/v2\/media?parent=95"}],"curies":[{"name":"wp","href":"https:\/\/api.w.org\/{rel}","templated":true}]}}