{"id":94,"date":"2012-09-25T06:19:28","date_gmt":"2012-09-25T06:19:28","guid":{"rendered":"http:\/\/dev.michaellaitman.kbb1.com\/?page_id=94"},"modified":"2012-11-26T03:23:21","modified_gmt":"2012-11-26T03:23:21","slug":"escenarios-de-emergencia","status":"publish","type":"page","link":"https:\/\/www.michaellaitman.com\/es\/educacion-integral\/escenarios-de-emergencia\/","title":{"rendered":"Escenarios de Emergencia"},"content":{"rendered":"<p>No podremos resolver ninguna cuesti\u00f3n nacional sin la unidad. Tenemos que entender que solo el hombre tiene libre elecci\u00f3n en el trabajo hacia la unidad, de mejorar la conexi\u00f3n entre todas las partes de la realidad con su buena participaci\u00f3n. Si el hombre, la \u00fanica criatura con esta habilidad, trata de traer todas las fuerzas en el sistema a un balance, para lograr la tranquilidad, entonces tiene\u00a0 el poder de librarse de todos los problemas y crisis.<\/p>\n<p>La falta de equilibrio entre la humanidad y la naturaleza ha llegado a un punto en el que pone en peligro nuestra supervivencia. Es la \u00fanica manera en que la naturaleza puede despertarnos al entendimiento de que debemos cambiar.\u00a0 Esta amenaza de seguridad, que es crucial para la existencia del hombre, es el resultado de pensar solo en nosotros mismos.<\/p>\n<div class=\"tab-content\">\n<div class=\"tab-pane fade\"><\/div>\n<div class=\"tab-pane fade\">\n<p>&nbsp;<\/p>\n<\/div>\n<\/div>\n","protected":false},"excerpt":{"rendered":"<p>No podremos resolver ninguna cuesti\u00f3n nacional sin la unidad. Tenemos que entender que solo el hombre tiene libre elecci\u00f3n en el trabajo hacia la unidad, de mejorar la conexi\u00f3n entre todas las partes de la realidad con su buena participaci\u00f3n.<span class=\"ellipsis\">&hellip;<\/span><\/p>\n<div class=\"read-more\"><a href=\"https:\/\/www.michaellaitman.com\/es\/educacion-integral\/escenarios-de-emergencia\/\">Leer m\u00e1s \u203a<\/a><\/div>\n<p><!-- end of .read-more --><\/p>\n","protected":false},"author":1,"featured_media":0,"parent":64,"menu_order":4,"comment_status":"open","ping_status":"open","template":"sidebar-content-page.php","meta":{"ngg_post_thumbnail":0,"footnotes":""},"class_list":["post-94","page","type-page","status-publish","hentry"],"_links":{"self":[{"href":"https:\/\/www.michaellaitman.com\/es\/wp-json\/wp\/v2\/pages\/94","targetHints":{"allow":["GET"]}}],"collection":[{"href":"https:\/\/www.michaellaitman.com\/es\/wp-json\/wp\/v2\/pages"}],"about":[{"href":"https:\/\/www.michaellaitman.com\/es\/wp-json\/wp\/v2\/types\/page"}],"author":[{"embeddable":true,"href":"https:\/\/www.michaellaitman.com\/es\/wp-json\/wp\/v2\/users\/1"}],"replies":[{"embeddable":true,"href":"https:\/\/www.michaellaitman.com\/es\/wp-json\/wp\/v2\/comments?post=94"}],"version-history":[{"count":0,"href":"https:\/\/www.michaellaitman.com\/es\/wp-json\/wp\/v2\/pages\/94\/revisions"}],"up":[{"embeddable":true,"href":"https:\/\/www.michaellaitman.com\/es\/wp-json\/wp\/v2\/pages\/64"}],"wp:attachment":[{"href":"https:\/\/www.michaellaitman.com\/es\/wp-json\/wp\/v2\/media?parent=94"}],"curies":[{"name":"wp","href":"https:\/\/api.w.org\/{rel}","templated":true}]}}