{"id":93,"date":"2012-09-25T06:18:02","date_gmt":"2012-09-25T06:18:02","guid":{"rendered":"http:\/\/dev.michaellaitman.kbb1.com\/?page_id=93"},"modified":"2012-11-26T03:22:28","modified_gmt":"2012-11-26T03:22:28","slug":"mutua-responsabilidad-social","status":"publish","type":"page","link":"https:\/\/www.michaellaitman.com\/es\/educacion-integral\/mutua-responsabilidad-social\/","title":{"rendered":"Mutua Responsabilidad Social"},"content":{"rendered":"<p>La Mutua responsabilidad que nace de la consideraci\u00f3n, de la comprensi\u00f3n de que la conexi\u00f3n entre nosotros es la fuente de nuestra seguridad, es la \u00fanica manera que tenemos para avanzar en la nueva era.<\/p>\n<p>No hay esperanza para la humanidad en el mundo global e integral, en donde estamos conectados unos a otros a trav\u00e9s del efecto mariposa, sin sentir la mutua conexi\u00f3n del bien, del calor, y la seguridad residiendo entre nosotros. Es esta misma red que debe revelarnos c\u00f3mo es que somos una familia.\u00a0Un formato \u00fanico al que la naturaleza nos est\u00e1 llevando.<\/p>\n<div align=\"center\"><\/div>\n<p>En cada sistema, cada componente es parte del sistema y tiene que realizar su trabajo y mantener a sus obligaciones para con las otras partes.<\/p>\n<p>&nbsp;<\/p>\n<div class=\"tab-content\">\n<div class=\"tab-pane fade\"><\/div>\n<div class=\"tab-pane fade\">\n<p>&nbsp;<\/p>\n<\/div>\n<\/div>\n","protected":false},"excerpt":{"rendered":"<p>La Mutua responsabilidad que nace de la consideraci\u00f3n, de la comprensi\u00f3n de que la conexi\u00f3n entre nosotros es la fuente de nuestra seguridad, es la \u00fanica manera que tenemos para avanzar en la nueva era. No hay esperanza para la<span class=\"ellipsis\">&hellip;<\/span><\/p>\n<div class=\"read-more\"><a href=\"https:\/\/www.michaellaitman.com\/es\/educacion-integral\/mutua-responsabilidad-social\/\">Leer m\u00e1s \u203a<\/a><\/div>\n<p><!-- end of .read-more --><\/p>\n","protected":false},"author":1,"featured_media":0,"parent":64,"menu_order":3,"comment_status":"open","ping_status":"open","template":"sidebar-content-page.php","meta":{"ngg_post_thumbnail":0,"footnotes":""},"class_list":["post-93","page","type-page","status-publish","hentry"],"_links":{"self":[{"href":"https:\/\/www.michaellaitman.com\/es\/wp-json\/wp\/v2\/pages\/93","targetHints":{"allow":["GET"]}}],"collection":[{"href":"https:\/\/www.michaellaitman.com\/es\/wp-json\/wp\/v2\/pages"}],"about":[{"href":"https:\/\/www.michaellaitman.com\/es\/wp-json\/wp\/v2\/types\/page"}],"author":[{"embeddable":true,"href":"https:\/\/www.michaellaitman.com\/es\/wp-json\/wp\/v2\/users\/1"}],"replies":[{"embeddable":true,"href":"https:\/\/www.michaellaitman.com\/es\/wp-json\/wp\/v2\/comments?post=93"}],"version-history":[{"count":1,"href":"https:\/\/www.michaellaitman.com\/es\/wp-json\/wp\/v2\/pages\/93\/revisions"}],"predecessor-version":[{"id":165,"href":"https:\/\/www.michaellaitman.com\/es\/wp-json\/wp\/v2\/pages\/93\/revisions\/165"}],"up":[{"embeddable":true,"href":"https:\/\/www.michaellaitman.com\/es\/wp-json\/wp\/v2\/pages\/64"}],"wp:attachment":[{"href":"https:\/\/www.michaellaitman.com\/es\/wp-json\/wp\/v2\/media?parent=93"}],"curies":[{"name":"wp","href":"https:\/\/api.w.org\/{rel}","templated":true}]}}