{"id":92,"date":"2012-09-25T06:17:28","date_gmt":"2012-09-25T06:17:28","guid":{"rendered":"http:\/\/dev.michaellaitman.kbb1.com\/?page_id=92"},"modified":"2012-11-26T02:39:49","modified_gmt":"2012-11-26T02:39:49","slug":"global-economy","status":"publish","type":"page","link":"https:\/\/www.michaellaitman.com\/es\/educacion-integral\/global-economy\/","title":{"rendered":"Econom\u00eda Global"},"content":{"rendered":"<p>En la realidad globalizada de hoy en d\u00eda todos ganamos o perdemos porque somos interdependientes. Cuando el n\u00famero suficiente de personas en el mundo abran los ojos a los hechos de la globalizaci\u00f3n y la responsabilidad mutua, se desarrollar\u00e1 un cambio importante.\u00a0 Los pa\u00edses y las personas ya no se explotar\u00e1n las unas a las otras;\u00a0 los consorcios gigantescos ya no explotar\u00e1n a millones de trabajadores mal pagados en todo el mundo;\u00a0 ya no habr\u00e1 m\u00e1s ni\u00f1os muertos por el hambre o por enfermedades que pueden ser tratadas con antibi\u00f3ticos comunes, y las mujeres ya no ser\u00e1n abusadas simplemente porque son mujeres. De hecho,\u00a0 en un mundo donde las personas se dan cuenta de que su propio bienestar depende del bienestar de los dem\u00e1s, ellas cuidar\u00e1n del resto, quienes los cuidar\u00e1n a cambio.<\/p>\n<p>Debemos remplazar nuestra fuente ego\u00edsta que dirige todo lo que hacemos y hace que peleemos con la naturaleza, con la fuente altruista que nos conecta a la naturaleza. En otras palabras debemos forjar un nuevo sistema de unidad entre toda la humanidad, y la naturaleza, rode\u00e1ndonos de tal manera que todos estemos obligados a\u00a0 estar equilibrados y unidos en lugar de estar en oposici\u00f3n. Ya que cuando cada uno piensa solo en s\u00ed mismo a expensas de la naturaleza, vemos cu\u00e1nto nos cuesta ese comportamiento.<\/p>\n<p><!-- embed talk #67 --><\/p>\n<ul class=\"nav nav-tabs\">\n<li><a class=\"cu-icon-play\" href=\"#video\"><em><\/em>Watch the video<\/a><\/li>\n<li><a class=\"cu-icon-listen\" href=\"#listen\"><em><\/em>Listen to the audio<\/a><\/li>\n<\/ul>\n<div class=\"tab-content\">\n<div class=\"tab-pane fade\"><\/div>\n<div class=\"tab-pane fade\">\n<!--[if lt IE 9]><script>document.createElement('audio');<\/script><![endif]-->\n<audio class=\"wp-audio-shortcode\" id=\"audio-92-1\" preload=\"none\" style=\"width: 100%;\" controls=\"controls\"><source type=\"audio\/mpeg\" src=\"http:\/\/files.kabbalahmedia.info\/audio\/eng_t_rav_2012-09-05_program_haim-hadashim_n67.mp3?_=1\" \/><a href=\"http:\/\/files.kabbalahmedia.info\/audio\/eng_t_rav_2012-09-05_program_haim-hadashim_n67.mp3\">http:\/\/files.kabbalahmedia.info\/audio\/eng_t_rav_2012-09-05_program_haim-hadashim_n67.mp3<\/a><\/audio>\n<\/div>\n<\/div>\n","protected":false},"excerpt":{"rendered":"<p>En la realidad globalizada de hoy en d\u00eda todos ganamos o perdemos porque somos interdependientes. Cuando el n\u00famero suficiente de personas en el mundo abran los ojos a los hechos de la globalizaci\u00f3n y la responsabilidad mutua, se desarrollar\u00e1 un<span class=\"ellipsis\">&hellip;<\/span><\/p>\n<div class=\"read-more\"><a href=\"https:\/\/www.michaellaitman.com\/es\/educacion-integral\/global-economy\/\">Leer m\u00e1s \u203a<\/a><\/div>\n<p><!-- end of .read-more --><\/p>\n","protected":false},"author":1,"featured_media":0,"parent":64,"menu_order":2,"comment_status":"open","ping_status":"open","template":"sidebar-content-page.php","meta":{"ngg_post_thumbnail":0,"footnotes":""},"class_list":["post-92","page","type-page","status-publish","hentry"],"_links":{"self":[{"href":"https:\/\/www.michaellaitman.com\/es\/wp-json\/wp\/v2\/pages\/92","targetHints":{"allow":["GET"]}}],"collection":[{"href":"https:\/\/www.michaellaitman.com\/es\/wp-json\/wp\/v2\/pages"}],"about":[{"href":"https:\/\/www.michaellaitman.com\/es\/wp-json\/wp\/v2\/types\/page"}],"author":[{"embeddable":true,"href":"https:\/\/www.michaellaitman.com\/es\/wp-json\/wp\/v2\/users\/1"}],"replies":[{"embeddable":true,"href":"https:\/\/www.michaellaitman.com\/es\/wp-json\/wp\/v2\/comments?post=92"}],"version-history":[{"count":0,"href":"https:\/\/www.michaellaitman.com\/es\/wp-json\/wp\/v2\/pages\/92\/revisions"}],"up":[{"embeddable":true,"href":"https:\/\/www.michaellaitman.com\/es\/wp-json\/wp\/v2\/pages\/64"}],"wp:attachment":[{"href":"https:\/\/www.michaellaitman.com\/es\/wp-json\/wp\/v2\/media?parent=92"}],"curies":[{"name":"wp","href":"https:\/\/api.w.org\/{rel}","templated":true}]}}