{"id":91,"date":"2012-09-25T06:16:52","date_gmt":"2012-09-25T06:16:52","guid":{"rendered":"http:\/\/dev.michaellaitman.kbb1.com\/?page_id=91"},"modified":"2013-06-18T17:41:23","modified_gmt":"2013-06-18T17:41:23","slug":"principles-of-integral-education","status":"publish","type":"page","link":"https:\/\/www.michaellaitman.com\/es\/educacion-integral\/principles-of-integral-education\/","title":{"rendered":"Principios de la Educaci\u00f3n Integral"},"content":{"rendered":"<blockquote>\n<p style=\"text-align: justify\"><span style=\"color: #888888\"><strong>Mientras nos estamos volviendo globalmente interdependientes, la mentalidad del egocentrismo todav\u00eda constituye el paradigma predominante. Nuestra interdependencia ha llagado a ser un hecho en la vida. Pero nosotros, nuestra forma de pensar y nuestros valores, todav\u00eda est\u00e1n bloqueados en el viejo paradigma.<\/strong><\/span><\/p>\n<\/blockquote>\n<p style=\"text-align: justify\">Por lo tanto, el camino hacia una soluci\u00f3n viable\u00a0 para la crisis que la humanidad enfrenta hoy en d\u00eda, debe empezar aline\u00e1ndonos con las nuevas condiciones emergentes: Debemos educar y promovernos a aceptar la dependencia y responsabilidad mutua por los dem\u00e1s.<\/p>\n<p style=\"text-align: justify\">Educaci\u00f3n significa informar a las personas acerca de la nueva era de la globalizaci\u00f3n, la dependencia mutua y la responsabilidad compartida, de la cual todos nosotros somos parte. C\u00f3mo podemos aprender de la naturaleza, la unidad, la reciprocidad y la responsabilidad mutua son prerrequisitos para la vida.\u00a0 Ning\u00fan organismo sobrevive sin que sus c\u00e9lulas operen en armon\u00eda. Del mismo modo, ning\u00fan ecosistema prospera si uno de sus elementos se retira.<\/p>\n<p><code>[youtube http:\/\/www.youtube.com\/watch?v=iu8VhnG9mTI]<\/code><\/p>\n","protected":false},"excerpt":{"rendered":"<p>Mientras nos estamos volviendo globalmente interdependientes, la mentalidad del egocentrismo todav\u00eda constituye el paradigma predominante. Nuestra interdependencia ha llagado a ser un hecho en la vida. Pero nosotros, nuestra forma de pensar y nuestros valores, todav\u00eda est\u00e1n bloqueados en el<span class=\"ellipsis\">&hellip;<\/span><\/p>\n<div class=\"read-more\"><a href=\"https:\/\/www.michaellaitman.com\/es\/educacion-integral\/principles-of-integral-education\/\">Leer m\u00e1s \u203a<\/a><\/div>\n<p><!-- end of .read-more --><\/p>\n","protected":false},"author":1,"featured_media":0,"parent":64,"menu_order":1,"comment_status":"open","ping_status":"open","template":"sidebar-content-page.php","meta":{"ngg_post_thumbnail":0,"footnotes":""},"class_list":["post-91","page","type-page","status-publish","hentry"],"_links":{"self":[{"href":"https:\/\/www.michaellaitman.com\/es\/wp-json\/wp\/v2\/pages\/91","targetHints":{"allow":["GET"]}}],"collection":[{"href":"https:\/\/www.michaellaitman.com\/es\/wp-json\/wp\/v2\/pages"}],"about":[{"href":"https:\/\/www.michaellaitman.com\/es\/wp-json\/wp\/v2\/types\/page"}],"author":[{"embeddable":true,"href":"https:\/\/www.michaellaitman.com\/es\/wp-json\/wp\/v2\/users\/1"}],"replies":[{"embeddable":true,"href":"https:\/\/www.michaellaitman.com\/es\/wp-json\/wp\/v2\/comments?post=91"}],"version-history":[{"count":1,"href":"https:\/\/www.michaellaitman.com\/es\/wp-json\/wp\/v2\/pages\/91\/revisions"}],"predecessor-version":[{"id":164,"href":"https:\/\/www.michaellaitman.com\/es\/wp-json\/wp\/v2\/pages\/91\/revisions\/164"}],"up":[{"embeddable":true,"href":"https:\/\/www.michaellaitman.com\/es\/wp-json\/wp\/v2\/pages\/64"}],"wp:attachment":[{"href":"https:\/\/www.michaellaitman.com\/es\/wp-json\/wp\/v2\/media?parent=91"}],"curies":[{"name":"wp","href":"https:\/\/api.w.org\/{rel}","templated":true}]}}