{"id":9,"date":"2012-09-19T11:29:06","date_gmt":"2012-09-19T11:29:06","guid":{"rendered":"http:\/\/dev.michaellaitman.kbb1.com\/?page_id=9"},"modified":"2014-09-27T20:50:28","modified_gmt":"2014-09-27T20:50:28","slug":"perspectiva-integral","status":"publish","type":"page","link":"https:\/\/www.michaellaitman.com\/es\/person\/perspectiva-integral\/","title":{"rendered":"Perspectiva Integral"},"content":{"rendered":"<div id=\"attachment_128\" style=\"width: 310px\" class=\"wp-caption alignleft\"><a href=\"http:\/\/www.michaellaitman.com\/es\/wp-content\/uploads\/2012\/09\/131.jpg\"><img loading=\"lazy\" decoding=\"async\" aria-describedby=\"caption-attachment-128\" class=\"size-medium wp-image-128\" src=\"http:\/\/www.michaellaitman.com\/es\/wp-content\/uploads\/2012\/09\/131-300x180.jpg\" alt=\"International Conference &quot;Table of Free Voices&quot; in Berlin, Germany\" width=\"300\" height=\"180\" srcset=\"https:\/\/www.michaellaitman.com\/es\/wp-content\/uploads\/2012\/09\/131-300x180.jpg 300w, https:\/\/www.michaellaitman.com\/es\/wp-content\/uploads\/2012\/09\/131.jpg 500w\" sizes=\"auto, (max-width: 300px) 100vw, 300px\" \/><\/a><p id=\"caption-attachment-128\" class=\"wp-caption-text\">Conferencia Internacional \u201cMesa de las Voces Libres\u201d en Berl\u00edn, Alemania<\/p><\/div>\n<p style=\"text-align: justify\">Hoy en d\u00eda la interconexi\u00f3n global se ha convertido en un hecho insoslayable de la vida. Sin embargo, la humanidad no ha completado su transici\u00f3n de consciencia, valores y sistemas para ajustarse a esta nueva fase.<\/p>\n<p style=\"text-align: justify\">Descubrir una soluci\u00f3n a estos temas implica entender c\u00f3mo puede la humanidad integrarse a un paradigma global conectado que esencialmente involucra aprender a vivir con responsabilidad a una escala mundial.<\/p>\n<p style=\"text-align: justify\">Lo que vemos ahora es que los sistemas social, pol\u00edtico y econ\u00f3mico con los que hemos vivido hasta ahora durante muchos a\u00f1os, no son eficientes para el manejo de los fen\u00f3menos emergentes de interdependencia global. Es por esto que experimentamos el surgimiento de problemas que suscitan las crisis financieras, lo cual genera el nacimiento de una transformaci\u00f3n\u00a0 a escala global.<\/p>\n<p style=\"text-align: justify\">La econom\u00eda de hoy, estimulada por los intereses de las entidades involucradas, no puede funcionar en el marco de esta nueva conexi\u00f3n global. Estas nuevas circunstancias requieren de personas que realicen cambios transcendentales para, literalmente, convertirnos en personas globales y aprender a alinear nuestros estilos de vida con las nuevas circunstancias globales.<\/p>\n","protected":false},"excerpt":{"rendered":"<p>Hoy en d\u00eda la interconexi\u00f3n global se ha convertido en un hecho insoslayable de la vida. Sin embargo, la humanidad no ha completado su transici\u00f3n de consciencia, valores y sistemas para ajustarse a esta nueva fase. Descubrir una soluci\u00f3n a<span class=\"ellipsis\">&hellip;<\/span><\/p>\n<div class=\"read-more\"><a href=\"https:\/\/www.michaellaitman.com\/es\/person\/perspectiva-integral\/\">Leer m\u00e1s \u203a<\/a><\/div>\n<p><!-- end of .read-more --><\/p>\n","protected":false},"author":1,"featured_media":0,"parent":56,"menu_order":1,"comment_status":"open","ping_status":"open","template":"sidebar-content-page.php","meta":{"ngg_post_thumbnail":0,"footnotes":""},"class_list":["post-9","page","type-page","status-publish","hentry"],"_links":{"self":[{"href":"https:\/\/www.michaellaitman.com\/es\/wp-json\/wp\/v2\/pages\/9","targetHints":{"allow":["GET"]}}],"collection":[{"href":"https:\/\/www.michaellaitman.com\/es\/wp-json\/wp\/v2\/pages"}],"about":[{"href":"https:\/\/www.michaellaitman.com\/es\/wp-json\/wp\/v2\/types\/page"}],"author":[{"embeddable":true,"href":"https:\/\/www.michaellaitman.com\/es\/wp-json\/wp\/v2\/users\/1"}],"replies":[{"embeddable":true,"href":"https:\/\/www.michaellaitman.com\/es\/wp-json\/wp\/v2\/comments?post=9"}],"version-history":[{"count":1,"href":"https:\/\/www.michaellaitman.com\/es\/wp-json\/wp\/v2\/pages\/9\/revisions"}],"predecessor-version":[{"id":419,"href":"https:\/\/www.michaellaitman.com\/es\/wp-json\/wp\/v2\/pages\/9\/revisions\/419"}],"up":[{"embeddable":true,"href":"https:\/\/www.michaellaitman.com\/es\/wp-json\/wp\/v2\/pages\/56"}],"wp:attachment":[{"href":"https:\/\/www.michaellaitman.com\/es\/wp-json\/wp\/v2\/media?parent=9"}],"curies":[{"name":"wp","href":"https:\/\/api.w.org\/{rel}","templated":true}]}}