{"id":70,"date":"2012-09-23T21:43:24","date_gmt":"2012-09-23T21:43:24","guid":{"rendered":"http:\/\/dev.michaellaitman.kbb1.com\/?page_id=70"},"modified":"2013-06-19T03:03:33","modified_gmt":"2013-06-19T03:03:33","slug":"self-interest-vs-altruism","status":"publish","type":"page","link":"https:\/\/www.michaellaitman.com\/es\/books\/self-interest-vs-altruism\/","title":{"rendered":"Los intereses personales vs el altruismo"},"content":{"rendered":"<p style=\"text-align: justify\"><i><a href=\"http:\/\/www.michaellaitman.com\/es\/books\/self-interest-vs-altruism\/attachment\/selfinterest-vs-altruism-2t\/\" rel=\"attachment wp-att-208\"><img loading=\"lazy\" decoding=\"async\" class=\"alignleft size-full wp-image-208\" alt=\"selfinterest-vs-altruism-2T\" src=\"http:\/\/www.michaellaitman.com\/es\/wp-content\/uploads\/2012\/09\/selfinterest-vs-altruism-2T.jpg\" width=\"168\" height=\"250\" \/><\/a>Los intereses personales vs el altruismo<\/i> nos presenta una nueva perspectiva de los retos que enfrenta el mundo. El doctor Laitman demuestra al lector que los problemas del mundo son la consecuencia del ego\u00edsmo creciente de la humanidad. En este contexto, el libro sugiere diversas formas de usar nuestros egos para beneficiar a la sociedad, en lugar de tomar en cuenta \u00fanicamente nuestros propios intereses.<\/p>\n<p style=\"text-align: justify\">La primera parte del libro ofrece una singular comprensi\u00f3n de la existencia de la humanidad en el planeta y c\u00f3mo nuestro ego\u00edsmo colectivo ha influido en el desarrollo de nuestra sociedad. Una vez que el lector entiende el ego y sus or\u00edgenes, descubre una nueva visi\u00f3n de la existencia global e integral como remedio a los males que sufre la sociedad. La segunda parte trata sobre los retos sociales y pol\u00edticos actuales y nos explica que podemos usar nuestros egos para resolverlos, en lugar de continuar en el ciclo descendente en el que se encuentra la humanidad.<\/p>\n","protected":false},"excerpt":{"rendered":"<p>Los intereses personales vs el altruismo nos presenta una nueva perspectiva de los retos que enfrenta el mundo. El doctor Laitman demuestra al lector que los problemas del mundo son la consecuencia del ego\u00edsmo creciente de la humanidad. En este<span class=\"ellipsis\">&hellip;<\/span><\/p>\n<div class=\"read-more\"><a href=\"https:\/\/www.michaellaitman.com\/es\/books\/self-interest-vs-altruism\/\">Leer m\u00e1s \u203a<\/a><\/div>\n<p><!-- end of .read-more --><\/p>\n","protected":false},"author":1,"featured_media":0,"parent":40,"menu_order":2,"comment_status":"open","ping_status":"open","template":"sidebar-content-page.php","meta":{"ngg_post_thumbnail":0,"footnotes":""},"class_list":["post-70","page","type-page","status-publish","hentry"],"_links":{"self":[{"href":"https:\/\/www.michaellaitman.com\/es\/wp-json\/wp\/v2\/pages\/70","targetHints":{"allow":["GET"]}}],"collection":[{"href":"https:\/\/www.michaellaitman.com\/es\/wp-json\/wp\/v2\/pages"}],"about":[{"href":"https:\/\/www.michaellaitman.com\/es\/wp-json\/wp\/v2\/types\/page"}],"author":[{"embeddable":true,"href":"https:\/\/www.michaellaitman.com\/es\/wp-json\/wp\/v2\/users\/1"}],"replies":[{"embeddable":true,"href":"https:\/\/www.michaellaitman.com\/es\/wp-json\/wp\/v2\/comments?post=70"}],"version-history":[{"count":1,"href":"https:\/\/www.michaellaitman.com\/es\/wp-json\/wp\/v2\/pages\/70\/revisions"}],"predecessor-version":[{"id":207,"href":"https:\/\/www.michaellaitman.com\/es\/wp-json\/wp\/v2\/pages\/70\/revisions\/207"}],"up":[{"embeddable":true,"href":"https:\/\/www.michaellaitman.com\/es\/wp-json\/wp\/v2\/pages\/40"}],"wp:attachment":[{"href":"https:\/\/www.michaellaitman.com\/es\/wp-json\/wp\/v2\/media?parent=70"}],"curies":[{"name":"wp","href":"https:\/\/api.w.org\/{rel}","templated":true}]}}