{"id":66,"date":"2012-09-23T21:36:40","date_gmt":"2012-09-23T21:36:40","guid":{"rendered":"http:\/\/dev.michaellaitman.kbb1.com\/?page_id=66"},"modified":"2014-09-27T21:24:01","modified_gmt":"2014-09-27T21:24:01","slug":"a-guide-to-the-new-world","status":"publish","type":"page","link":"https:\/\/www.michaellaitman.com\/es\/books\/a-guide-to-the-new-world\/","title":{"rendered":"Una gu\u00eda para el nuevo mundo"},"content":{"rendered":"<p style=\"text-align: justify\">\u00a0<a href=\"http:\/\/www.michaellaitman.com\/es\/wp-content\/uploads\/2012\/09\/a-guide-to-the-new-world-2T.jpg\"><img loading=\"lazy\" decoding=\"async\" class=\"alignleft size-full wp-image-254\" src=\"http:\/\/www.michaellaitman.com\/es\/wp-content\/uploads\/2012\/09\/a-guide-to-the-new-world-2T.jpg\" alt=\"a-guide-to-the-new-world-2T\" width=\"163\" height=\"250\" \/><\/a>\u00bfPor qu\u00e9 el 1% de la poblaci\u00f3n mundial posee el 40% de la riqueza? \u00bfPor qu\u00e9 los sistemas educativos a trav\u00e9s del mundo est\u00e1n creando ni\u00f1os insatisfechos, con un nivel educativo muy bajo? \u00bfPor qu\u00e9 existe el hambre? \u00bfPor qu\u00e9 aumenta el precio de los alimentos cuando hay m\u00e1s que suficiente para todos? \u00bfPor qu\u00e9 existen pa\u00edses en donde la dignidad humana y la justicia social son inexistentes? \u00bfY cuando se corregir\u00e1n todas estas injusticias?<\/p>\n<p style=\"text-align: justify\">Durante el a\u00f1o 2011 estas preguntas conmovieron los corazones de millones de personas alrededor del mundo. La demanda de justicia social se ha convertido en una reivindicaci\u00f3n a la que todos se pueden unir. Todos so\u00f1amos con una sociedad que ofrezca seguridad, que podamos confiar en nuestros vecinos y garantizar el futuro de nuestros hijos. En una sociedad as\u00ed, todos se preocupar\u00edan por todos y florecer\u00eda la garant\u00eda mutua \u2013 esto es, que todos ser\u00edamos garantes del bienestar de los dem\u00e1s.<\/p>\n<p style=\"text-align: justify\">A pesar de todos los retos, creemos que el cambio es posible y que podemos descubrir el medio de llevarlo a cabo. Por lo tanto, el libro que tiene en sus manos es positivo y optimista.<\/p>\n<p style=\"text-align: justify\">Tenemos la oportunidad \u00fanica de alcanzar la transformaci\u00f3n global en forma apacible y <i>Una gu\u00eda para el nuevo mundo: \u00bfpor qu\u00e9 la garant\u00eda mutua es la clave para la recuperaci\u00f3n de la crisis global?, <\/i>intenta ayudarnos a pavimentar el camino hacia la meta.<\/p>\n<p style=\"text-align: justify\">El libro se divide en dos partes y algunos cap\u00edtulos suplementarios.\u00a0 La primera parte define el concepto de la garant\u00eda mutua.\u00a0 La segunda parte nos ofrece las pautas para construir una nueva sociedad dentro de la garant\u00eda mutua y resume los principios presentados en la primera parte. Los cap\u00edtulos suplementarios son publicaciones anteriores del Instituto ARI sobre ideolog\u00eda social, educativa y econ\u00f3mica.<\/p>\n","protected":false},"excerpt":{"rendered":"<p>\u00a0\u00bfPor qu\u00e9 el 1% de la poblaci\u00f3n mundial posee el 40% de la riqueza? \u00bfPor qu\u00e9 los sistemas educativos a trav\u00e9s del mundo est\u00e1n creando ni\u00f1os insatisfechos, con un nivel educativo muy bajo? \u00bfPor qu\u00e9 existe el hambre? \u00bfPor qu\u00e9<span class=\"ellipsis\">&hellip;<\/span><\/p>\n<div class=\"read-more\"><a href=\"https:\/\/www.michaellaitman.com\/es\/books\/a-guide-to-the-new-world\/\">Leer m\u00e1s \u203a<\/a><\/div>\n<p><!-- end of .read-more --><\/p>\n","protected":false},"author":1,"featured_media":0,"parent":40,"menu_order":0,"comment_status":"open","ping_status":"open","template":"sidebar-content-page.php","meta":{"ngg_post_thumbnail":0,"footnotes":""},"class_list":["post-66","page","type-page","status-publish","hentry"],"_links":{"self":[{"href":"https:\/\/www.michaellaitman.com\/es\/wp-json\/wp\/v2\/pages\/66","targetHints":{"allow":["GET"]}}],"collection":[{"href":"https:\/\/www.michaellaitman.com\/es\/wp-json\/wp\/v2\/pages"}],"about":[{"href":"https:\/\/www.michaellaitman.com\/es\/wp-json\/wp\/v2\/types\/page"}],"author":[{"embeddable":true,"href":"https:\/\/www.michaellaitman.com\/es\/wp-json\/wp\/v2\/users\/1"}],"replies":[{"embeddable":true,"href":"https:\/\/www.michaellaitman.com\/es\/wp-json\/wp\/v2\/comments?post=66"}],"version-history":[{"count":0,"href":"https:\/\/www.michaellaitman.com\/es\/wp-json\/wp\/v2\/pages\/66\/revisions"}],"up":[{"embeddable":true,"href":"https:\/\/www.michaellaitman.com\/es\/wp-json\/wp\/v2\/pages\/40"}],"wp:attachment":[{"href":"https:\/\/www.michaellaitman.com\/es\/wp-json\/wp\/v2\/media?parent=66"}],"curies":[{"name":"wp","href":"https:\/\/api.w.org\/{rel}","templated":true}]}}