{"id":62,"date":"2012-09-23T20:52:03","date_gmt":"2012-09-23T20:52:03","guid":{"rendered":"http:\/\/dev.michaellaitman.kbb1.com\/?page_id=62"},"modified":"2014-09-27T21:06:10","modified_gmt":"2014-09-27T21:06:10","slug":"lider-en-cambios-globales","status":"publish","type":"page","link":"https:\/\/www.michaellaitman.com\/es\/person\/lider-en-cambios-globales\/","title":{"rendered":"L\u00edder en el Cambio Global"},"content":{"rendered":"<div id=\"attachment_132\" style=\"width: 212px\" class=\"wp-caption alignleft\"><a href=\"http:\/\/www.michaellaitman.com\/es\/wp-content\/uploads\/2012\/09\/unesco.jpg\"><img loading=\"lazy\" decoding=\"async\" aria-describedby=\"caption-attachment-132\" class=\"size-medium wp-image-132\" src=\"http:\/\/www.michaellaitman.com\/es\/wp-content\/uploads\/2012\/09\/unesco-202x300.jpg\" alt=\"&quot;A true visionary.&quot; Irina Bokova Director-General of UNESCO Paris, 2011\" width=\"202\" height=\"300\" \/><\/a><p id=\"caption-attachment-132\" class=\"wp-caption-text\">\u201cUn verdadero visionario.\u201d Irina Bokova, Directora General de la UNESCO Paris, 2011<\/p><\/div>\n<p style=\"text-align: justify\">El nuevo m\u00e9todo de educaci\u00f3n global del doctor Laitman fue presentado a la Directora General de la Organizaci\u00f3n de Naciones Unidas para la Educaci\u00f3n, la Ciencia y la Cultura (UNESCO), la se\u00f1ora Irina Bokova, quien afirm\u00f3 que el doctor Laitman\u00a0es \u201cun verdadero visionario\u201d.<\/p>\n<p style=\"text-align: justify\">Durante el encuentro debatieron\u00a0temas sobre la educaci\u00f3n vigente en el mundo y la visi\u00f3n del doctor Laitman para su soluci\u00f3n. Hizo hincapi\u00e9 en la urgencia de considerar las particulares aspiraciones de la juventud de hoy as\u00ed como la necesidad de prepararlos para la vida un mundo altamente din\u00e1mico y global aprovechando las nuevas tecnolog\u00edas de comunicaci\u00f3n. El Instituto ARI de inmediato fue invitado a participar en una serie de iniciativas educativas conjuntas entre la Organizaci\u00f3n de Naciones Unidas y la Organizaci\u00f3n de Naciones Unidas para la Educaci\u00f3n, la Ciencia y la Cultura.<\/p>\n<p style=\"text-align: justify\">Hoy, el doctor Laitman colabora\u00a0como consejero estrat\u00e9gico con las Organizaci\u00f3n de Naciones Unidas en el tema de la educaci\u00f3n y las iniciativas relacionadas. El doctor Laitman ha aparecido en las siguientes publicaciones; Corriere della Sera, the\u00a0<em>Chicago Tribune<\/em>,\u00a0<em>The Miami Herald<\/em>,\u00a0<em>The Jerusalem Post<\/em>, and\u00a0<em>The Globe<\/em>, <i>Reforma\/M\u00e9xico. <\/i>\u00a0Ha aparecido en diversos programas de televisi\u00f3n como SKY TV (Skytg24) and Mediaset TV (Tg5), Univision and Bloomberg TV.<\/p>\n<p><a href=\"https:\/\/www.youtube.com\/watch?v=kOu_stRvSgw\" target=\"_blank\"><span style=\"color: #3366ff\"><strong>V<\/strong><\/span><span style=\"color: #3366ff\"><strong>er el video<\/strong><\/span><\/a><br \/>\n<code><\/code><\/p>\n<p>Encuentro del Dr. Laitman con la Directora General de la UNESCO, la Ciencia y la Cultura, la se\u00f1ora Irina Bokova<\/p>\n","protected":false},"excerpt":{"rendered":"<p>El nuevo m\u00e9todo de educaci\u00f3n global del doctor Laitman fue presentado a la Directora General de la Organizaci\u00f3n de Naciones Unidas para la Educaci\u00f3n, la Ciencia y la Cultura (UNESCO), la se\u00f1ora Irina Bokova, quien afirm\u00f3 que el doctor Laitman\u00a0es<span class=\"ellipsis\">&hellip;<\/span><\/p>\n<div class=\"read-more\"><a href=\"https:\/\/www.michaellaitman.com\/es\/person\/lider-en-cambios-globales\/\">Leer m\u00e1s \u203a<\/a><\/div>\n<p><!-- end of .read-more --><\/p>\n","protected":false},"author":1,"featured_media":0,"parent":56,"menu_order":6,"comment_status":"open","ping_status":"open","template":"sidebar-content-page.php","meta":{"ngg_post_thumbnail":0,"footnotes":""},"class_list":["post-62","page","type-page","status-publish","hentry"],"_links":{"self":[{"href":"https:\/\/www.michaellaitman.com\/es\/wp-json\/wp\/v2\/pages\/62","targetHints":{"allow":["GET"]}}],"collection":[{"href":"https:\/\/www.michaellaitman.com\/es\/wp-json\/wp\/v2\/pages"}],"about":[{"href":"https:\/\/www.michaellaitman.com\/es\/wp-json\/wp\/v2\/types\/page"}],"author":[{"embeddable":true,"href":"https:\/\/www.michaellaitman.com\/es\/wp-json\/wp\/v2\/users\/1"}],"replies":[{"embeddable":true,"href":"https:\/\/www.michaellaitman.com\/es\/wp-json\/wp\/v2\/comments?post=62"}],"version-history":[{"count":1,"href":"https:\/\/www.michaellaitman.com\/es\/wp-json\/wp\/v2\/pages\/62\/revisions"}],"predecessor-version":[{"id":422,"href":"https:\/\/www.michaellaitman.com\/es\/wp-json\/wp\/v2\/pages\/62\/revisions\/422"}],"up":[{"embeddable":true,"href":"https:\/\/www.michaellaitman.com\/es\/wp-json\/wp\/v2\/pages\/56"}],"wp:attachment":[{"href":"https:\/\/www.michaellaitman.com\/es\/wp-json\/wp\/v2\/media?parent=62"}],"curies":[{"name":"wp","href":"https:\/\/api.w.org\/{rel}","templated":true}]}}