{"id":61,"date":"2012-09-23T20:51:16","date_gmt":"2012-09-23T20:51:16","guid":{"rendered":"http:\/\/dev.michaellaitman.kbb1.com\/?page_id=61"},"modified":"2014-09-27T20:59:24","modified_gmt":"2014-09-27T20:59:24","slug":"autor-internacional-de-best-sellers","status":"publish","type":"page","link":"https:\/\/www.michaellaitman.com\/es\/person\/autor-internacional-de-best-sellers\/","title":{"rendered":"Autor de fama internacional"},"content":{"rendered":"<div id=\"attachment_130\" style=\"width: 210px\" class=\"wp-caption alignleft\"><a href=\"http:\/\/www.michaellaitman.com\/person\/internationally-best-selling-author\/index_img_7\/\" rel=\"attachment wp-att-130\"><img loading=\"lazy\" decoding=\"async\" aria-describedby=\"caption-attachment-130\" class=\"size-full wp-image-130\" src=\"http:\/\/www.michaellaitman.com\/es\/wp-content\/uploads\/2012\/09\/index_img_7.jpg\" alt=\"High Panel on Peace and Dialogue among Cultures. UN Headquarters, New York\" width=\"200\" height=\"149\" \/><\/a><p id=\"caption-attachment-130\" class=\"wp-caption-text\">Panel de Alto Nivel sobre la Paz y el Di\u00e1logo entre Culturas. Sede de las Naciones Unidas, New York&nbsp;<\/p>\n<p><\/p><\/div>\n<p style=\"text-align: justify\">Durante las \u00faltimas tres d\u00e9cadas, el doctor Laitman ha publicado m\u00e1s de cuarenta obras que han sido traducidas a dieciocho idiomas, todas con el prop\u00f3sito de ayudar a la persona a alcanzar la armon\u00eda dentro de s\u00ed misma y con el ambiente que la rodea.<\/p>\n<p style=\"text-align: justify\">La rese\u00f1a de <i>Foreword<\/i> a su reciente libro <i>La psicolog\u00eda del mundo integral<\/i> (que trata sobre la necesidad de una educaci\u00f3n integra global para resolver las crisis) se\u00f1ala:<\/p>\n<p style=\"text-align: justify\"><em>\u00a0<i> \u201cComo sociedad, pasamos <\/i><i>tanto <\/i><i>tiempo compitiendo y tratando de <\/i><i>triunfar <\/i><i>que el concepto <\/i><i>de<\/i><i> trabajar sencillamente en unidad <\/i><i>nos parece innovado<\/i>r<i>\u201d.<\/i><\/em><\/p>\n<p style=\"text-align: justify\">Otros t\u00edtulos recientes son, <i>Inter\u00e9s propio vs Altruismo en la era global: la sociedad puede convertir el inter\u00e9s ego\u00edsta en beneficio mutuo<\/i> y <i>Ni\u00f1os del ma\u00f1ana: una gu\u00eda para educar ni\u00f1os felices en el Siglo XXI<\/i>, que fue comentada por <i>Midwest Book Review:<\/i><\/p>\n<p style=\"text-align: justify\"><i>\u00a0\u201cAl afirmar que el futuro de la sociedad radica en la colaboraci\u00f3n de las personas trabajando unidas para la sociedad, manifestando que gran parte de la degradaci\u00f3n de la sociedad en las \u00faltimas d\u00e9cadas ha sido resultado del narcisismo y de la avaricia, Inter\u00e9s propio vs Altruismo es una lectura recomendada para todos aquellos que no han perdido totalmente el optimismo en la naturaleza humana\u201d.\u00a0<\/i><\/p>\n","protected":false},"excerpt":{"rendered":"<p>Durante las \u00faltimas tres d\u00e9cadas, el doctor Laitman ha publicado m\u00e1s de cuarenta obras que han sido traducidas a dieciocho idiomas, todas con el prop\u00f3sito de ayudar a la persona a alcanzar la armon\u00eda dentro de s\u00ed misma y con<span class=\"ellipsis\">&hellip;<\/span><\/p>\n<div class=\"read-more\"><a href=\"https:\/\/www.michaellaitman.com\/es\/person\/autor-internacional-de-best-sellers\/\">Leer m\u00e1s \u203a<\/a><\/div>\n<p><!-- end of .read-more --><\/p>\n","protected":false},"author":1,"featured_media":0,"parent":56,"menu_order":5,"comment_status":"open","ping_status":"open","template":"sidebar-content-page.php","meta":{"ngg_post_thumbnail":0,"footnotes":""},"class_list":["post-61","page","type-page","status-publish","hentry"],"_links":{"self":[{"href":"https:\/\/www.michaellaitman.com\/es\/wp-json\/wp\/v2\/pages\/61","targetHints":{"allow":["GET"]}}],"collection":[{"href":"https:\/\/www.michaellaitman.com\/es\/wp-json\/wp\/v2\/pages"}],"about":[{"href":"https:\/\/www.michaellaitman.com\/es\/wp-json\/wp\/v2\/types\/page"}],"author":[{"embeddable":true,"href":"https:\/\/www.michaellaitman.com\/es\/wp-json\/wp\/v2\/users\/1"}],"replies":[{"embeddable":true,"href":"https:\/\/www.michaellaitman.com\/es\/wp-json\/wp\/v2\/comments?post=61"}],"version-history":[{"count":2,"href":"https:\/\/www.michaellaitman.com\/es\/wp-json\/wp\/v2\/pages\/61\/revisions"}],"predecessor-version":[{"id":421,"href":"https:\/\/www.michaellaitman.com\/es\/wp-json\/wp\/v2\/pages\/61\/revisions\/421"}],"up":[{"embeddable":true,"href":"https:\/\/www.michaellaitman.com\/es\/wp-json\/wp\/v2\/pages\/56"}],"wp:attachment":[{"href":"https:\/\/www.michaellaitman.com\/es\/wp-json\/wp\/v2\/media?parent=61"}],"curies":[{"name":"wp","href":"https:\/\/api.w.org\/{rel}","templated":true}]}}