{"id":32,"date":"2012-09-19T13:21:13","date_gmt":"2012-09-19T13:21:13","guid":{"rendered":"http:\/\/dev.michaellaitman.kbb1.com\/?page_id=32"},"modified":"2025-05-08T08:47:40","modified_gmt":"2025-05-08T08:47:40","slug":"pensador-global","status":"publish","type":"page","link":"https:\/\/www.michaellaitman.com\/es\/person\/pensador-global\/","title":{"rendered":"Pensador Global"},"content":{"rendered":"<div style=\"width: 277px\" class=\"wp-caption alignleft\"><img loading=\"lazy\" decoding=\"async\" src=\"https:\/\/www.michaellaitman.com\/es\/wp-content\/uploads\/2012\/09\/un-secretary.jpg\" alt=\"\" width=\"267\" height=\"290\"><p class=\"wp-caption-text\">Reunido con la Dra. Asha-Rose Migiro, Vicesecretaria General de las Naciones Unidas<\/p><\/div>\n<p style=\"text-align: justify;\">Michael Laitman es un pensador a nivel global, dedicado a producir una transformaci\u00f3n en la sociedad a trav\u00e9s de una nueva educaci\u00f3n global que \u00e9l contempla como la clave para resolver los problemas m\u00e1s urgentes de nuestro tiempo.<\/p>\n<p style=\"text-align: justify;\">Su planteamiento para resolver la crisis global en todos sus aspectos, incluyendo la educaci\u00f3n, cambio clim\u00e1tico, hambre y todas las cuestiones sociales, econ\u00f3micas, formula la implementaci\u00f3n de un programa nuevo de educaci\u00f3n integral y global. El doctor Laitman, en fecha reciente, comparti\u00f3 los principios de este nuevo modelo educativo y los beneficios de una colaboraci\u00f3n global y conjunta con&nbsp; la Vicesecretaria General de la Organizaci\u00f3n de Naciones Unidas en Nueva York, la doctora Asha Rose Migiro.<\/p>\n<p style=\"text-align: justify;\">Su conocimiento y experiencia acad\u00e9mica en ciencias exactas y humanidades, su investigaci\u00f3n en el campo de la educaci\u00f3n y su visi\u00f3n innovadora para la sociedad, lo acreditan como un prominente pensador global y un eminente conferencista.<\/p>\n<p style=\"text-align: justify;\">El doctor Laitman es Profesor de Ontolog\u00eda y Teor\u00eda del Conocimiento; tiene un doctorado en Filosof\u00eda y C\u00e1bala, t\u00edtulos que le fueron conferidos por el Instituto de Filosof\u00eda de Mosc\u00fa en la Academia Rusa de Ciencias; tiene un M\u00e1ster en Biocibern\u00e9tica, que obtuvo en la Universidad Estatal Polit\u00e9cnica de San Petersburgo.<\/p>\n<h3><span style=\"color: #1f8edf;\"><strong><a href=\"http:\/\/www.michaellaitman.com\/es\/michael-laitman-phd\/\"><span style=\"color: #1f8edf;\">Leer Biograf\u00eda completa<\/span><\/a><\/strong>&gt;&gt;<\/span><\/h3>\n","protected":false},"excerpt":{"rendered":"<p>Michael Laitman es un pensador a nivel global, dedicado a producir una transformaci\u00f3n en la sociedad a trav\u00e9s de una nueva educaci\u00f3n global que \u00e9l contempla como la clave para resolver los problemas m\u00e1s urgentes de nuestro tiempo. Su planteamiento<span class=\"ellipsis\">&hellip;<\/span><\/p>\n<div class=\"read-more\"><a href=\"https:\/\/www.michaellaitman.com\/es\/person\/pensador-global\/\">Leer m\u00e1s \u203a<\/a><\/div>\n<p><!-- end of .read-more --><\/p>\n","protected":false},"author":1,"featured_media":0,"parent":56,"menu_order":0,"comment_status":"open","ping_status":"closed","template":"sidebar-content-page.php","meta":{"ngg_post_thumbnail":0,"footnotes":""},"class_list":["post-32","page","type-page","status-publish","hentry"],"_links":{"self":[{"href":"https:\/\/www.michaellaitman.com\/es\/wp-json\/wp\/v2\/pages\/32","targetHints":{"allow":["GET"]}}],"collection":[{"href":"https:\/\/www.michaellaitman.com\/es\/wp-json\/wp\/v2\/pages"}],"about":[{"href":"https:\/\/www.michaellaitman.com\/es\/wp-json\/wp\/v2\/types\/page"}],"author":[{"embeddable":true,"href":"https:\/\/www.michaellaitman.com\/es\/wp-json\/wp\/v2\/users\/1"}],"replies":[{"embeddable":true,"href":"https:\/\/www.michaellaitman.com\/es\/wp-json\/wp\/v2\/comments?post=32"}],"version-history":[{"count":6,"href":"https:\/\/www.michaellaitman.com\/es\/wp-json\/wp\/v2\/pages\/32\/revisions"}],"predecessor-version":[{"id":4815,"href":"https:\/\/www.michaellaitman.com\/es\/wp-json\/wp\/v2\/pages\/32\/revisions\/4815"}],"up":[{"embeddable":true,"href":"https:\/\/www.michaellaitman.com\/es\/wp-json\/wp\/v2\/pages\/56"}],"wp:attachment":[{"href":"https:\/\/www.michaellaitman.com\/es\/wp-json\/wp\/v2\/media?parent=32"}],"curies":[{"name":"wp","href":"https:\/\/api.w.org\/{rel}","templated":true}]}}