{"id":123,"date":"2012-09-25T16:06:34","date_gmt":"2012-09-25T16:06:34","guid":{"rendered":"http:\/\/dev.michaellaitman.kbb1.com\/?page_id=123"},"modified":"2014-09-27T21:24:58","modified_gmt":"2014-09-27T21:24:58","slug":"the-psychology-of-the-integral-society","status":"publish","type":"page","link":"https:\/\/www.michaellaitman.com\/es\/books\/the-psychology-of-the-integral-society\/","title":{"rendered":"La psicolog\u00eda de la sociedad integral"},"content":{"rendered":"<p style=\"text-align: justify\"><a href=\"http:\/\/www.michaellaitman.com\/es\/books\/the-psychology-of-the-integral-society\/attachment\/psicologia-dela-sociedad-integ-2t\/\" rel=\"attachment wp-att-209\"><img loading=\"lazy\" decoding=\"async\" class=\"alignleft size-full wp-image-209\" src=\"http:\/\/www.michaellaitman.com\/es\/wp-content\/uploads\/2012\/09\/psicologia-dela-sociedad-integ-2T.jpg\" alt=\"psicologia-dela-sociedad-integ-2T\" width=\"163\" height=\"250\" \/><\/a>\u00a0<i>La psicolog\u00eda de la sociedad integral<\/i> nos ofrece una perspectiva educativa revolucionaria. En un mundo interconectado e interdependiente, ense\u00f1ar a los ni\u00f1os a competir con sus compa\u00f1eros es tan complicado como ense\u00f1ar a la mano izquierda a enga\u00f1ar a su compa\u00f1era, la mano derecha. En una sociedad integral todos sus integrantes contribuyen al bienestar y buen desenvolvimiento de \u00e9sta. La sociedad a su vez es responsable y cuida el bienestar y \u00e9xito de todos sus elementos, que produce una codependencia. En un mundo globalizado e integrado, esta es la forma de vida razonable y sostenible.<\/p>\n<p style=\"text-align: justify\">En este libro, el di\u00e1logo entre los profesores Michael Laitman y Anatoly Ulianov nos muestra los principios de una reveladora propuesta educativa. Ausencia de competencia, formaci\u00f3n a trav\u00e9s del ambiente social, \u00a0igualdad entre compa\u00f1eros, recompensar a los altruistas, estructura din\u00e1mica del grupo y los instructores son algunos de los nuevos conceptos que se proponen en este libro que deben tener todos quienes quieren ser mejores padres, maestros y personas en la sociedad integral del siglo XXI.<\/p>\n","protected":false},"excerpt":{"rendered":"<p>\u00a0La psicolog\u00eda de la sociedad integral nos ofrece una perspectiva educativa revolucionaria. En un mundo interconectado e interdependiente, ense\u00f1ar a los ni\u00f1os a competir con sus compa\u00f1eros es tan complicado como ense\u00f1ar a la mano izquierda a enga\u00f1ar a su<span class=\"ellipsis\">&hellip;<\/span><\/p>\n<div class=\"read-more\"><a href=\"https:\/\/www.michaellaitman.com\/es\/books\/the-psychology-of-the-integral-society\/\">Leer m\u00e1s \u203a<\/a><\/div>\n<p><!-- end of .read-more --><\/p>\n","protected":false},"author":1,"featured_media":0,"parent":40,"menu_order":4,"comment_status":"open","ping_status":"open","template":"sidebar-content-page.php","meta":{"ngg_post_thumbnail":0,"footnotes":""},"class_list":["post-123","page","type-page","status-publish","hentry"],"_links":{"self":[{"href":"https:\/\/www.michaellaitman.com\/es\/wp-json\/wp\/v2\/pages\/123","targetHints":{"allow":["GET"]}}],"collection":[{"href":"https:\/\/www.michaellaitman.com\/es\/wp-json\/wp\/v2\/pages"}],"about":[{"href":"https:\/\/www.michaellaitman.com\/es\/wp-json\/wp\/v2\/types\/page"}],"author":[{"embeddable":true,"href":"https:\/\/www.michaellaitman.com\/es\/wp-json\/wp\/v2\/users\/1"}],"replies":[{"embeddable":true,"href":"https:\/\/www.michaellaitman.com\/es\/wp-json\/wp\/v2\/comments?post=123"}],"version-history":[{"count":0,"href":"https:\/\/www.michaellaitman.com\/es\/wp-json\/wp\/v2\/pages\/123\/revisions"}],"up":[{"embeddable":true,"href":"https:\/\/www.michaellaitman.com\/es\/wp-json\/wp\/v2\/pages\/40"}],"wp:attachment":[{"href":"https:\/\/www.michaellaitman.com\/es\/wp-json\/wp\/v2\/media?parent=123"}],"curies":[{"name":"wp","href":"https:\/\/api.w.org\/{rel}","templated":true}]}}