{"id":115,"date":"2012-09-25T15:32:53","date_gmt":"2012-09-25T15:32:53","guid":{"rendered":"http:\/\/dev.michaellaitman.kbb1.com\/?page_id=115"},"modified":"2013-06-19T02:52:23","modified_gmt":"2013-06-19T02:52:23","slug":"children-of-tomorrow","status":"publish","type":"page","link":"https:\/\/www.michaellaitman.com\/es\/books\/children-of-tomorrow\/","title":{"rendered":"Ni\u00f1os del ma\u00f1ana"},"content":{"rendered":"<p><i><a href=\"http:\/\/www.michaellaitman.com\/es\/books\/children-of-tomorrow\/attachment\/ninos-del-manana-sp-2t\/\" rel=\"attachment wp-att-206\"><img loading=\"lazy\" decoding=\"async\" class=\"alignleft size-full wp-image-206\" alt=\"ninos-del-manana-sp-2T\" src=\"http:\/\/www.michaellaitman.com\/es\/wp-content\/uploads\/2012\/09\/ninos-del-manana-sp-2T.jpg\" width=\"178\" height=\"250\" \/><\/a>Ni\u00f1os del ma\u00f1ana: gu\u00eda para educar ni\u00f1os felices en el Siglo XXI<\/i>,\u00a0 es un nuevo comienzo para sus hijos y usted. Imagine pulsar la tecla Reinicio y esta vez hacerlo correctamente. Sin problemas, ni estr\u00e9s y lo mejor de todo \u2013 sin tener que adivinar.<\/p>\n<p style=\"text-align: justify\">La gran revelaci\u00f3n es que para educar a los ni\u00f1os solo necesitamos los juegos, relacionarnos con ellos como si fueran adultos peque\u00f1os y juntos tomar las decisiones m\u00e1s importantes. Se sorprender\u00e1 al descubrir que ense\u00f1ar a los ni\u00f1os sobre los valores como la amistad e interesarse por los dem\u00e1s autom\u00e1ticamente se extiende a otras \u00e1reas de nuestra vida cotidiana.<\/p>\n<p style=\"text-align: justify\">Con tan solo abrir el libro en cualquier p\u00e1gina encontrar\u00e1 frases que le har\u00e1n reflexionar sobre cada aspecto de la vida de los ni\u00f1os: las relaciones padres-hijos, las amistades y sus conflictos, as\u00ed como una idea muy precisa de c\u00f3mo deber\u00edan estar dise\u00f1adas las escuelas para funcionar apropiadamente. Este libro ofrece una perspectiva fresca para educar a nuestros hijos teniendo como meta su felicidad en todos los niveles.<\/p>\n","protected":false},"excerpt":{"rendered":"<p>Ni\u00f1os del ma\u00f1ana: gu\u00eda para educar ni\u00f1os felices en el Siglo XXI,\u00a0 es un nuevo comienzo para sus hijos y usted. Imagine pulsar la tecla Reinicio y esta vez hacerlo correctamente. Sin problemas, ni estr\u00e9s y lo mejor de todo<span class=\"ellipsis\">&hellip;<\/span><\/p>\n<div class=\"read-more\"><a href=\"https:\/\/www.michaellaitman.com\/es\/books\/children-of-tomorrow\/\">Leer m\u00e1s \u203a<\/a><\/div>\n<p><!-- end of .read-more --><\/p>\n","protected":false},"author":1,"featured_media":0,"parent":40,"menu_order":3,"comment_status":"open","ping_status":"open","template":"sidebar-content-page.php","meta":{"ngg_post_thumbnail":0,"footnotes":""},"class_list":["post-115","page","type-page","status-publish","hentry"],"_links":{"self":[{"href":"https:\/\/www.michaellaitman.com\/es\/wp-json\/wp\/v2\/pages\/115","targetHints":{"allow":["GET"]}}],"collection":[{"href":"https:\/\/www.michaellaitman.com\/es\/wp-json\/wp\/v2\/pages"}],"about":[{"href":"https:\/\/www.michaellaitman.com\/es\/wp-json\/wp\/v2\/types\/page"}],"author":[{"embeddable":true,"href":"https:\/\/www.michaellaitman.com\/es\/wp-json\/wp\/v2\/users\/1"}],"replies":[{"embeddable":true,"href":"https:\/\/www.michaellaitman.com\/es\/wp-json\/wp\/v2\/comments?post=115"}],"version-history":[{"count":1,"href":"https:\/\/www.michaellaitman.com\/es\/wp-json\/wp\/v2\/pages\/115\/revisions"}],"predecessor-version":[{"id":201,"href":"https:\/\/www.michaellaitman.com\/es\/wp-json\/wp\/v2\/pages\/115\/revisions\/201"}],"up":[{"embeddable":true,"href":"https:\/\/www.michaellaitman.com\/es\/wp-json\/wp\/v2\/pages\/40"}],"wp:attachment":[{"href":"https:\/\/www.michaellaitman.com\/es\/wp-json\/wp\/v2\/media?parent=115"}],"curies":[{"name":"wp","href":"https:\/\/api.w.org\/{rel}","templated":true}]}}