{"id":11,"date":"2012-09-19T11:29:42","date_gmt":"2012-09-19T11:29:42","guid":{"rendered":"http:\/\/dev.michaellaitman.kbb1.com\/?page_id=11"},"modified":"2014-09-27T20:54:38","modified_gmt":"2014-09-27T20:54:38","slug":"proveedor-de-educacion","status":"publish","type":"page","link":"https:\/\/www.michaellaitman.com\/es\/person\/proveedor-de-educacion\/","title":{"rendered":"Proveedor educativo"},"content":{"rendered":"<div id=\"attachment_130\" style=\"width: 310px\" class=\"wp-caption alignleft\"><a href=\"http:\/\/www.michaellaitman.com\/es\/wp-content\/uploads\/2012\/09\/IMG_8985.jpg\"><img loading=\"lazy\" decoding=\"async\" aria-describedby=\"caption-attachment-130\" class=\"size-medium wp-image-130\" src=\"http:\/\/www.michaellaitman.com\/es\/wp-content\/uploads\/2012\/09\/IMG_8985-300x199.jpg\" alt=\"Key-note Speaker at Florida International University (FIU), Miami, Florida.\" width=\"300\" height=\"199\" srcset=\"https:\/\/www.michaellaitman.com\/es\/wp-content\/uploads\/2012\/09\/IMG_8985-300x199.jpg 300w, https:\/\/www.michaellaitman.com\/es\/wp-content\/uploads\/2012\/09\/IMG_8985.jpg 500w\" sizes=\"auto, (max-width: 300px) 100vw, 300px\" \/><\/a><p id=\"caption-attachment-130\" class=\"wp-caption-text\">Orador principal en Florida International University (FIU), Miami, Florida.<\/p><\/div>\n<p style=\"text-align: justify\">El doctor Laitman es Presidente del Consejo del Instituto ARI, una organizaci\u00f3n no lucrativa dedicada a beneficiar a la humanidad a trav\u00e9s de la investigaci\u00f3n y la educaci\u00f3n. Tiene representaciones a trav\u00e9s de todo el mundo.<\/p>\n<p style=\"text-align: justify\">El doctor Laitman ofrece las directrices para vivir en un mundo cada vez m\u00e1s interconectado. Su fresca perspectiva para enfrentar los retos del siglo XXI, abarca todos los aspectos de la vida humana: social, econ\u00f3mico y ambiental, con particular \u00e9nfasis en la educaci\u00f3n. Ha desarrollado un innovador m\u00e9todo de educaci\u00f3n global que comprende principios, aplicaciones y valores universales para promover la cohesi\u00f3n en la sociedad, en nuestro naciente mundo interdependiente.<\/p>\n","protected":false},"excerpt":{"rendered":"<p>El doctor Laitman es Presidente del Consejo del Instituto ARI, una organizaci\u00f3n no lucrativa dedicada a beneficiar a la humanidad a trav\u00e9s de la investigaci\u00f3n y la educaci\u00f3n. Tiene representaciones a trav\u00e9s de todo el mundo. El doctor Laitman ofrece<span class=\"ellipsis\">&hellip;<\/span><\/p>\n<div class=\"read-more\"><a href=\"https:\/\/www.michaellaitman.com\/es\/person\/proveedor-de-educacion\/\">Leer m\u00e1s \u203a<\/a><\/div>\n<p><!-- end of .read-more --><\/p>\n","protected":false},"author":1,"featured_media":0,"parent":56,"menu_order":3,"comment_status":"open","ping_status":"open","template":"sidebar-content-page.php","meta":{"ngg_post_thumbnail":0,"footnotes":""},"class_list":["post-11","page","type-page","status-publish","hentry"],"_links":{"self":[{"href":"https:\/\/www.michaellaitman.com\/es\/wp-json\/wp\/v2\/pages\/11","targetHints":{"allow":["GET"]}}],"collection":[{"href":"https:\/\/www.michaellaitman.com\/es\/wp-json\/wp\/v2\/pages"}],"about":[{"href":"https:\/\/www.michaellaitman.com\/es\/wp-json\/wp\/v2\/types\/page"}],"author":[{"embeddable":true,"href":"https:\/\/www.michaellaitman.com\/es\/wp-json\/wp\/v2\/users\/1"}],"replies":[{"embeddable":true,"href":"https:\/\/www.michaellaitman.com\/es\/wp-json\/wp\/v2\/comments?post=11"}],"version-history":[{"count":1,"href":"https:\/\/www.michaellaitman.com\/es\/wp-json\/wp\/v2\/pages\/11\/revisions"}],"predecessor-version":[{"id":167,"href":"https:\/\/www.michaellaitman.com\/es\/wp-json\/wp\/v2\/pages\/11\/revisions\/167"}],"up":[{"embeddable":true,"href":"https:\/\/www.michaellaitman.com\/es\/wp-json\/wp\/v2\/pages\/56"}],"wp:attachment":[{"href":"https:\/\/www.michaellaitman.com\/es\/wp-json\/wp\/v2\/media?parent=11"}],"curies":[{"name":"wp","href":"https:\/\/api.w.org\/{rel}","templated":true}]}}