{"id":105,"date":"2012-09-25T12:29:33","date_gmt":"2012-09-25T12:29:33","guid":{"rendered":"http:\/\/dev.michaellaitman.kbb1.com\/?page_id=105"},"modified":"2014-09-27T21:32:55","modified_gmt":"2014-09-27T21:32:55","slug":"michael-laitman-phd","status":"publish","type":"page","link":"https:\/\/www.michaellaitman.com\/es\/michael-laitman-phd\/","title":{"rendered":"Dr. Michael Laitman"},"content":{"rendered":"<p style=\"text-align: left\" align=\"center\"><strong><a href=\"http:\/\/www.michaellaitman.com\/about\/img_3070_abrener-2\/\" rel=\"attachment wp-att-110\"><img loading=\"lazy\" decoding=\"async\" class=\"alignleft size-full wp-image-110\" src=\"http:\/\/www.michaellaitman.com\/es\/wp-content\/uploads\/2012\/09\/IMG_3070_abrener1.jpg\" alt=\"\" width=\"232\" height=\"224\" \/><\/a><\/strong><\/p>\n<p style=\"text-align: justify\"><span style=\"color: #888888\"><b>Michael Laitman es Profesor de Ontolog\u00eda y Teor\u00eda del Conocimiento, tiene un doctorado en Filosof\u00eda y C\u00e1bala y un Master en Biocibern\u00e9tica. <\/b><\/span><\/p>\n<p style=\"text-align: justify\"><span style=\"color: #888888\"><b>Es Fundador y Presidente del Instituo ARI y del Instituto Bnei Baruj de Investigaci\u00f3n y Educaci\u00f3n de la C\u00e1bala.<\/b><\/span><\/p>\n<p style=\"text-align: justify\">Por medio del sitio en la red Bnei Baruj, <a href=\"http:\/\/www.kab.info\/\">www.kab.info<\/a>, imparte su c\u00e1tedra diaria a un auditorio a nivel mundial de aproximadamente dos millones de personas, con traducci\u00f3n simult\u00e1nea a ocho idiomas: alem\u00e1n, espa\u00f1ol, franc\u00e9s, hebreo, ingl\u00e9s, italiano, ruso y turco.<\/p>\n<p style=\"text-align: justify\">El doctor Laitman obtuvo su doctorado en Filosof\u00eda y C\u00e1bala\u00a0 en el Instituto de Filosof\u00eda de Mosc\u00fa en la Academia Rusa de Ciencias y su m\u00e1ster en Biocibern\u00e9tica en la Universidad Estatal Polit\u00e9cnica de San Petersburgo. Por su extensa experiencia docente, le fue otorgado el t\u00edtulo de Profesor en Ontolog\u00eda y Teor\u00eda del Conocimiento por la Suprema Comisi\u00f3n Interdisciplinaria de Dictamen Acad\u00e9mico de la Federaci\u00f3n Rusa.<\/p>\n<p style=\"text-align: justify\">Hasta esta fecha, el doctor Laitman ha publicado m\u00e1s de cuarenta libros, traducidos a dieciocho idiomas. De entre ellos destacamos:<\/p>\n<ul>\n<li><em>Una gu\u00eda para el nuevo mundo: la garant\u00eda mutua, la clave para salir de la crisis global, acerca del que ForeWordReviews escribi\u00f3: \u201cNo cabe duda que el libro es provocativo y refrescante al abordar la globalizaci\u00f3n como una fuerza potencial para alcanzar el bienestar com\u00fan\u201d.<\/em><\/li>\n<\/ul>\n<ul>\n<li><em>Inter\u00e9s propio vs Altruismo en la era global: \u00a0la sociedad puede convertir sus intereses propios en beneficios para todos, que recibi\u00f3 elogios de Midwest Book Review: \u201cAl afirmar que el futuro de la sociedad radica en la cooperaci\u00f3n de las personas trabajando unidas a favor de la sociedad, aseverando que en gran medida la degradaci\u00f3n de la sociedad en las d\u00e9cadas recientes es el resultado del narcisismo y la avaricia, Inter\u00e9s propio vs Altruismo es una \u00a0lectura interesante que recomendamos\u201d.<\/em><\/li>\n<\/ul>\n<ul>\n<li><em>La Psicolog\u00eda de la Sociedad Integral, recomendada tambi\u00e9n Fore Word Reviews: \u201cLo que La Psicolog\u00eda de la sociedad integral expresa deber\u00eda de poner a pensar a toda la gente\u201d.<\/em><\/li>\n<\/ul>\n<p style=\"text-align: justify\">El doctor Laitman colabora de cerca con numerosos instituciones internacionales de investigaci\u00f3n. Fue invitado a unirse al Consejo Mundial de Sabidur\u00eda (WWC), un grupo de reflexi\u00f3n convocado por el Club de Budapest, encabezado por el Profesor Erwin Laszlo, nominado al Premio Nobel en 2004 y 2005. Otros miembros notables del WWC son el Ex Presidente de la Uni\u00f3n Sovi\u00e9tica, Michael Gorbachev, la ganadora del Premio Nobel y primat\u00f3loga, Jane Goodall, y el reconocido autor e int\u00e9rprete, Peter Gabriel.<\/p>\n<p style=\"text-align: justify\">En fechas recientes ha participado en eventos internacionales con el WWC y la Fundaci\u00f3n Goi para la Paz en Tokio; en Arosa, Suiza; en Dusseldorf, Alemania, y en el Foro Universal de las Culturas en Monterrey, M\u00e9xico, organizado con el apoyo de la Organizaci\u00f3n de Naciones Unidas para la Educaci\u00f3n, la Ciencia y la Cultura. El objetivo de estos eventos fue entablar un di\u00e1logo productivo sobre la crisis global e iniciar un cambio de consciencia global positivo. Como parte de sus esfuerzos, con frecuencia se re\u00fane con l\u00edderes mundiales, entre ellos, la Sra. Irina Bokova, Director General de UNESCO, quien dijo de \u00e9l que es un \u201cverdadero visionario\u201d y\u00a0 la doctora Asha Rose Migiro, Vice Secretario General de las Organizaci\u00f3n de Naciones Unidas.<\/p>\n<p style=\"text-align: justify\">Los art\u00edculos y entrevistas del doctor Laitman han aparecido en medios de comunicaci\u00f3n tan relevantes como <i>Bloomberg TV, Fox News (Radio), The Chicago Tribune, The Corriere della Sera y\u00a0The Miami Herald.<\/i><\/p>\n<p style=\"text-align: justify\">El doctor Laitman es casado, padre y abuelo.<\/p>\n","protected":false},"excerpt":{"rendered":"<p>Michael Laitman es Profesor de Ontolog\u00eda y Teor\u00eda del Conocimiento, tiene un doctorado en Filosof\u00eda y C\u00e1bala y un Master en Biocibern\u00e9tica. Es Fundador y Presidente del Instituo ARI y del Instituto Bnei Baruj de Investigaci\u00f3n y Educaci\u00f3n de la<span class=\"ellipsis\">&hellip;<\/span><\/p>\n<div class=\"read-more\"><a href=\"https:\/\/www.michaellaitman.com\/es\/michael-laitman-phd\/\">Leer m\u00e1s \u203a<\/a><\/div>\n<p><!-- end of .read-more --><\/p>\n","protected":false},"author":1,"featured_media":0,"parent":0,"menu_order":0,"comment_status":"open","ping_status":"open","template":"content-sidebar-page.php","meta":{"ngg_post_thumbnail":0,"footnotes":""},"class_list":["post-105","page","type-page","status-publish","hentry"],"_links":{"self":[{"href":"https:\/\/www.michaellaitman.com\/es\/wp-json\/wp\/v2\/pages\/105","targetHints":{"allow":["GET"]}}],"collection":[{"href":"https:\/\/www.michaellaitman.com\/es\/wp-json\/wp\/v2\/pages"}],"about":[{"href":"https:\/\/www.michaellaitman.com\/es\/wp-json\/wp\/v2\/types\/page"}],"author":[{"embeddable":true,"href":"https:\/\/www.michaellaitman.com\/es\/wp-json\/wp\/v2\/users\/1"}],"replies":[{"embeddable":true,"href":"https:\/\/www.michaellaitman.com\/es\/wp-json\/wp\/v2\/comments?post=105"}],"version-history":[{"count":1,"href":"https:\/\/www.michaellaitman.com\/es\/wp-json\/wp\/v2\/pages\/105\/revisions"}],"predecessor-version":[{"id":170,"href":"https:\/\/www.michaellaitman.com\/es\/wp-json\/wp\/v2\/pages\/105\/revisions\/170"}],"wp:attachment":[{"href":"https:\/\/www.michaellaitman.com\/es\/wp-json\/wp\/v2\/media?parent=105"}],"curies":[{"name":"wp","href":"https:\/\/api.w.org\/{rel}","templated":true}]}}