{"id":10,"date":"2012-09-19T11:29:28","date_gmt":"2012-09-19T11:29:28","guid":{"rendered":"http:\/\/dev.michaellaitman.kbb1.com\/?page_id=10"},"modified":"2014-09-27T20:53:15","modified_gmt":"2014-09-27T20:53:15","slug":"panorama-economico","status":"publish","type":"page","link":"https:\/\/www.michaellaitman.com\/es\/person\/panorama-economico\/","title":{"rendered":"Panorama Econ\u00f3mico"},"content":{"rendered":"<div id=\"attachment_128\" style=\"width: 210px\" class=\"wp-caption alignleft\"><a href=\"http:\/\/www.michaellaitman.com\/person\/economic-outlook\/index_img_5\/\" rel=\"attachment wp-att-128\"><img loading=\"lazy\" decoding=\"async\" aria-describedby=\"caption-attachment-128\" class=\"size-full wp-image-128\" src=\"http:\/\/www.michaellaitman.com\/es\/wp-content\/uploads\/2012\/09\/index_img_5.jpg\" alt=\"Interview with Mike Schneider, from &quot;Night Talk&quot;, on Bloomberg TV\" width=\"200\" height=\"161\" \/><\/a><p id=\"caption-attachment-128\" class=\"wp-caption-text\">Entrevista con Mike Schneider, de \u201cNight Talk\u201d, en Bloomberg TV&nbsp;<\/p>\n<p><\/p><\/div>\n<p style=\"text-align: justify\">Si entendemos el impacto cr\u00edtico que tiene en la econom\u00eda las relaciones naturales de las personas, entenderemos el tipo de sistema econ\u00f3mico que debemos construir con el fin de que \u00e9ste pueda desempe\u00f1ar sus funciones eficazmente y mantenga su estabilidad.<\/p>\n<p style=\"text-align: justify\">Cuando el sistema econ\u00f3mico y financiero se adapte a nuestro mundo global-integral, en el que la econom\u00eda y los v\u00ednculos econ\u00f3micos cruzan las fronteras y las empresas, en donde las personas dependen la una de la otra y se afectan las unas a las otras, quedar\u00e1 asegurada la estabilidad del sistema socioecon\u00f3mico. Solo entonces el sistema \u00a0evitar\u00e1 impactos y las recurrentes crisis que tantas p\u00e9rdidas nos provocan.<\/p>\n<p style=\"text-align: justify\">Sin embargo, no solo es necesario que cambie la econom\u00eda: ya que los sistemas econ\u00f3micos y financieros son reflejos de las relaciones humanas, se requiere de toda la comunidad internacional para proveer soluciones que reestructuren el sistema de las relaciones humanas. Cuando nuestras relaciones empiecen a cambiar hacia la integraci\u00f3n, la unidad, la cohesi\u00f3n social, el cuidado de los dem\u00e1s, y la preocupaci\u00f3n mutua, sabremos c\u00f3mo modificar adecuadamente el paradigma econ\u00f3mico.<\/p>\n","protected":false},"excerpt":{"rendered":"<p>Si entendemos el impacto cr\u00edtico que tiene en la econom\u00eda las relaciones naturales de las personas, entenderemos el tipo de sistema econ\u00f3mico que debemos construir con el fin de que \u00e9ste pueda desempe\u00f1ar sus funciones eficazmente y mantenga su estabilidad.<span class=\"ellipsis\">&hellip;<\/span><\/p>\n<div class=\"read-more\"><a href=\"https:\/\/www.michaellaitman.com\/es\/person\/panorama-economico\/\">Leer m\u00e1s \u203a<\/a><\/div>\n<p><!-- end of .read-more --><\/p>\n","protected":false},"author":1,"featured_media":0,"parent":56,"menu_order":2,"comment_status":"open","ping_status":"open","template":"sidebar-content-page.php","meta":{"ngg_post_thumbnail":0,"footnotes":""},"class_list":["post-10","page","type-page","status-publish","hentry"],"_links":{"self":[{"href":"https:\/\/www.michaellaitman.com\/es\/wp-json\/wp\/v2\/pages\/10","targetHints":{"allow":["GET"]}}],"collection":[{"href":"https:\/\/www.michaellaitman.com\/es\/wp-json\/wp\/v2\/pages"}],"about":[{"href":"https:\/\/www.michaellaitman.com\/es\/wp-json\/wp\/v2\/types\/page"}],"author":[{"embeddable":true,"href":"https:\/\/www.michaellaitman.com\/es\/wp-json\/wp\/v2\/users\/1"}],"replies":[{"embeddable":true,"href":"https:\/\/www.michaellaitman.com\/es\/wp-json\/wp\/v2\/comments?post=10"}],"version-history":[{"count":2,"href":"https:\/\/www.michaellaitman.com\/es\/wp-json\/wp\/v2\/pages\/10\/revisions"}],"predecessor-version":[{"id":420,"href":"https:\/\/www.michaellaitman.com\/es\/wp-json\/wp\/v2\/pages\/10\/revisions\/420"}],"up":[{"embeddable":true,"href":"https:\/\/www.michaellaitman.com\/es\/wp-json\/wp\/v2\/pages\/56"}],"wp:attachment":[{"href":"https:\/\/www.michaellaitman.com\/es\/wp-json\/wp\/v2\/media?parent=10"}],"curies":[{"name":"wp","href":"https:\/\/api.w.org\/{rel}","templated":true}]}}