{"id":96,"date":"2012-09-25T06:20:49","date_gmt":"2012-09-25T06:20:49","guid":{"rendered":"http:\/\/dev.michaellaitman.kbb1.com\/?page_id=96"},"modified":"2017-04-13T18:04:40","modified_gmt":"2017-04-13T16:04:40","slug":"health","status":"publish","type":"page","link":"https:\/\/www.michaellaitman.com\/de\/integral-education-page\/health\/","title":{"rendered":"Gesundheit"},"content":{"rendered":"<p>Viele wissenschaftliche Artikel beweisen, dass korrekte und wohlwollende Beziehungen unter uns Krankheiten und gesundheitliche Probleme massiv reduzieren\u00a0k\u00f6nnen. Wohlwollende Beziehungen unter uns w\u00fcrden jedoch auch Straftaten und Kriminalit\u00e4t sowie andere Arten sozialer Spannungen verringern, was sich wiederum positiv auf die Gesundheit der Bev\u00f6lkerung auswirken w\u00fcrde. Unser Schwierigkeiten ergeben sich aus einem\u00a0inneren Ungleichgewicht; wenn wir daher in unseren Beziehungen Harmonie erlangen, werden zugleich auch alle mit uns verbunden Systeme harmonisch funktionieren.<\/p>\n<hr \/>\n<p>Die Integrale Erziehung muss sich auf alle Aspekte unseres Lebens ausdehnen, um uns in die richtige Richtung zu f\u00fchren. Und diese Revolution in unserem Bewusstsein wird unsere Gesellschaft letztlich ges\u00fcnder\u00a0machen.<\/p>\n<p><!-- embed talk #68 --><\/p>\n<ul id=\"videoTab\" class=\"nav nav-tabs\">\n<li><a class=\"cu-icon-play\" href=\"#video\" data-toggle=\"tab\"><i><\/i>Watch the video<\/a><\/li>\n<li><a class=\"cu-icon-listen\" href=\"#listen\" data-toggle=\"tab\"><i><\/i>Listen to the audio<\/a><\/li>\n<\/ul>\n<div id=\"myTabContent\" class=\"tab-content\">\n<div id=\"video\" class=\"tab-pane fade\">\n<p><iframe loading=\"lazy\" src=\"http:\/\/www.youtube.com\/embed\/GU7HHjLRdkk?rel=0\" width=\"560\" height=\"315\" frameborder=\"0\" allowfullscreen=\"allowfullscreen\"><\/iframe><\/p>\n<\/div>\n<div id=\"listen\" class=\"tab-pane fade\">\n<audio class=\"wp-audio-shortcode\" id=\"audio-96-1\" preload=\"none\" style=\"width: 100%;\" controls=\"controls\"><source type=\"audio\/mpeg\" src=\"http:\/\/files.kabbalahmedia.info\/audio\/eng_t_rav_2012-09-05_program_haim-hadashim_n68.mp3?_=1\" \/><a href=\"http:\/\/files.kabbalahmedia.info\/audio\/eng_t_rav_2012-09-05_program_haim-hadashim_n68.mp3\">http:\/\/files.kabbalahmedia.info\/audio\/eng_t_rav_2012-09-05_program_haim-hadashim_n68.mp3<\/a><\/audio>\n<\/div>\n<\/div>\n","protected":false},"excerpt":{"rendered":"<p>Viele wissenschaftliche Artikel beweisen, dass korrekte und wohlwollende Beziehungen unter uns Krankheiten und gesundheitliche Probleme massiv reduzieren\u00a0k\u00f6nnen. Wohlwollende Beziehungen unter uns w\u00fcrden jedoch auch Straftaten und Kriminalit\u00e4t sowie andere Arten sozialer Spannungen verringern, was sich wiederum positiv auf die Gesundheit<span class=\"ellipsis\">&hellip;<\/span><\/p>\n<div class=\"read-more\"><a href=\"https:\/\/www.michaellaitman.com\/de\/integral-education-page\/health\/\">Weiterlesen \u203a<\/a><\/div>\n<p><!-- end of .read-more --><\/p>\n","protected":false},"author":5,"featured_media":0,"parent":64,"menu_order":7,"comment_status":"open","ping_status":"open","template":"sidebar-content-page.php","meta":{"ngg_post_thumbnail":0,"footnotes":""},"class_list":["post-96","page","type-page","status-publish","hentry"],"_links":{"self":[{"href":"https:\/\/www.michaellaitman.com\/de\/wp-json\/wp\/v2\/pages\/96","targetHints":{"allow":["GET"]}}],"collection":[{"href":"https:\/\/www.michaellaitman.com\/de\/wp-json\/wp\/v2\/pages"}],"about":[{"href":"https:\/\/www.michaellaitman.com\/de\/wp-json\/wp\/v2\/types\/page"}],"author":[{"embeddable":true,"href":"https:\/\/www.michaellaitman.com\/de\/wp-json\/wp\/v2\/users\/5"}],"replies":[{"embeddable":true,"href":"https:\/\/www.michaellaitman.com\/de\/wp-json\/wp\/v2\/comments?post=96"}],"version-history":[{"count":2,"href":"https:\/\/www.michaellaitman.com\/de\/wp-json\/wp\/v2\/pages\/96\/revisions"}],"predecessor-version":[{"id":687,"href":"https:\/\/www.michaellaitman.com\/de\/wp-json\/wp\/v2\/pages\/96\/revisions\/687"}],"up":[{"embeddable":true,"href":"https:\/\/www.michaellaitman.com\/de\/wp-json\/wp\/v2\/pages\/64"}],"wp:attachment":[{"href":"https:\/\/www.michaellaitman.com\/de\/wp-json\/wp\/v2\/media?parent=96"}],"curies":[{"name":"wp","href":"https:\/\/api.w.org\/{rel}","templated":true}]}}