{"id":95,"date":"2012-09-25T06:19:53","date_gmt":"2012-09-25T06:19:53","guid":{"rendered":"http:\/\/dev.michaellaitman.kbb1.com\/?page_id=95"},"modified":"2017-04-13T17:57:16","modified_gmt":"2017-04-13T15:57:16","slug":"money","status":"publish","type":"page","link":"https:\/\/www.michaellaitman.com\/de\/integral-education-page\/money\/","title":{"rendered":"Geld"},"content":{"rendered":"<p>Die Welt steht an einer Kreuzung. Die Wirtschaft ist instabil,\u00a0politische Fehlentscheidungen und soziale Unruhen breiten sich weltweit aus und weisen darauf hin, dass in der Menschheit gerade eine tiefgreifende Ver\u00e4nderung stattfindet. Das Wesen dieser Ver\u00e4nderung ergibt sich aus der in den letzten Jahrzehneten wachsenden gegenseitigen Abh\u00e4ngigkeit der Menschen und L\u00e4nder dieser Welt.<\/p>\n<hr \/>\n<p>Es sind unsere Verlangen, die die Welt am Laufen halten. Geld erf\u00fcllt ein Verlangen und l\u00f6scht es dann aus; dieser Kreislauf wiederholt sich wieder und wieder. Wir jagen st\u00e4ndig unseren Vergn\u00fcgen hinterher, bis wir sterben; und das ist unser Leben. Doch wo ist das Vergn\u00fcgen, das bleibt? Das einzig \u00fcberdauernde Vergn\u00fcgen\u00a0ergibt sich aus guten sozialen Verbindungen.<\/p>\n<p><!-- embed talk #64 --><\/p>\n<ul id=\"videoTab\" class=\"nav nav-tabs\">\n<li><a class=\"cu-icon-play\" href=\"#video\" data-toggle=\"tab\"><i><\/i>Watch the video<\/a><\/li>\n<li><a class=\"cu-icon-listen\" href=\"#listen\" data-toggle=\"tab\"><i><\/i>Listen to the audio<\/a><\/li>\n<\/ul>\n<div id=\"myTabContent\" class=\"tab-content\">\n<div id=\"video\" class=\"tab-pane fade\">\n<p><iframe loading=\"lazy\" src=\"http:\/\/www.youtube.com\/embed\/RQC_7KldcV4?rel=0\" width=\"560\" height=\"315\" frameborder=\"0\" allowfullscreen=\"allowfullscreen\"><\/iframe><\/p>\n<\/div>\n<div id=\"listen\" class=\"tab-pane fade\">\n<a class=\"wp-embedded-audio\" href=\"http:\/\/files.kabbalahmedia.info\/video\/eng_t_rav_2012-09-02_program_haim-hadashim_n64.wmv\">http:\/\/files.kabbalahmedia.info\/video\/eng_t_rav_2012-09-02_program_haim-hadashim_n64.wmv<\/a>\n<\/div>\n<\/div>\n","protected":false},"excerpt":{"rendered":"<p>Die Welt steht an einer Kreuzung. Die Wirtschaft ist instabil,\u00a0politische Fehlentscheidungen und soziale Unruhen breiten sich weltweit aus und weisen darauf hin, dass in der Menschheit gerade eine tiefgreifende Ver\u00e4nderung stattfindet. Das Wesen dieser Ver\u00e4nderung ergibt sich aus der in<span class=\"ellipsis\">&hellip;<\/span><\/p>\n<div class=\"read-more\"><a href=\"https:\/\/www.michaellaitman.com\/de\/integral-education-page\/money\/\">Weiterlesen \u203a<\/a><\/div>\n<p><!-- end of .read-more --><\/p>\n","protected":false},"author":5,"featured_media":0,"parent":64,"menu_order":6,"comment_status":"open","ping_status":"open","template":"sidebar-content-page.php","meta":{"ngg_post_thumbnail":0,"footnotes":""},"class_list":["post-95","page","type-page","status-publish","hentry"],"_links":{"self":[{"href":"https:\/\/www.michaellaitman.com\/de\/wp-json\/wp\/v2\/pages\/95","targetHints":{"allow":["GET"]}}],"collection":[{"href":"https:\/\/www.michaellaitman.com\/de\/wp-json\/wp\/v2\/pages"}],"about":[{"href":"https:\/\/www.michaellaitman.com\/de\/wp-json\/wp\/v2\/types\/page"}],"author":[{"embeddable":true,"href":"https:\/\/www.michaellaitman.com\/de\/wp-json\/wp\/v2\/users\/5"}],"replies":[{"embeddable":true,"href":"https:\/\/www.michaellaitman.com\/de\/wp-json\/wp\/v2\/comments?post=95"}],"version-history":[{"count":2,"href":"https:\/\/www.michaellaitman.com\/de\/wp-json\/wp\/v2\/pages\/95\/revisions"}],"predecessor-version":[{"id":686,"href":"https:\/\/www.michaellaitman.com\/de\/wp-json\/wp\/v2\/pages\/95\/revisions\/686"}],"up":[{"embeddable":true,"href":"https:\/\/www.michaellaitman.com\/de\/wp-json\/wp\/v2\/pages\/64"}],"wp:attachment":[{"href":"https:\/\/www.michaellaitman.com\/de\/wp-json\/wp\/v2\/media?parent=95"}],"curies":[{"name":"wp","href":"https:\/\/api.w.org\/{rel}","templated":true}]}}