{"id":94,"date":"2012-09-25T06:19:28","date_gmt":"2012-09-25T06:19:28","guid":{"rendered":"http:\/\/dev.michaellaitman.kbb1.com\/?page_id=94"},"modified":"2017-04-13T17:47:52","modified_gmt":"2017-04-13T15:47:52","slug":"emergency-scenarios","status":"publish","type":"page","link":"https:\/\/www.michaellaitman.com\/de\/integral-education-page\/emergency-scenarios\/","title":{"rendered":"Notfall-Szenarien"},"content":{"rendered":"<p>Ohne Einheit werden wir keinen einzigen nationalen Konflikt l\u00f6sen. Wir m\u00fcssen verstehen, dass nur der Mensch \u00fcber den freien Willen verf\u00fcgt, mit seiner Anteilnahme f\u00fcr die Verbindung zu arbeiten und die Einheit unter allen Teilen\u00a0der Wirklichkeit zu vergr\u00f6\u00dfern. Wenn der Mensch, das einzige Gesch\u00f6pf mit diesem Potential, alle Kr\u00e4fte des Systems in Einklang zu bringen versucht, verf\u00fcgt er damit ebenfalls \u00fcber die Macht, alle Probleme und Krisen zu l\u00f6sen.<\/p>\n<hr \/>\n<p>Der Mangel an Balance zwischen Menschheit und Natur bedroht mittlerweile unser Leben. Die Natur hat keine andere M\u00f6glichkeit, uns zu verstehen zu geben, dass wir uns \u00e4ndern m\u00fcssen. Die Bedrohung der Sicherheit, die wesentlich f\u00fcr die Existenz des Menschen ist, resultiert daraus, dass wir bisher immer nur an unser eigenes Wohl dachten.<\/p>\n<p><!-- embed talk #55 --><\/p>\n<ul id=\"videoTab\" class=\"nav nav-tabs\">\n<li><a class=\"cu-icon-play\" href=\"#video\" data-toggle=\"tab\"><i><\/i>Watch the video<\/a><\/li>\n<li><a class=\"cu-icon-listen\" href=\"#listen\" data-toggle=\"tab\"><i><\/i>Listen to the audio<\/a><\/li>\n<\/ul>\n<div id=\"myTabContent\" class=\"tab-content\">\n<div id=\"video\" class=\"tab-pane fade\">\n<p><iframe loading=\"lazy\" src=\"http:\/\/www.youtube.com\/embed\/Sdt9yj60wSM?rel=0\" width=\"560\" height=\"315\" frameborder=\"0\" allowfullscreen=\"allowfullscreen\"><\/iframe><\/p>\n<\/div>\n<div id=\"listen\" class=\"tab-pane fade\">\n<audio class=\"wp-audio-shortcode\" id=\"audio-94-1\" preload=\"none\" style=\"width: 100%;\" controls=\"controls\"><source type=\"audio\/mpeg\" src=\"http:\/\/files.kabbalahmedia.info\/audio\/eng_t_rav_2012-08-12_program_haim-hadashim_n55.mp3?_=1\" \/><a href=\"http:\/\/files.kabbalahmedia.info\/audio\/eng_t_rav_2012-08-12_program_haim-hadashim_n55.mp3\">http:\/\/files.kabbalahmedia.info\/audio\/eng_t_rav_2012-08-12_program_haim-hadashim_n55.mp3<\/a><\/audio>\n<\/div>\n<\/div>\n","protected":false},"excerpt":{"rendered":"<p>Ohne Einheit werden wir keinen einzigen nationalen Konflikt l\u00f6sen. Wir m\u00fcssen verstehen, dass nur der Mensch \u00fcber den freien Willen verf\u00fcgt, mit seiner Anteilnahme f\u00fcr die Verbindung zu arbeiten und die Einheit unter allen Teilen\u00a0der Wirklichkeit zu vergr\u00f6\u00dfern. Wenn der<span class=\"ellipsis\">&hellip;<\/span><\/p>\n<div class=\"read-more\"><a href=\"https:\/\/www.michaellaitman.com\/de\/integral-education-page\/emergency-scenarios\/\">Weiterlesen \u203a<\/a><\/div>\n<p><!-- end of .read-more --><\/p>\n","protected":false},"author":5,"featured_media":0,"parent":64,"menu_order":5,"comment_status":"open","ping_status":"open","template":"sidebar-content-page.php","meta":{"ngg_post_thumbnail":0,"footnotes":""},"class_list":["post-94","page","type-page","status-publish","hentry"],"_links":{"self":[{"href":"https:\/\/www.michaellaitman.com\/de\/wp-json\/wp\/v2\/pages\/94","targetHints":{"allow":["GET"]}}],"collection":[{"href":"https:\/\/www.michaellaitman.com\/de\/wp-json\/wp\/v2\/pages"}],"about":[{"href":"https:\/\/www.michaellaitman.com\/de\/wp-json\/wp\/v2\/types\/page"}],"author":[{"embeddable":true,"href":"https:\/\/www.michaellaitman.com\/de\/wp-json\/wp\/v2\/users\/5"}],"replies":[{"embeddable":true,"href":"https:\/\/www.michaellaitman.com\/de\/wp-json\/wp\/v2\/comments?post=94"}],"version-history":[{"count":2,"href":"https:\/\/www.michaellaitman.com\/de\/wp-json\/wp\/v2\/pages\/94\/revisions"}],"predecessor-version":[{"id":685,"href":"https:\/\/www.michaellaitman.com\/de\/wp-json\/wp\/v2\/pages\/94\/revisions\/685"}],"up":[{"embeddable":true,"href":"https:\/\/www.michaellaitman.com\/de\/wp-json\/wp\/v2\/pages\/64"}],"wp:attachment":[{"href":"https:\/\/www.michaellaitman.com\/de\/wp-json\/wp\/v2\/media?parent=94"}],"curies":[{"name":"wp","href":"https:\/\/api.w.org\/{rel}","templated":true}]}}