{"id":93,"date":"2012-09-25T06:18:02","date_gmt":"2012-09-25T06:18:02","guid":{"rendered":"http:\/\/dev.michaellaitman.kbb1.com\/?page_id=93"},"modified":"2017-04-13T17:39:10","modified_gmt":"2017-04-13T15:39:10","slug":"social-mutual-responsability","status":"publish","type":"page","link":"https:\/\/www.michaellaitman.com\/de\/integral-education-page\/social-mutual-responsability\/","title":{"rendered":"Soziale Verantwortung f\u00fcr alle"},"content":{"rendered":"<p>Das Prinzip der\u00a0gegenseitigen Verantwortung entstand aus dem Verst\u00e4ndnis heraus, dass unsere zwischenmenschlichen Verbindungen gleichzeitig die Quelle unserer Sicherheit sind. Die Umsetzung dieses Prinzips ist der einzig sinnvolle Weg in das neue Zeitalter. Es gibt ohne das Gef\u00fchl der guten Beziehung, der W\u00e4rme, Herzlichkeit und Sicherheit unter uns keine Hoffnung in einer\u00a0globalisierten Welt, in der wir durch den Schmetterlings Effekt alle von einander abh\u00e4ngig und miteinander verbunden sind. Es sollte im Idealfall einer gut funktionierenden Familie gleichen.\u00a0Dorthin wird uns die Natur f\u00fchren.<\/p>\n<hr \/>\n<p>In jedem System ist jeder Teil wichtig; jeder Teil muss\u00a0eine bestimmte Aufgabe \u00fcbernehmen und seine Verpflichtungen gegen\u00fcber gegen den anderen Teilen erf\u00fcllen.<\/p>\n<ul id=\"videoTab\" class=\"nav nav-tabs\">\n<li><a class=\"cu-icon-play\" href=\"#video\" data-toggle=\"tab\"><i><\/i>Watch the video<\/a><\/li>\n<li><a class=\"cu-icon-listen\" href=\"#listen\" data-toggle=\"tab\"><i><\/i>Listen to the audio<\/a><\/li>\n<\/ul>\n<div id=\"myTabContent\" class=\"tab-content\">\n<div id=\"video\" class=\"tab-pane fade\">\n<p><iframe loading=\"lazy\" src=\"http:\/\/www.youtube.com\/embed\/aYKJX5ncOfM?rel=0\" width=\"560\" height=\"315\" frameborder=\"0\" allowfullscreen=\"allowfullscreen\"><\/iframe><\/p>\n<\/div>\n<div id=\"listen\" class=\"tab-pane fade\">\n<audio class=\"wp-audio-shortcode\" id=\"audio-93-1\" preload=\"none\" style=\"width: 100%;\" controls=\"controls\"><source type=\"audio\/mpeg\" src=\"http:\/\/files.kabbalahmedia.info\/audio\/eng_t_rav_2012-08-05_program_haim-hadashim_n48.mp3?_=1\" \/><a href=\"http:\/\/files.kabbalahmedia.info\/audio\/eng_t_rav_2012-08-05_program_haim-hadashim_n48.mp3\">http:\/\/files.kabbalahmedia.info\/audio\/eng_t_rav_2012-08-05_program_haim-hadashim_n48.mp3<\/a><\/audio>\n<\/div>\n<\/div>\n","protected":false},"excerpt":{"rendered":"<p>Das Prinzip der\u00a0gegenseitigen Verantwortung entstand aus dem Verst\u00e4ndnis heraus, dass unsere zwischenmenschlichen Verbindungen gleichzeitig die Quelle unserer Sicherheit sind. Die Umsetzung dieses Prinzips ist der einzig sinnvolle Weg in das neue Zeitalter. Es gibt ohne das Gef\u00fchl der guten Beziehung,<span class=\"ellipsis\">&hellip;<\/span><\/p>\n<div class=\"read-more\"><a href=\"https:\/\/www.michaellaitman.com\/de\/integral-education-page\/social-mutual-responsability\/\">Weiterlesen \u203a<\/a><\/div>\n<p><!-- end of .read-more --><\/p>\n","protected":false},"author":5,"featured_media":0,"parent":64,"menu_order":4,"comment_status":"open","ping_status":"open","template":"sidebar-content-page.php","meta":{"ngg_post_thumbnail":0,"footnotes":""},"class_list":["post-93","page","type-page","status-publish","hentry"],"_links":{"self":[{"href":"https:\/\/www.michaellaitman.com\/de\/wp-json\/wp\/v2\/pages\/93","targetHints":{"allow":["GET"]}}],"collection":[{"href":"https:\/\/www.michaellaitman.com\/de\/wp-json\/wp\/v2\/pages"}],"about":[{"href":"https:\/\/www.michaellaitman.com\/de\/wp-json\/wp\/v2\/types\/page"}],"author":[{"embeddable":true,"href":"https:\/\/www.michaellaitman.com\/de\/wp-json\/wp\/v2\/users\/5"}],"replies":[{"embeddable":true,"href":"https:\/\/www.michaellaitman.com\/de\/wp-json\/wp\/v2\/comments?post=93"}],"version-history":[{"count":2,"href":"https:\/\/www.michaellaitman.com\/de\/wp-json\/wp\/v2\/pages\/93\/revisions"}],"predecessor-version":[{"id":684,"href":"https:\/\/www.michaellaitman.com\/de\/wp-json\/wp\/v2\/pages\/93\/revisions\/684"}],"up":[{"embeddable":true,"href":"https:\/\/www.michaellaitman.com\/de\/wp-json\/wp\/v2\/pages\/64"}],"wp:attachment":[{"href":"https:\/\/www.michaellaitman.com\/de\/wp-json\/wp\/v2\/media?parent=93"}],"curies":[{"name":"wp","href":"https:\/\/api.w.org\/{rel}","templated":true}]}}