{"id":92,"date":"2012-09-25T06:17:28","date_gmt":"2012-09-25T06:17:28","guid":{"rendered":"http:\/\/dev.michaellaitman.kbb1.com\/?page_id=92"},"modified":"2017-04-13T17:28:31","modified_gmt":"2017-04-13T15:28:31","slug":"global-economy","status":"publish","type":"page","link":"https:\/\/www.michaellaitman.com\/de\/integral-education-page\/global-economy\/","title":{"rendered":"Globale Wirtschaft"},"content":{"rendered":"<p>In der heutigen globalisierten Wirklichkeit gewinnen\u00a0wir entweder alle oder wir verlieren. Sobald genug Menschen nicht mehr ihre Augen vor den Folgen\u00a0dieser Globalisierung und der notwendigen geteilten Verantwortung verschlie\u00dfen, wird es zu einer drastischen Ver\u00e4nderung kommen. Ein Land wird sich nicht l\u00e4nger\u00a0auf Kosten eines anderen bereichern. Menschen werden sich nicht mehr auf Kosten anderer Menschen bereichern. Und auch Mammutkonsortien werden nicht l\u00e4nger Millionen unterbezahlter Arbeiter auf der ganzen Welt ausbeuten.<\/p>\n<p>Kinder werden nicht l\u00e4nger auf den Stra\u00dfen verhungern oder an simplen Krankheiten sterben, sondern werden Zugang zu Antibiotika haben. Und Frauen werden nicht l\u00e4nger ausgebeutet, nur weil sie Frauen sind. In einer Welt, in der die Menschen erkennen, dass ihr eigener Wohlstand und ihr eigenes Wohl vom Wohl anderer abh\u00e4ngt, wird man f\u00fcr einander sorgen &#8211; die einen f\u00fcr die anderen und umgekehrt.<\/p>\n<hr \/>\n<p>Wir m\u00fcssen unsere egoistischen Eigenschaften, die alles lenken, was wir tun und uns zu einem Kampf mit der Natur\u00a0veranlassen, durch altruistische Eigenschaften ersetzen, die uns mit der Natur verbinden. Wir ben\u00f6tigen ein neues System der Verbindung der gesamten Menschheit und der sie umgebenden Natur. Jeder sollte sich verpflichtet f\u00fchlen, verbunden und vereint zu sein anstelle von getrennt und im Widerstand. Denn wir sehen deutlich, was uns unser r\u00fccksichtsloses Verhalten bisher gekostet hat.<\/p>\n<p><!-- embed talk #67 --><\/p>\n<ul id=\"videoTab\" class=\"nav nav-tabs\">\n<li><a class=\"cu-icon-play\" href=\"#video\" data-toggle=\"tab\"><i><\/i>Watch the video<\/a><\/li>\n<li><a class=\"cu-icon-listen\" href=\"#listen\" data-toggle=\"tab\"><i><\/i>Listen to the audio<\/a><\/li>\n<\/ul>\n<div id=\"myTabContent\" class=\"tab-content\">\n<div id=\"video\" class=\"tab-pane fade\">\n<p><iframe loading=\"lazy\" src=\"http:\/\/www.youtube.com\/embed\/9KB0W1ZPlUE?rel=0&amp;showinfo=0\" width=\"560\" height=\"315\" frameborder=\"0\" allowfullscreen=\"allowfullscreen\"><\/iframe><\/p>\n<\/div>\n<div id=\"listen\" class=\"tab-pane fade\">\n<audio class=\"wp-audio-shortcode\" id=\"audio-92-1\" preload=\"none\" style=\"width: 100%;\" controls=\"controls\"><source type=\"audio\/mpeg\" src=\"http:\/\/files.kabbalahmedia.info\/audio\/eng_t_rav_2012-09-05_program_haim-hadashim_n67.mp3?_=1\" \/><a href=\"http:\/\/files.kabbalahmedia.info\/audio\/eng_t_rav_2012-09-05_program_haim-hadashim_n67.mp3\">http:\/\/files.kabbalahmedia.info\/audio\/eng_t_rav_2012-09-05_program_haim-hadashim_n67.mp3<\/a><\/audio>\n<\/div>\n<\/div>\n","protected":false},"excerpt":{"rendered":"<p>In der heutigen globalisierten Wirklichkeit gewinnen\u00a0wir entweder alle oder wir verlieren. Sobald genug Menschen nicht mehr ihre Augen vor den Folgen\u00a0dieser Globalisierung und der notwendigen geteilten Verantwortung verschlie\u00dfen, wird es zu einer drastischen Ver\u00e4nderung kommen. Ein Land wird sich nicht<span class=\"ellipsis\">&hellip;<\/span><\/p>\n<div class=\"read-more\"><a href=\"https:\/\/www.michaellaitman.com\/de\/integral-education-page\/global-economy\/\">Weiterlesen \u203a<\/a><\/div>\n<p><!-- end of .read-more --><\/p>\n","protected":false},"author":5,"featured_media":0,"parent":64,"menu_order":3,"comment_status":"open","ping_status":"open","template":"sidebar-content-page.php","meta":{"ngg_post_thumbnail":0,"footnotes":""},"class_list":["post-92","page","type-page","status-publish","hentry"],"_links":{"self":[{"href":"https:\/\/www.michaellaitman.com\/de\/wp-json\/wp\/v2\/pages\/92","targetHints":{"allow":["GET"]}}],"collection":[{"href":"https:\/\/www.michaellaitman.com\/de\/wp-json\/wp\/v2\/pages"}],"about":[{"href":"https:\/\/www.michaellaitman.com\/de\/wp-json\/wp\/v2\/types\/page"}],"author":[{"embeddable":true,"href":"https:\/\/www.michaellaitman.com\/de\/wp-json\/wp\/v2\/users\/5"}],"replies":[{"embeddable":true,"href":"https:\/\/www.michaellaitman.com\/de\/wp-json\/wp\/v2\/comments?post=92"}],"version-history":[{"count":2,"href":"https:\/\/www.michaellaitman.com\/de\/wp-json\/wp\/v2\/pages\/92\/revisions"}],"predecessor-version":[{"id":683,"href":"https:\/\/www.michaellaitman.com\/de\/wp-json\/wp\/v2\/pages\/92\/revisions\/683"}],"up":[{"embeddable":true,"href":"https:\/\/www.michaellaitman.com\/de\/wp-json\/wp\/v2\/pages\/64"}],"wp:attachment":[{"href":"https:\/\/www.michaellaitman.com\/de\/wp-json\/wp\/v2\/media?parent=92"}],"curies":[{"name":"wp","href":"https:\/\/api.w.org\/{rel}","templated":true}]}}