{"id":91,"date":"2012-09-25T06:16:52","date_gmt":"2012-09-25T06:16:52","guid":{"rendered":"http:\/\/dev.michaellaitman.kbb1.com\/?page_id=91"},"modified":"2017-04-13T16:20:21","modified_gmt":"2017-04-13T14:20:21","slug":"principles-of-integral-education","status":"publish","type":"page","link":"https:\/\/www.michaellaitman.com\/de\/integral-education-page\/principles-of-integral-education\/","title":{"rendered":"Prinzipien der Integralen Erziehung"},"content":{"rendered":"<p>Wir befinden uns durch die Globalisierung einerseits in einem bisher nicht da gewesenen Zustand, in dem wir alle vollkommen von einander abh\u00e4ngig sind, andererseits ist die selbstzentrierte Weltsicht des Menschen und bestimmter Gruppen immer noch das dominierende Paradigma. Betreffend soziale Werte\u00a0und auf dem Gebiet empathischer\u00a0Beziehungen laufen wir sozusagen der technologischen Entwicklung hinterher.<\/p>\n<p>Um daher lebbare L\u00f6sungen f\u00fcr die aktuellen Probleme der Welt zu finden, bedarf es neuer Voraussetzungen: Wir m\u00fcssen uns selbst erziehen und erh\u00f6hen, um in dieser gegenseitigen Abh\u00e4ngigkeit auch Werte der gegenseitigen F\u00fcrsorge\u00a0zu erlernen und anzuwenden.<\/p>\n<p>Erziehen bedeutet in erster Linie Information. Wir m\u00fcssen die Menschen \u00fcber die Globalisierung und die mit ihr einhergehenden Herausforderungen, an welchen wir alle teilhaben, aufkl\u00e4ren. Wir lernen\u00a0von der Natur, dass Verbindung, Einheit, Reziprozit\u00e4t und Verantwortung die Grundbedingungen\u00a0des Lebens sind. Kein Organismus \u00fcberlebt, wenn seine Zellen nicht in Harmonie zusammen arbeiten. Und genauso kann kein \u00d6kosystem gedeihen, wenn eines seiner Elemente verschwindet.<\/p>\n<p>&nbsp;<\/p>\n<ul id=\"videoTab\" class=\"nav nav-tabs\">\n<li><a class=\"cu-icon-play\" href=\"#video\" data-toggle=\"tab\"><i><\/i>Watch the video<\/a><\/li>\n<li><a class=\"cu-icon-read\" href=\"#read\" data-toggle=\"tab\"><i><\/i>Read the text<\/a><\/li>\n<\/ul>\n<div id=\"myTabContent\" class=\"tab-content\">\n<div id=\"video\" class=\"tab-pane fade\">\n<p><iframe loading=\"lazy\" src=\"http:\/\/www.youtube.com\/embed\/H8kEET9wBEc?rel=0\" width=\"560\" height=\"315\" frameborder=\"0\"><\/iframe><\/p>\n<\/div>\n<div id=\"read\" class=\"tab-pane fade\">\n<p>&#8222;Im System Menschheit beeinflussen sich unsere W\u00fcnsche, Gedanken und Handlungen unaufhaltsam gegenseitig Dieses Gesetz verbindet alle Menschen auf jeder Ebene und zu allen Zeiten. Jegliche Interaktion ist Ausdruck dieses Gesetzes.&#8220;<\/p>\n<\/div>\n<\/div>\n","protected":false},"excerpt":{"rendered":"<p>Wir befinden uns durch die Globalisierung einerseits in einem bisher nicht da gewesenen Zustand, in dem wir alle vollkommen von einander abh\u00e4ngig sind, andererseits ist die selbstzentrierte Weltsicht des Menschen und bestimmter Gruppen immer noch das dominierende Paradigma. Betreffend soziale<span class=\"ellipsis\">&hellip;<\/span><\/p>\n<div class=\"read-more\"><a href=\"https:\/\/www.michaellaitman.com\/de\/integral-education-page\/principles-of-integral-education\/\">Weiterlesen \u203a<\/a><\/div>\n<p><!-- end of .read-more --><\/p>\n","protected":false},"author":5,"featured_media":0,"parent":64,"menu_order":2,"comment_status":"open","ping_status":"open","template":"sidebar-content-page.php","meta":{"ngg_post_thumbnail":0,"footnotes":""},"class_list":["post-91","page","type-page","status-publish","hentry"],"_links":{"self":[{"href":"https:\/\/www.michaellaitman.com\/de\/wp-json\/wp\/v2\/pages\/91","targetHints":{"allow":["GET"]}}],"collection":[{"href":"https:\/\/www.michaellaitman.com\/de\/wp-json\/wp\/v2\/pages"}],"about":[{"href":"https:\/\/www.michaellaitman.com\/de\/wp-json\/wp\/v2\/types\/page"}],"author":[{"embeddable":true,"href":"https:\/\/www.michaellaitman.com\/de\/wp-json\/wp\/v2\/users\/5"}],"replies":[{"embeddable":true,"href":"https:\/\/www.michaellaitman.com\/de\/wp-json\/wp\/v2\/comments?post=91"}],"version-history":[{"count":2,"href":"https:\/\/www.michaellaitman.com\/de\/wp-json\/wp\/v2\/pages\/91\/revisions"}],"predecessor-version":[{"id":675,"href":"https:\/\/www.michaellaitman.com\/de\/wp-json\/wp\/v2\/pages\/91\/revisions\/675"}],"up":[{"embeddable":true,"href":"https:\/\/www.michaellaitman.com\/de\/wp-json\/wp\/v2\/pages\/64"}],"wp:attachment":[{"href":"https:\/\/www.michaellaitman.com\/de\/wp-json\/wp\/v2\/media?parent=91"}],"curies":[{"name":"wp","href":"https:\/\/api.w.org\/{rel}","templated":true}]}}