{"id":9,"date":"2012-09-19T11:29:06","date_gmt":"2012-09-19T11:29:06","guid":{"rendered":"http:\/\/dev.michaellaitman.kbb1.com\/?page_id=9"},"modified":"2017-04-11T18:19:13","modified_gmt":"2017-04-11T16:19:13","slug":"integral-persective","status":"publish","type":"page","link":"https:\/\/www.michaellaitman.com\/de\/person\/integral-persective\/","title":{"rendered":"Integrale Perspektive"},"content":{"rendered":"<div id=\"attachment_127\" style=\"width: 242px\" class=\"wp-caption alignleft\"><a href=\"http:\/\/www.michaellaitman.com\/de\/person\/integral-persective\/13-2\/\" rel=\"attachment wp-att-127\"><img loading=\"lazy\" decoding=\"async\" aria-describedby=\"caption-attachment-127\" class=\" wp-image-127\" src=\"http:\/\/www.michaellaitman.com\/de\/wp-content\/uploads\/2012\/09\/131-290x174.jpg\" alt=\"International Conference &quot;Table of Free Voices&quot; in Berlin, Germany\" width=\"232\" height=\"139\" \/><\/a><p id=\"caption-attachment-127\" class=\"wp-caption-text\">Internationale Konferenz &#8222;Table of Free Voices&#8220; in Berlin, Deutschland<\/p><\/div>\n<p>Die globale Vernetzung\u00a0stellt\u00a0Regierungen, Politiker, Wirtschaftskr\u00e4fte &#8211; ja, die gesamte Weltbev\u00f6lkerung &#8211; vor neue Herausforderungen. Nahezu alle Gesellschaften haben\u00a0Schwierigkeiten, ihre Werte und Systeme an diese neue Stufe anzupassen. Es scheint, als eilte die technologische Entwicklung der sozialen Entwicklung\u00a0des Menschen und seiner Beziehungsf\u00e4higkeit\u00a0voraus.<\/p>\n<p>Um f\u00fcr diese Thematik L\u00f6sungen zu finden, bedarf es eines Lernprozesses, mit dessen Hilfe sich die Menschheit in dieses neue, globale Netzwerk\u00a0integrieren kann. Dabei geht es in erster Linie\u00a0um eine verantwortungsbewusste und friedliche Koexistenz\u00a0auf \u00fcberstaatlicher\u00a0Ebene.<\/p>\n<p>Wir merken, dass unsere\u00a0bisherigen sozialen, politischen und \u00f6konomischen Systeme\u00a0sich nicht dazu eignen, die\u00a0neu entstandene\u00a0Hybris\u00a0zwischen globaler gegenseitiger Abh\u00e4ngigkeit und\u00a0gleichzeitigem Wunsch\u00a0nach unbegrenztem Wachstum\u00a0und Selbstbestimmung zu bew\u00e4ltigen.<\/p>\n<p>Darum erleben wir eine Welle von Problemen, die sich von\u00a0der \u00a0Weltwirtschaftskrise, \u00fcber die unz\u00e4hligen vor Krieg, Leid und Elend Fl\u00fcchtenden bis hin zur politischen Radikalisierung samt\u00a0Demokratieverlust ziehen.<\/p>\n<p>Die heutige Menschheit, die durchsetzt ist von egoistischen Werten und Motiven, kann in diesem neuen, weltweit vernetzten Rahmen nicht l\u00e4nger ohne Anpassung bestehen. Und diese Anpassung verlangt uns\u00a0Menschen gro\u00dfe Ver\u00e4nderungen ab: <strong>Wir m\u00fcssen buchst\u00e4blich lernen, global\u00a0sozial zu werden, um\u00a0in dieser neuen Welt gl\u00fccklich werden zu k\u00f6nnen.<\/strong><\/p>\n<p>&nbsp;<\/p>\n","protected":false},"excerpt":{"rendered":"<p>Die globale Vernetzung\u00a0stellt\u00a0Regierungen, Politiker, Wirtschaftskr\u00e4fte &#8211; ja, die gesamte Weltbev\u00f6lkerung &#8211; vor neue Herausforderungen. Nahezu alle Gesellschaften haben\u00a0Schwierigkeiten, ihre Werte und Systeme an diese neue Stufe anzupassen. Es scheint, als eilte die technologische Entwicklung der sozialen Entwicklung\u00a0des Menschen und seiner<span class=\"ellipsis\">&hellip;<\/span><\/p>\n<div class=\"read-more\"><a href=\"https:\/\/www.michaellaitman.com\/de\/person\/integral-persective\/\">Weiterlesen \u203a<\/a><\/div>\n<p><!-- end of .read-more --><\/p>\n","protected":false},"author":1,"featured_media":0,"parent":56,"menu_order":2,"comment_status":"open","ping_status":"open","template":"sidebar-content-page.php","meta":{"ngg_post_thumbnail":0,"footnotes":""},"class_list":["post-9","page","type-page","status-publish","hentry"],"_links":{"self":[{"href":"https:\/\/www.michaellaitman.com\/de\/wp-json\/wp\/v2\/pages\/9","targetHints":{"allow":["GET"]}}],"collection":[{"href":"https:\/\/www.michaellaitman.com\/de\/wp-json\/wp\/v2\/pages"}],"about":[{"href":"https:\/\/www.michaellaitman.com\/de\/wp-json\/wp\/v2\/types\/page"}],"author":[{"embeddable":true,"href":"https:\/\/www.michaellaitman.com\/de\/wp-json\/wp\/v2\/users\/1"}],"replies":[{"embeddable":true,"href":"https:\/\/www.michaellaitman.com\/de\/wp-json\/wp\/v2\/comments?post=9"}],"version-history":[{"count":1,"href":"https:\/\/www.michaellaitman.com\/de\/wp-json\/wp\/v2\/pages\/9\/revisions"}],"predecessor-version":[{"id":600,"href":"https:\/\/www.michaellaitman.com\/de\/wp-json\/wp\/v2\/pages\/9\/revisions\/600"}],"up":[{"embeddable":true,"href":"https:\/\/www.michaellaitman.com\/de\/wp-json\/wp\/v2\/pages\/56"}],"wp:attachment":[{"href":"https:\/\/www.michaellaitman.com\/de\/wp-json\/wp\/v2\/media?parent=9"}],"curies":[{"name":"wp","href":"https:\/\/api.w.org\/{rel}","templated":true}]}}