{"id":70,"date":"2012-09-23T21:43:24","date_gmt":"2012-09-23T19:43:24","guid":{"rendered":"http:\/\/dev.michaellaitman.kbb1.com\/?page_id=70"},"modified":"2017-04-12T17:39:18","modified_gmt":"2017-04-12T15:39:18","slug":"geben_nehmen","status":"publish","type":"page","link":"https:\/\/www.michaellaitman.com\/de\/books\/geben_nehmen\/","title":{"rendered":"Vom Nehmen zum Geben"},"content":{"rendered":"<h4><img loading=\"lazy\" decoding=\"async\" class=\"alignleft size-medium wp-image-669\" src=\"http:\/\/www.michaellaitman.com\/de\/wp-content\/uploads\/2017\/04\/Vom_Nehmen_zum_Geben-201x300.png\" alt=\"Vom_Nehmen_zum_Geben\" width=\"201\" height=\"300\" srcset=\"https:\/\/www.michaellaitman.com\/de\/wp-content\/uploads\/2017\/04\/Vom_Nehmen_zum_Geben-201x300.png 201w, https:\/\/www.michaellaitman.com\/de\/wp-content\/uploads\/2017\/04\/Vom_Nehmen_zum_Geben.png 210w\" sizes=\"auto, (max-width: 201px) 100vw, 201px\" \/>Vom Nehmen zum Geben &#8211; Den Egoismus transformieren, um die Krise zu u\u0308berwinden<\/h4>\n<p>Dr. Michael Laitman erkl\u00e4rt in diesem Buch den Aufbau der Welt, die Entwicklung des Menschen in ihr und zeigt L\u00f6sungsans\u00e4tze f\u00fcr die mit dieser Entwicklung einhergehenden Probleme der heutigen Globalisierung. Er tut dies anhand zahlreicher Zitate aus der Wissenschaft kombiniert mit j\u00fcdischen Quellen und den Erkenntnissen gro\u00dfer Kabbalisten, allen voran Rav Yehuda HaLevi Ashlag. Dies erzeugt ein Spannungsfeld zwischen der modernen, auf Zahlen und Fakten basierenden wissenschaftlichen Sprache und den gelegentlich etwas simpel anmutenden Ausdr\u00fccken, derer sich die Kabbala bedient.<!--more--><\/p>\n<p>So entspricht ein Verlangen lt. <em>Duden<\/em> einem starken, inneren Bed\u00fcrfnis des Menschen \u2013 in der Kabbala stellt <em>Verlangen<\/em> das dualistische Grundprinzip der Sch\u00f6pfung dar. Eine Kraft, die entweder gebend oder empfangend sein kann, Ausdehnung oder Kontraktion ausdr\u00fcckt, zentrifugal oder zentripetal wirkt. Wir sprechen von dem <em>Verlangen zu empfangen<\/em> (oder auch Wunsch zu empfangen), wenn wir das hier Erscheinende meinen \u2013 unbelebte Materie, pflanzliche, tierische oder menschliche Wesen. Im Gegensatz dazu dr\u00fcckt das <em>Verlangen zu geben<\/em> die universelle Urkraft, die Natur oder den Sch\u00f6pfer aus. Es ist das in dieser Welt verborgene, nicht fass- oder messbare und dennoch alles lenkende Prinzip. Wenn man daher in diesem Buch auf den Begriff Sch\u00f6pfer st\u00f6\u00dft, erinnere man sich an diese sch\u00f6pferische, erschaffende Kraft.<\/p>\n<p>Das Ziel des Menschen liegt gem\u00e4\u00df der Kabbala in der Angleichung des <em>Verlangens zu empfangen<\/em> an das <em>Verlangen zu geben<\/em> \u2013 oder anders ausgedr\u00fcckt: Der Mensch durchl\u00e4uft in seinem Leben einen Prozess, in dem er durch Selbstanalyse, Beobachtung von Zusammenh\u00e4ngen, angenehme und leidvolle Erfahrungen letztendlich zu einer tief empfundenen altruistischen Geisteshaltung gelangt, sich der Wichtigkeit des Einsseins der Menschheit bewusst wird und dadurch sch\u00f6pfergleich wird.<\/p>\n<p>Ein weiterer h\u00e4ufig verwendeter Begriff ist das <em>Gesetz des Gebens<\/em>, das, vereinfacht und etwas weniger technokratisch ausgedr\u00fcckt, den Systemgesetzen im technischen Sinn entspricht. Systeme sind Zusammenschl\u00fcsse von Komponenten, die miteinander in Beziehung stehen, sich gegenseitig beeinflussen und gemeinsam ein gr\u00f6\u00dferes Ganzes bilden, wobei Attribute, Handlungen und Wechselbeziehungen der Komponenten die Eigenschaften des Gesamtsystems bewirken und seinen Bestand sichern.<\/p>\n<p>F\u00fcr Dr. Laitman, der sich als Kybernetiker wissenschaftlich mit der Erforschung komplexer Systeme befasste, ist die Kenntnis \u00fcber das <em>Gesetz des Gebens<\/em> eine f\u00fcr den Menschen unabdingbare Voraussetzung seiner Entwicklung. Es besagt, dass alle Komponenten ihr Eigeninteresse zugunsten der Interesse des Gesamtsystems zur\u00fcckstellen m\u00fcssen, um im Gegenzug Schutz, F\u00fcrsorge und Sicherheit aus dieser Gesamtheit zu beziehen. F\u00fcr den Menschen bedeutet dies dar\u00fcber hinaus, die Empfindung des \u00fcbergeordneten Systems zu erlangen, was der Wahrnehmung des Sch\u00f6pfers entspricht. Denn das Ganze ist mehr als die Summe seiner Teile.<\/p>\n<p><a href=\"https:\/\/www.kabbalabuch.info\/\">kabbalabuch.info<\/a><\/p>\n","protected":false},"excerpt":{"rendered":"<p>Vom Nehmen zum Geben &#8211; Den Egoismus transformieren, um die Krise zu u\u0308berwinden Dr. Michael Laitman erkl\u00e4rt in diesem Buch den Aufbau der Welt, die Entwicklung des Menschen in ihr und zeigt L\u00f6sungsans\u00e4tze f\u00fcr die mit dieser Entwicklung einhergehenden Probleme<span class=\"ellipsis\">&hellip;<\/span><\/p>\n<div class=\"read-more\"><a href=\"https:\/\/www.michaellaitman.com\/de\/books\/geben_nehmen\/\">Weiterlesen \u203a<\/a><\/div>\n<p><!-- end of .read-more --><\/p>\n","protected":false},"author":1,"featured_media":0,"parent":40,"menu_order":3,"comment_status":"open","ping_status":"closed","template":"sidebar-content-page.php","meta":{"ngg_post_thumbnail":0,"footnotes":""},"class_list":["post-70","page","type-page","status-publish","hentry"],"_links":{"self":[{"href":"https:\/\/www.michaellaitman.com\/de\/wp-json\/wp\/v2\/pages\/70","targetHints":{"allow":["GET"]}}],"collection":[{"href":"https:\/\/www.michaellaitman.com\/de\/wp-json\/wp\/v2\/pages"}],"about":[{"href":"https:\/\/www.michaellaitman.com\/de\/wp-json\/wp\/v2\/types\/page"}],"author":[{"embeddable":true,"href":"https:\/\/www.michaellaitman.com\/de\/wp-json\/wp\/v2\/users\/1"}],"replies":[{"embeddable":true,"href":"https:\/\/www.michaellaitman.com\/de\/wp-json\/wp\/v2\/comments?post=70"}],"version-history":[{"count":2,"href":"https:\/\/www.michaellaitman.com\/de\/wp-json\/wp\/v2\/pages\/70\/revisions"}],"predecessor-version":[{"id":665,"href":"https:\/\/www.michaellaitman.com\/de\/wp-json\/wp\/v2\/pages\/70\/revisions\/665"}],"up":[{"embeddable":true,"href":"https:\/\/www.michaellaitman.com\/de\/wp-json\/wp\/v2\/pages\/40"}],"wp:attachment":[{"href":"https:\/\/www.michaellaitman.com\/de\/wp-json\/wp\/v2\/media?parent=70"}],"curies":[{"name":"wp","href":"https:\/\/api.w.org\/{rel}","templated":true}]}}