{"id":66,"date":"2012-09-23T21:36:40","date_gmt":"2012-09-23T21:36:40","guid":{"rendered":"http:\/\/dev.michaellaitman.kbb1.com\/?page_id=66"},"modified":"2017-04-12T17:33:30","modified_gmt":"2017-04-12T15:33:30","slug":"leitfaden_neue_welt","status":"publish","type":"page","link":"https:\/\/www.michaellaitman.com\/de\/books\/leitfaden_neue_welt\/","title":{"rendered":"Leitfaden f\u00fcr eine neue Welt"},"content":{"rendered":"<h4><img loading=\"lazy\" decoding=\"async\" class=\"alignleft size-medium wp-image-673\" src=\"http:\/\/www.michaellaitman.com\/de\/wp-content\/uploads\/2012\/09\/Leitfaden_neue_Welt-196x300.png\" alt=\"Leitfaden_neue_Welt\" width=\"196\" height=\"300\" srcset=\"https:\/\/www.michaellaitman.com\/de\/wp-content\/uploads\/2012\/09\/Leitfaden_neue_Welt-196x300.png 196w, https:\/\/www.michaellaitman.com\/de\/wp-content\/uploads\/2012\/09\/Leitfaden_neue_Welt.png 210w\" sizes=\"auto, (max-width: 196px) 100vw, 196px\" \/>Leitfaden f\u00fcr eine neue Welt &#8211; Warum gegenseitige F\u00fcrsorge der Schl\u00fcssel zur L\u00f6sung der globalen Krise ist.<\/h4>\n<p>Aus dem Vorwort:<\/p>\n<p>Die sozialen Unruhen im Jahr 2011 zogen wie Buschfeuer \u00fcber die Welt und man schrie nach Gleichberechtigung, sozialer Gerechtigkeit, gerechter Verteilung des Einkommens und in manchen F\u00e4llen auch nach Demokratie.<\/p>\n<p class=\"MyNormal\">Warum besitzt ein Prozent der Weltbev\u00f6lkerung 40% des Reichtums? Warum bringen die Bildungssysteme auf der ganzen Welt ungl\u00fcckliche und ungebildete Kinder hervor? Warum gibt es noch immer so viel Hunger? Warum steigen die Lebenshaltungskosten best\u00e4ndig, obwohl es genug Lebensmittel g\u00e4be, um alle zu versorgen? Ja, es besteht sogar ein \u00dcberfluss. Warum gibt es noch immer L\u00e4nder, in welchen der Mensch und soziale Gerechtigkeit nichts wert sind? Und die wichtigste Frage, die sich stellt &#8211; wann und wie werden sich diese Dinge \u00e4ndern?<!--more--><\/p>\n<p class=\"MyNormal\">Seit 2011 r\u00fchren diese Fragen an die Herzen von Millionen Menschen auf der ganzen Welt und brachten viele davon dazu, deswegen auf die Stra\u00dfe zu gehen. Der Ruf nach sozialer Gerechtigkeit wurde eine Forderung, die alle Menschen &#8211; unabh\u00e4ngig von Rasse, Religion, Geschlecht oder Hautfarbe vereint, denn wir alle sehnen uns nach einer Gesellschaft, in der wir uns sicher f\u00fchlen, in der wir unseren Nachbarn und unseren Freunden trauen k\u00f6nnen und die unseren Kindern eine gute Zukunft garantiert. In so einer Gesellschaft wird jeder f\u00fcr jeden sorgen. Die gegenseitige F\u00fcrsorge \u2013 alle sind sozusagen Garanten f\u00fcr das Wohlergehen des anderen \u2013 wird Fu\u00df fassen.<\/p>\n<p class=\"MyNormal\">Doch wie k\u00f6nnen wir gegenseitige F\u00fcrsorge erreichen? Wie k\u00f6nnen B\u00fcrger darauf vertrauen und sicher sein, dass es jemanden gibt, der sich um sie k\u00fcmmert, wenn sie fallen? Die Suche nach den Antworten auf diese komplexen Fragen f\u00fchrte uns zur Entscheidung, dieses Buch zu schreiben. Trotz schwierigen Herausforderungen glauben wir, dass eine Ver\u00e4nderung m\u00f6glich ist und dass wir einen Weg finden werden, diese herbeizuf\u00fchren. Aus diesem Grund ist das Buch, das sie jetzt gerade in Ihren H\u00e4nden halten, ein positives und sehr optimistisches.<\/p>\n<p class=\"MyNormal\">Wir haben jetzt die M\u00f6glichkeit, eine globale Ver\u00e4nderung auf friedliche und angenehme Weise zu erreichen und dieses Buch wird uns dabei helfen, den Weg in Richtung Ziel zu pflastern.<\/p>\n<p class=\"MyNormal\"><a href=\"https:\/\/www.kabbalabuch.info\/\">kabbalabuch.info<\/a><\/p>\n","protected":false},"excerpt":{"rendered":"<p>Leitfaden f\u00fcr eine neue Welt &#8211; Warum gegenseitige F\u00fcrsorge der Schl\u00fcssel zur L\u00f6sung der globalen Krise ist. Aus dem Vorwort: Die sozialen Unruhen im Jahr 2011 zogen wie Buschfeuer \u00fcber die Welt und man schrie nach Gleichberechtigung, sozialer Gerechtigkeit, gerechter<span class=\"ellipsis\">&hellip;<\/span><\/p>\n<div class=\"read-more\"><a href=\"https:\/\/www.michaellaitman.com\/de\/books\/leitfaden_neue_welt\/\">Weiterlesen \u203a<\/a><\/div>\n<p><!-- end of .read-more --><\/p>\n","protected":false},"author":1,"featured_media":0,"parent":40,"menu_order":2,"comment_status":"open","ping_status":"open","template":"sidebar-content-page.php","meta":{"ngg_post_thumbnail":0,"footnotes":""},"class_list":["post-66","page","type-page","status-publish","hentry"],"_links":{"self":[{"href":"https:\/\/www.michaellaitman.com\/de\/wp-json\/wp\/v2\/pages\/66","targetHints":{"allow":["GET"]}}],"collection":[{"href":"https:\/\/www.michaellaitman.com\/de\/wp-json\/wp\/v2\/pages"}],"about":[{"href":"https:\/\/www.michaellaitman.com\/de\/wp-json\/wp\/v2\/types\/page"}],"author":[{"embeddable":true,"href":"https:\/\/www.michaellaitman.com\/de\/wp-json\/wp\/v2\/users\/1"}],"replies":[{"embeddable":true,"href":"https:\/\/www.michaellaitman.com\/de\/wp-json\/wp\/v2\/comments?post=66"}],"version-history":[{"count":2,"href":"https:\/\/www.michaellaitman.com\/de\/wp-json\/wp\/v2\/pages\/66\/revisions"}],"predecessor-version":[{"id":672,"href":"https:\/\/www.michaellaitman.com\/de\/wp-json\/wp\/v2\/pages\/66\/revisions\/672"}],"up":[{"embeddable":true,"href":"https:\/\/www.michaellaitman.com\/de\/wp-json\/wp\/v2\/pages\/40"}],"wp:attachment":[{"href":"https:\/\/www.michaellaitman.com\/de\/wp-json\/wp\/v2\/media?parent=66"}],"curies":[{"name":"wp","href":"https:\/\/api.w.org\/{rel}","templated":true}]}}