{"id":64,"date":"2012-09-23T21:10:08","date_gmt":"2012-09-23T21:10:08","guid":{"rendered":"http:\/\/dev.michaellaitman.kbb1.com\/?page_id=64"},"modified":"2017-04-13T17:12:58","modified_gmt":"2017-04-13T15:12:58","slug":"integral-education-page","status":"publish","type":"page","link":"https:\/\/www.michaellaitman.com\/de\/integral-education-page\/","title":{"rendered":"Integrale Erziehung"},"content":{"rendered":"<p><strong>Michael Laitmans\u00a0Vision<\/strong>, globale Krisen der Erziehung, des Klimawandels und des Hungers, sowie soziale und wirtschaftliche Probleme auf allen Ebenen zu l\u00f6sen &#8211; umfasst die Umsetzung eines neuen, umfassenden und integralen Erziehungsprogrammes.<\/p>\n<p><iframe loading=\"lazy\" title=\"Youmankind with Michael Laitman\" width=\"550\" height=\"413\" src=\"https:\/\/www.youtube.com\/embed\/HhoTCiNrdW4?list=PLOwgIdsYkvh-iiBDWXq1I8uwjf3EQkX0V\" frameborder=\"0\" allow=\"accelerometer; autoplay; clipboard-write; encrypted-media; gyroscope; picture-in-picture; web-share\" referrerpolicy=\"strict-origin-when-cross-origin\" allowfullscreen><\/iframe><\/p>\n<h4><strong><b>Treffen mit der UN und UNESCO<\/b><\/strong><\/h4>\n<p>Auf der UN-Hauptversammlung in New York teilte Dr. Laitman im Jahr 2012 die Grunds\u00e4tze seines neuen Bildungsansatzes und die Vorz\u00fcge einer gemeinsamen, globalen Zusammenarbeit mit der UN-Generalsekret\u00e4rin Dr. Asha-Rose Migiro.<\/p>\n<p>Sein natur- und geisteswissenschaftlicher Hintergrund und seine Erfahrung auf dem Gebiet der Bildung machen ihn zu einem der gefragtesten globalen Denker und Redner weltweit.<\/p>\n<ul>\n<li>Ein Vorschlag zur Methode der Integralen Erziehung wurde der UNESCO Generaldirektorin Frau Irina Bokova in Frankreich pr\u00e4sentiert<\/li>\n<li>Teilnahme an der j\u00e4hrlichen Analyse: \u201eErziehung f\u00fcr alle, globaler Monitoringsbericht\u201c an der Columbia Universit\u00e4t, New York, die von UNESCO veranstaltet wird<\/li>\n<li>Teilnahme an der Veranstaltung \u201eFrieden schaffen: Verbindung durch Erziehung, Wissenschaften, Kultur und Kommunikation\u201c bei den Vereinten Nationen in New York<\/li>\n<li>Teilnahme an der UNESCO-Konferenz \u201eTeilnahme der Jugend an sozialen Transformationen: Initiative und Teilnahme\u201c in Moskau<\/li>\n<li>Teilnahme an der 27.Konferenz der\u00a0International Women Leadership\u00a0\u00fcber \u201eWissenschaft, Technologie und Innovation: Erziehung und Training f\u00fcr Frauen und M\u00e4dchen\u201c, organisiert von der UNESCO<\/li>\n<li>Ein Vorschlag von \u201eGlobale und Integrale Erziehung als L\u00f6sung aus der Krise\u201c, wurde auf dem 8.Forum der Minister f\u00fcr soziale Entwicklung in Lateinamerika, organisiert von der UNESCO, in El Salvador vorgestellt<\/li>\n<li>Ein Vorschlag von \u201eGlobale und Integrale Erziehung als L\u00f6sung aus der Krise\u201c wurde der UN-Generalsekret\u00e4rin Dr. Asha Rose Migiro pr\u00e4sentiert<\/li>\n<li>Pr\u00e4sentation von \u00a0\u201eKinder verbinden sich durch Sport und Spiel\u201c, auf \u00a0der internationalen Konferenz des Sports f\u00fcr Entwicklung und Frieden,\u00a0<a href=\"https:\/\/www.google.co.uk\/url?sa=t&amp;rct=j&amp;q=&amp;esrc=s&amp;source=web&amp;cd=1&amp;cad=rja&amp;uact=8&amp;ved=0CCMQFjAA&amp;url=http%3A%2F%2Fwww.icsspe.org%2F&amp;ei=jg1KVLvxOKiM7Aa5p4CgCA&amp;usg=AFQjCNFCCiqAKyTJ85-Kv5WcfZi8s4Ek6w&amp;bvm=bv.77880786,d.ZGU\">ICSSPE<\/a><\/li>\n<li>Teilnahme an der Fachkonferenz \u201eWomen Actors of Development for Global Challenges\u201c, \u00a0(Schauspielerinnen f\u00fcr globable Herausforderungen) in Paris als Teil \u00a0des internationalen Millenium-Projektes 2015<\/li>\n<li>Vorschlag f\u00fcr einen Kurs \u00fcber integrale Erziehung als L\u00f6sung f\u00fcr den Umgang mit der steigenden Zahl von Arbeitslosen wurde dem UN-Generalsekret\u00e4r Ban Ki-Moon vorgestellt.<\/li>\n<\/ul>\n<p><img decoding=\"async\" class=\"aligncenter size-full wp-image-520\" src=\"http:\/\/www.michaellaitman.com\/de\/wp-content\/uploads\/2012\/09\/meetings.jpg\" alt=\"meetings\" width=\"560\" srcset=\"https:\/\/www.michaellaitman.com\/de\/wp-content\/uploads\/2012\/09\/meetings.jpg 615w, https:\/\/www.michaellaitman.com\/de\/wp-content\/uploads\/2012\/09\/meetings-180x118.jpg 180w, https:\/\/www.michaellaitman.com\/de\/wp-content\/uploads\/2012\/09\/meetings-300x198.jpg 300w\" sizes=\"(max-width: 615px) 100vw, 615px\" \/><\/p>\n","protected":false},"excerpt":{"rendered":"<p>Michael Laitmans\u00a0Vision, globale Krisen der Erziehung, des Klimawandels und des Hungers, sowie soziale und wirtschaftliche Probleme auf allen Ebenen zu l\u00f6sen &#8211; umfasst die Umsetzung eines neuen, umfassenden und integralen Erziehungsprogrammes. Treffen mit der UN und UNESCO Auf der UN-Hauptversammlung<span class=\"ellipsis\">&hellip;<\/span><\/p>\n<div class=\"read-more\"><a href=\"https:\/\/www.michaellaitman.com\/de\/integral-education-page\/\">Weiterlesen \u203a<\/a><\/div>\n<p><!-- end of .read-more --><\/p>\n","protected":false},"author":1,"featured_media":0,"parent":0,"menu_order":5,"comment_status":"open","ping_status":"open","template":"sidebar-content-page.php","meta":{"ngg_post_thumbnail":0,"footnotes":""},"class_list":["post-64","page","type-page","status-publish","hentry"],"_links":{"self":[{"href":"https:\/\/www.michaellaitman.com\/de\/wp-json\/wp\/v2\/pages\/64","targetHints":{"allow":["GET"]}}],"collection":[{"href":"https:\/\/www.michaellaitman.com\/de\/wp-json\/wp\/v2\/pages"}],"about":[{"href":"https:\/\/www.michaellaitman.com\/de\/wp-json\/wp\/v2\/types\/page"}],"author":[{"embeddable":true,"href":"https:\/\/www.michaellaitman.com\/de\/wp-json\/wp\/v2\/users\/1"}],"replies":[{"embeddable":true,"href":"https:\/\/www.michaellaitman.com\/de\/wp-json\/wp\/v2\/comments?post=64"}],"version-history":[{"count":3,"href":"https:\/\/www.michaellaitman.com\/de\/wp-json\/wp\/v2\/pages\/64\/revisions"}],"predecessor-version":[{"id":674,"href":"https:\/\/www.michaellaitman.com\/de\/wp-json\/wp\/v2\/pages\/64\/revisions\/674"}],"wp:attachment":[{"href":"https:\/\/www.michaellaitman.com\/de\/wp-json\/wp\/v2\/media?parent=64"}],"curies":[{"name":"wp","href":"https:\/\/api.w.org\/{rel}","templated":true}]}}