{"id":61,"date":"2012-09-23T20:51:16","date_gmt":"2012-09-23T20:51:16","guid":{"rendered":"http:\/\/dev.michaellaitman.kbb1.com\/?page_id=61"},"modified":"2017-04-12T16:18:16","modified_gmt":"2017-04-12T14:18:16","slug":"internationally-best-selling-author","status":"publish","type":"page","link":"https:\/\/www.michaellaitman.com\/de\/person\/internationally-best-selling-author\/","title":{"rendered":"Internationaler Bestseller- Autor"},"content":{"rendered":"<div id=\"attachment_130\" style=\"width: 210px\" class=\"wp-caption alignleft\"><a href=\"http:\/\/www.michaellaitman.com\/de\/person\/internationally-best-selling-author\/index_img_7\/\" rel=\"attachment wp-att-130\"><img loading=\"lazy\" decoding=\"async\" aria-describedby=\"caption-attachment-130\" class=\"size-full wp-image-130\" src=\"http:\/\/www.michaellaitman.com\/de\/wp-content\/uploads\/2012\/09\/index_img_7.jpg\" alt=\"Kommission f\u00fcr Frieden und Dialog zwischen den Kulturen. UN Hauptquartier, New York\" width=\"200\" height=\"149\" \/><\/a><p id=\"caption-attachment-130\" class=\"wp-caption-text\">Kommission f\u00fcr Frieden und Dialog zwischen den Kulturen. UN Hauptquartier, New York<\/p><\/div>\n<p>W\u00e4hrend der letzten drei Jahrzehnte publizierte Dr. Laitman \u00fcber 40 B\u00fccher. Sie wurden\u00a0in 18 Sprachen \u00fcbersetzt und befassten sich inhaltlich mit verschiedenen Themen, die dem Menschen dabei helfen sollen, Harmonie mit sich selbst und seinem Umfeld zu erreichen.<\/p>\n<p><i>Foreword <\/i>beschreibt Dr. Laitmans Buch <em>Die<\/em><i>\u00a0Psychologie der Integralen Gesellschaft <\/i>(\u00fcber die Notwendigkeit einer integralen und globalen Bildung zur L\u00f6sung der Krise) wie folgt:<\/p>\n<p style=\"padding-left: 30px;\">\u201c<i>Als Gesellschaft verbringen wir so viel Zeit im Wettstreit und dem Versuch, uns einen Vorsprung zu verschaffen, dass alleine schon das Konzept, einfach gemeinsam zu arbeiten vollkommen bahnbrechend klingt..\u201d<\/i><\/p>\n<p>Andere k\u00fcrzlich erschienen Titel sind u.a. <i>Vom Nehmen zum Geben: Den Egoismus transformieren, um die Krise zu \u00fcberwinden <\/i>und <i>Die Kinder von morgen: Richtlinien um gl\u00fcckliche Kinder im 21. Jahrhundert gro\u00dfzuzuiehen, <\/i>welches von Midwest Book Review rezensiert wurde.<\/p>\n<p style=\"padding-left: 30px;\"><i>\u201cDemzufolge liegt die Zukunft der Gesellschaft im Zusammenspiel von mehreren Menschen, die gemeinsam f\u00fcr die Gesellschaft arbeiten; ein Gro\u00dfteil des Zerfalls der Gesellschaft in den letzten Jahrzehnten ist ein Resultat des Narzismusses und des Geizes. \u201cVom Nehmen zum Geben\u201d ist ein spannendes und empfehlenswertes Buch f\u00fcr alle, die davon \u00fcberzeugt sind, dass der Optimismus an die menschliche Natur noch nicht ganz verloren ist.&#8220;<\/i><\/p>\n","protected":false},"excerpt":{"rendered":"<p>W\u00e4hrend der letzten drei Jahrzehnte publizierte Dr. Laitman \u00fcber 40 B\u00fccher. Sie wurden\u00a0in 18 Sprachen \u00fcbersetzt und befassten sich inhaltlich mit verschiedenen Themen, die dem Menschen dabei helfen sollen, Harmonie mit sich selbst und seinem Umfeld zu erreichen. Foreword beschreibt<span class=\"ellipsis\">&hellip;<\/span><\/p>\n<div class=\"read-more\"><a href=\"https:\/\/www.michaellaitman.com\/de\/person\/internationally-best-selling-author\/\">Weiterlesen \u203a<\/a><\/div>\n<p><!-- end of .read-more --><\/p>\n","protected":false},"author":1,"featured_media":0,"parent":56,"menu_order":5,"comment_status":"open","ping_status":"open","template":"sidebar-content-page.php","meta":{"ngg_post_thumbnail":0,"footnotes":""},"class_list":["post-61","page","type-page","status-publish","hentry"],"_links":{"self":[{"href":"https:\/\/www.michaellaitman.com\/de\/wp-json\/wp\/v2\/pages\/61","targetHints":{"allow":["GET"]}}],"collection":[{"href":"https:\/\/www.michaellaitman.com\/de\/wp-json\/wp\/v2\/pages"}],"about":[{"href":"https:\/\/www.michaellaitman.com\/de\/wp-json\/wp\/v2\/types\/page"}],"author":[{"embeddable":true,"href":"https:\/\/www.michaellaitman.com\/de\/wp-json\/wp\/v2\/users\/1"}],"replies":[{"embeddable":true,"href":"https:\/\/www.michaellaitman.com\/de\/wp-json\/wp\/v2\/comments?post=61"}],"version-history":[{"count":3,"href":"https:\/\/www.michaellaitman.com\/de\/wp-json\/wp\/v2\/pages\/61\/revisions"}],"predecessor-version":[{"id":661,"href":"https:\/\/www.michaellaitman.com\/de\/wp-json\/wp\/v2\/pages\/61\/revisions\/661"}],"up":[{"embeddable":true,"href":"https:\/\/www.michaellaitman.com\/de\/wp-json\/wp\/v2\/pages\/56"}],"wp:attachment":[{"href":"https:\/\/www.michaellaitman.com\/de\/wp-json\/wp\/v2\/media?parent=61"}],"curies":[{"name":"wp","href":"https:\/\/api.w.org\/{rel}","templated":true}]}}