{"id":514,"date":"2014-09-17T07:46:39","date_gmt":"2014-09-17T07:46:39","guid":{"rendered":"http:\/\/www.michaellaitman.com\/de\/?page_id=514"},"modified":"2017-04-12T17:32:26","modified_gmt":"2017-04-12T15:32:26","slug":"buendel_schilf","status":"publish","type":"page","link":"https:\/\/www.michaellaitman.com\/de\/books\/buendel_schilf\/","title":{"rendered":"Wie ein B\u00fcndel Schilf"},"content":{"rendered":"<h4><img loading=\"lazy\" decoding=\"async\" class=\"alignleft size-medium wp-image-671\" src=\"http:\/\/www.michaellaitman.com\/de\/wp-content\/uploads\/2017\/04\/Buendel_Schilf-195x300.png\" alt=\"Buendel_Schilf\" width=\"195\" height=\"300\" srcset=\"https:\/\/www.michaellaitman.com\/de\/wp-content\/uploads\/2017\/04\/Buendel_Schilf-195x300.png 195w, https:\/\/www.michaellaitman.com\/de\/wp-content\/uploads\/2017\/04\/Buendel_Schilf.png 201w\" sizes=\"auto, (max-width: 195px) 100vw, 195px\" \/>Wie ein B\u00fcndel Schilf &#8211; Warum Einheit und gegenseitige Verantwortung der Ruf der heutigen Stunde ist<\/h4>\n<p>Das j\u00fcdische Volk \u00fcberbrachte der Welt die maximale Form der Selbstlosigkeit: &#8222;Liebe deinen N\u00e4chsten wie dich selbst&#8220;. Unz\u00e4hlige j\u00fcdische Weise sprachen im Laufe der Jahrhunderte ehrfurchtsvoll \u00fcber die Macht der br\u00fcderlichen Liebe und gegenseitigen Verantwortung. Aber in letzter Zeit scheint es, als h\u00e4tten wir zu beidem jede Verbindung verloren. Heute sind Juden st\u00e4rker polarisiert und zersplittert als je zuvor. Aber vor allem jetzt, im Angesicht eines wieder erstarkten Antisemitismus, ist die Einheit des gesamten Volkes von gr\u00f6\u00dfter Bedeutung. Und doch scheint es, als k\u00f6nnen wir uns nicht \u00fcber unsere starren und trennenden Standpunkte erheben.<!--more--><\/p>\n<p>\u201eWie ein B\u00fcndel Schilf\u201c erkl\u00e4rt, warum Einheit und gegenseitige Verantwortung der Ruf der heutigen Stunde sind und unsere Gesellschaft heilen k\u00f6nnen &#8211; und zur \u00dcberraschung einiger: auch den Antisemitismus. Anhand zahlreicher Zitate und Referenzen von j\u00fcdischen Weisen und Historikern, wirft der Autor Licht auf einen Teil der wichtigsten und r\u00e4tselhaftesten Fragen des J\u00fcdischen Volkes: Was ist unsere Rolle in dieser Welt? Sind wir wirklich &#8222;das auserw\u00e4hlte Volk\u201c? Und wenn ja, wof\u00fcr wurden wir ausgew\u00e4hlt? Was ist die wirkliche Ursache der \u201eKrankheit\u201c Antisemitismus und kann sie geheilt werden?<\/p>\n<p>Das Buch bietet einen Wegweiser zur Erreichung von sozialem Zusammenhalt. Durch alle Zeiten sammelt es Zeugnisse und Zitate gro\u00dfer Weisen, die erkl\u00e4ren, dass eine gute Verbindung zwischen den Menschen die Voraussetzung zu Wohlstand und dauerhaftem Gl\u00fcck ist. Es ist das Geschenk, das die Juden der Welt geben k\u00f6nnen und das auch von der ganzen Welt bereits ungeduldig erwartet wird. Wenn wir uns verbinden und als Beispiel vorangehen, werden sich Frieden, Liebe und Gl\u00fcck in der gesamten Menschheit manifestieren.<\/p>\n<p><a href=\"https:\/\/www.kabbalabuch.info\/\">kabbalabuch.info<\/a><\/p>\n","protected":false},"excerpt":{"rendered":"<p>Wie ein B\u00fcndel Schilf &#8211; Warum Einheit und gegenseitige Verantwortung der Ruf der heutigen Stunde ist Das j\u00fcdische Volk \u00fcberbrachte der Welt die maximale Form der Selbstlosigkeit: &#8222;Liebe deinen N\u00e4chsten wie dich selbst&#8220;. Unz\u00e4hlige j\u00fcdische Weise sprachen im Laufe der<span class=\"ellipsis\">&hellip;<\/span><\/p>\n<div class=\"read-more\"><a href=\"https:\/\/www.michaellaitman.com\/de\/books\/buendel_schilf\/\">Weiterlesen \u203a<\/a><\/div>\n<p><!-- end of .read-more --><\/p>\n","protected":false},"author":1,"featured_media":0,"parent":40,"menu_order":1,"comment_status":"open","ping_status":"open","template":"sidebar-content-page.php","meta":{"ngg_post_thumbnail":0,"footnotes":""},"class_list":["post-514","page","type-page","status-publish","hentry"],"_links":{"self":[{"href":"https:\/\/www.michaellaitman.com\/de\/wp-json\/wp\/v2\/pages\/514","targetHints":{"allow":["GET"]}}],"collection":[{"href":"https:\/\/www.michaellaitman.com\/de\/wp-json\/wp\/v2\/pages"}],"about":[{"href":"https:\/\/www.michaellaitman.com\/de\/wp-json\/wp\/v2\/types\/page"}],"author":[{"embeddable":true,"href":"https:\/\/www.michaellaitman.com\/de\/wp-json\/wp\/v2\/users\/1"}],"replies":[{"embeddable":true,"href":"https:\/\/www.michaellaitman.com\/de\/wp-json\/wp\/v2\/comments?post=514"}],"version-history":[{"count":3,"href":"https:\/\/www.michaellaitman.com\/de\/wp-json\/wp\/v2\/pages\/514\/revisions"}],"predecessor-version":[{"id":670,"href":"https:\/\/www.michaellaitman.com\/de\/wp-json\/wp\/v2\/pages\/514\/revisions\/670"}],"up":[{"embeddable":true,"href":"https:\/\/www.michaellaitman.com\/de\/wp-json\/wp\/v2\/pages\/40"}],"wp:attachment":[{"href":"https:\/\/www.michaellaitman.com\/de\/wp-json\/wp\/v2\/media?parent=514"}],"curies":[{"name":"wp","href":"https:\/\/api.w.org\/{rel}","templated":true}]}}