{"id":32,"date":"2012-09-19T13:21:13","date_gmt":"2012-09-19T13:21:13","guid":{"rendered":"http:\/\/dev.michaellaitman.kbb1.com\/?page_id=32"},"modified":"2020-07-28T13:53:34","modified_gmt":"2020-07-28T11:53:34","slug":"global-thinker","status":"publish","type":"page","link":"https:\/\/www.michaellaitman.com\/de\/person\/global-thinker\/","title":{"rendered":"Biografie"},"content":{"rendered":"<p>Michael Laitman wird am 31. August 1946 in Vitebsk in der ehem. Sowjetunion als Sohn eines j\u00fcdischen \u00c4rzte-Ehepaares geboren. Schon als Teenager fragt er sich, wieso alles so ist wie es ist. Er will wissen wie alles funktioniert und will das ganze System der Welt begreifen. Deshalb beschreitet er nach dem Abitur den wissenschaftlichen Weg und spezialisiert sich auf Bio-Kybernetik. Er sucht nach wissenschaftlichen Antworten, die alles &#8211; bis hin zur Existenz aller Objekte &#8211; erkl\u00e4ren k\u00f6nnen.<\/p>\n<p>Im Jahre 1974 wandert er nach jahrelangem Warten auf die Ausreisebewilligung mit seiner Familie nach Israel aus. Dort baut er eine eigene Firma f\u00fcr Zahnmedizin auf, deren Erfolg auf einer selbst entwickelten medizinischen Behandlungsmethode basiert.&nbsp;<\/p>\n<p>Immer auf der Suche nach dem Ursprung der Regulation biologischen Lebens, beginnt sich Michael Laitman bereits 1975 mit unterschiedlichen j\u00fcdischen Quellen zu besch\u00e4ftigen. Die Suche nach der Wahrheit bringt ihn 1978 zur Wissenschaft der Kabbala.<\/p>\n<p>Im Jahre 1979 nimmt sein Leben eine einschneidende Wendung, als er Rabbi Shalom Halevi Ashlag (<a href=\"https:\/\/kabacademy.eu\/de\/bibliothek-2\/rav-baruch-shalom-halevi-ashlag-rabash-1906-1991\/\">Rabash<\/a>) begegnet. Er ist der \u00e4lteste Sohn des Rabbi Yehuda Ashlag (<a href=\"https:\/\/kabacademy.eu\/de\/frauen\/rav-yehuda-ashlag-baal-hasulam-1884-1954\/\">Baal HaSulam<\/a>), dem bedeutendsten kabbalistischen Wegbereiter unserer Zeit. Michael Laitman verkauft daraufhin sein florierendes Unternehmen und wird 12 Jahre lang Rabashs Sch\u00fcler und pers\u00f6nlicher Assistent. Er begleitet ihn bis zu dessen Tod im Jahre 1991. Nach Rabbi Yehuda Ashlags Tod tritt Michael Laitman in die Fu\u00dfstapfen seines spirituellen Lehrers und setzt dessen Lebensaufgabe und das Werk von Generation zu Generation von Kabbalisten fort.<\/p>\n<p>Im Jahr 1991 gr\u00fcndet er das internationale Bildungsinstitut f\u00fcr Kabbala \u201c<a href=\"http:\/\/www.kab.info\">Bnei Baruch<\/a>\u201c. Dieses widmet sich als gemeinn\u00fctzige Organisation der Aufgabe, authentische kabbalistische Quellen zu erforschen.<\/p>\n<p>Der Vorgabe der Lehre folgend, die Kabbala der gesamten Menschheit zug\u00e4nglich zu machen, gr\u00fcndet er 1995 die gemeinn\u00fctzige Organisation Kabbalah La`am (\u201cKabbala f\u00fcr Alle\u201c), welche heute etwa zwei Millionen Studenten auf der ganzen Welt vereint. Kabbalah La`am unterh\u00e4lt Websites in 38 Sprachen. Der Grundgedanke der Vereinigung ist, die Unterrichte von Michael Laitman t\u00e4glich in Israel und auf der ganzen Welt durch TV und Internet f\u00fcr alle Menschen zu erschlie\u00dfen. Dar\u00fcber hinaus befasst sich die Vereinigung mit der Ver\u00f6ffentlichung von B\u00fcchern, Artikeln, Lektionen und Vortr\u00e4gen zur wissenschaftlichen Kabbala.<\/p>\n<p>Im Jahr 2004 gr\u00fcndet Michael Laitman das &#8222;Ashlag Research Institute&#8220; <a href=\"http:\/\/ari-bildung.de\/\">(ARI Institute<\/a>) mit dem Ziel, den \u00f6ffentlichen Diskurs in den Bereichen Kabbala und Wissenschaft zu f\u00f6rdern. Diese Non-Profit-Organisation widmet sich der F\u00f6rderung von positiven Ver\u00e4nderungen in Bildungspolitik und -praxis durch innovative Ideen und L\u00f6sungen f\u00fcr die dringlichsten Probleme unserer Zeit.<\/p>\n<p>Als <a href=\"https:\/\/www.michaellaitman.com\/de\/books\">Autor<\/a> ver\u00f6ffentlicht Michael Laitman bis heute mehr als 40 B\u00fccher in 18 Sprachen. T\u00e4glich schreibt er neue aktuelle Artikel, f\u00fchrt Interviews und trifft sich mit Wissenschaftlern und popul\u00e4ren Pers\u00f6nlichkeiten.<\/p>\n<p>Heute lebt Michael Laitman in Israel und zu seinem Leben geh\u00f6rt eine Familie mit drei&nbsp; Kindern und vier Enkelkindern.<\/p>\n","protected":false},"excerpt":{"rendered":"<p>Michael Laitman wird am 31. August 1946 in Vitebsk in der ehem. Sowjetunion als Sohn eines j\u00fcdischen \u00c4rzte-Ehepaares geboren. Schon als Teenager fragt er sich, wieso alles so ist wie es ist. Er will wissen wie alles funktioniert und will<span class=\"ellipsis\">&hellip;<\/span><\/p>\n<div class=\"read-more\"><a href=\"https:\/\/www.michaellaitman.com\/de\/person\/global-thinker\/\">Weiterlesen \u203a<\/a><\/div>\n<p><!-- end of .read-more --><\/p>\n","protected":false},"author":1,"featured_media":0,"parent":56,"menu_order":1,"comment_status":"open","ping_status":"open","template":"sidebar-content-page.php","meta":{"ngg_post_thumbnail":0,"footnotes":""},"class_list":["post-32","page","type-page","status-publish","hentry"],"_links":{"self":[{"href":"https:\/\/www.michaellaitman.com\/de\/wp-json\/wp\/v2\/pages\/32","targetHints":{"allow":["GET"]}}],"collection":[{"href":"https:\/\/www.michaellaitman.com\/de\/wp-json\/wp\/v2\/pages"}],"about":[{"href":"https:\/\/www.michaellaitman.com\/de\/wp-json\/wp\/v2\/types\/page"}],"author":[{"embeddable":true,"href":"https:\/\/www.michaellaitman.com\/de\/wp-json\/wp\/v2\/users\/1"}],"replies":[{"embeddable":true,"href":"https:\/\/www.michaellaitman.com\/de\/wp-json\/wp\/v2\/comments?post=32"}],"version-history":[{"count":2,"href":"https:\/\/www.michaellaitman.com\/de\/wp-json\/wp\/v2\/pages\/32\/revisions"}],"predecessor-version":[{"id":827,"href":"https:\/\/www.michaellaitman.com\/de\/wp-json\/wp\/v2\/pages\/32\/revisions\/827"}],"up":[{"embeddable":true,"href":"https:\/\/www.michaellaitman.com\/de\/wp-json\/wp\/v2\/pages\/56"}],"wp:attachment":[{"href":"https:\/\/www.michaellaitman.com\/de\/wp-json\/wp\/v2\/media?parent=32"}],"curies":[{"name":"wp","href":"https:\/\/api.w.org\/{rel}","templated":true}]}}