{"id":105,"date":"2012-09-25T12:29:33","date_gmt":"2012-09-25T12:29:33","guid":{"rendered":"http:\/\/dev.michaellaitman.kbb1.com\/?page_id=105"},"modified":"2020-04-17T18:23:58","modified_gmt":"2020-04-17T16:23:58","slug":"about","status":"publish","type":"page","link":"https:\/\/www.michaellaitman.com\/de\/about\/","title":{"rendered":"Michael Laitman, PhD"},"content":{"rendered":"\n[et_pb_section][et_pb_row][et_pb_column type=&#8220;4_4&#8243;][et_pb_text]<p style=\"text-align: left\" align=\"center\"><strong><a href=\"http:\/\/www.michaellaitman.com\/de\/about\/img_3070_abrener-2\/\" rel=\"attachment wp-att-110\"><img loading=\"lazy\" decoding=\"async\" class=\"alignleft size-full wp-image-110\" src=\"http:\/\/www.michaellaitman.com\/de\/wp-content\/uploads\/2012\/09\/IMG_3070_abrener1.jpg\" alt=\"\" width=\"232\" height=\"224\"><\/a><\/strong><\/p>\n<strong>Michael Laitman ist Professor der Ontologie und der Erkenntnistheorie, Doktor der Philosophie und der Kabbala und Magister in biomedizinischer Kybernetik.<\/strong>\n\n<strong>Er ist Gr\u00fcnder und Vorsitzender der Institute <i>ARI<\/i> und &nbsp;<i>Bnei Baruch Kabbalah Education and Research<\/i>.<\/strong>\n\n\u00dcber die Webseite von Bnei Baruch <a href=\"http:\/\/www.kab.info\">www.kab.info<\/a> unterrichtet er t\u00e4glich ein Publikum von weltweit nahezu 2 Millionen Menschen. Dies wird zeitgleich in acht Sprachen simultan \u00fcbersetzt: Englisch, Spanisch, Hebr\u00e4isch, Italienisch, Russisch, Franz\u00f6sisch, T\u00fcrkisch und Deutsch.\n\nDr. Laitman erwarb seinen Doktortitel der Philosophie und der Kabbala am Institut f\u00fcr Philosophie &nbsp;an der Akademie f\u00fcr russische Wissenschaften in Moskau und seinen Magister f\u00fcr &nbsp;biomedizinische Kybernetik an der staatlichen polytechnischen Universit\u00e4t von &nbsp;St. Peterburg. Seiner umfangreichen Lehrerfahrung verdankt er die Verleihung des Professorentitels in der Ontologie und der Erkenntnistheorie durch die h\u00f6chste interdisziplin\u00e4r zusammengestellte wissenschaftliche Kommission der Russischen F\u00f6deration.\n\nBis heute hat Laitman \u00fcber 40 B\u00fccher in 18 Sprachen ver\u00f6ffentlicht.\n\nBesonders hervorzuheben sind:\n\n<a href=\"http:\/\/www.bundleofreeds.com\/\" target=\"_blank\" rel=\"noopener noreferrer\"><em>Like a Bundle of Reeds: why unity and mutual guarantee are today\u2019s call of the hour<\/em><\/a>\n<ul>\n \t<li><i>\u201cWie ein B\u00fcndel Schilf\u201d &#8211; &nbsp;Warum Einheit und wechselseitige B\u00fcrgschaft der Ruf der Stunde sind.<\/i> Prof. Kalman J. Kaplan der Chicago Universit\u00e4t schrieb dar\u00fcber: \u201cEin sehr intelligentes, ausgewogenes und h\u00f6chst lesenswertes Buch, das wichtigen Fragen unserer Zeit auf den Grund geht: Die Rolle der Juden in der Geschichte, das Verh\u00e4ltnis zwischen Individuum und Gemeinschaft, die Allgegenwart des Antisemitismus und seine best\u00e4ndige Wandlung zu neuen, heimt\u00fcckischen Formen.\u201d<\/li>\n<\/ul>\n<a href=\"http:\/\/www.michaellaitman.com\/books\/a-guide-to-the-new-world\/\"><i>A Guide to the New World: why mutual guarantee is the key to our recovery from the global crisis<\/i><\/a>\n<ul>\n \t<li>\u201cLeitfaden f\u00fcr eine Neue Welt: Warum gegenseitige F\u00fcrsorge der Schl\u00fcssel zur L\u00f6sung der globalen Krise ist.\u201d ForeWord Reviews dazu: \u201cZweifellos ein provokatives Buch. Der Ansatz, die Globalisierung als Kraftpotential f\u00fcr eine positive Entwicklung zu sehen, ist erfrischend.\u201d<\/li>\n<\/ul>\n<a href=\"http:\/\/www.michaellaitman.com\/books\/self-interest-vs-altruism\/\"><i>Self-Interest vs. Altruism in the Global Era: how society can turn self-interests into mutual benefit<\/i><\/a>\n<ul>\n \t<li>Vom Geben zum Nehmen &#8211; Den Egoismus transformieren, um die Krise zu \u00fcberwinden: Midwest Book Review pries das Buch wie folgt: \u201cDie Aussage, dass die Zukunft der Gesellschaft auf dem gegenseitigen Einvernehmen der Menschen fu\u00dft, gemeinsam f\u00fcr die Gesellschaft zu arbeiten und dass in den vergangenen Jahrzehnten die Degeneration der Gesellschaft zu einem Gro\u00dfteil das Ergebnis von Narzissmus und Gier war, ist ein interessanter und empfehlenswerter Lesestoff.\u201d<\/li>\n<\/ul>\n<p style=\"text-align: left\" align=\"center\"><a href=\"http:\/\/www.michaellaitman.com\/de\/books\/the-psychology-of-the-integral-society\/\" target=\"_blank\" rel=\"noopener noreferrer\"><em>The Psychology of the Integral Society<\/em><\/a><\/p>\n\n<ul>\n \t<li>Die Psychologie der integralen Gesellschaft, ebenfalls von ForeWord Reviews empfohlen: \u201cDie Kernaussagen in <i>Die Psychologie der integralen Gesellschaft<\/i> sollte die Menschen zum Nachdenken anregen.\u201d<\/li>\n<\/ul>\nDr. Laitman arbeitet eng mit zahlreichen internationalen Forschungsinstituten zusammen. Er wurde eingeladen, dem <i>World Wisdom Council <\/i>(<i>WWC<\/i>) beizutreten, einer vom <i>Club of Budapest<\/i> und von Prof. Ervin Laszlo, Nobelpreiskandidat 2004 und 2005, einberufenen Denkfabrik. Weitere namhafte Pers\u00f6nlichkeiten im <i>WWC<\/i> sind der ehemalige Staatschef der Sowjetunion Michael Gorbatschow, die Primatenforscherin und Nobelpreistr\u00e4gerin Jane Goodall und der bekannte Songtexter und K\u00fcnstler Peter Gabriel.\n\nIn den vergangenen Jahren hat er an verschiedenen internationalen Events des <i>WWC <\/i>und der <i>Goi Peace Foundation<\/i> in Tokyo, Arosa (Schweiz), D\u00fcsseldorf und dem mit der Unterst\u00fctzung der <i>UNESCO<\/i> in Mexico organisierten <i>Universal Forum of Cultures <\/i>teilgenommen.\n\nZiel all dieser Events war es, einen fruchtbaren Dialog \u00fcber die globale Krise zu initiieren und das globale Bewusstsein positiv zu ver\u00e4ndern. Teil seiner Bem\u00fchungen sind regelm\u00e4\u00dfige Treffen mit f\u00fchrenden Pers\u00f6nlichkeiten des Weltgeschehens, wie mit der Generaldirektorin der <i>UNESCO<\/i> Irina Bokova, die ihn einen \u201cechten Vision\u00e4r\u201d nannte und der stellvertretenden Generalsekret\u00e4rin der Vereinten Nationen, &nbsp;Dr. Asha-Rose Migiro.\n\nLaitmans Artikel und Interviews sind auf bedeutenden Medienkan\u00e4len wie Bloomberg TV, Fox News (Radio), in Zeitungen wie &nbsp;<i>Chicago Tribune, Corriere della Sera<\/i> und <i>Miami Herald<\/i> erschienen.\n<p style=\"text-align: left\" align=\"center\">Er ist verheiratet, Vater von drei Kindern und Gro\u00dfvater von vier&nbsp;Enkelkindern.<\/p>\n<p style=\"text-align: left\" align=\"center\"><\/p>[\/et_pb_text][\/et_pb_column][\/et_pb_row][\/et_pb_section]\n","protected":false},"excerpt":{"rendered":"","protected":false},"author":1,"featured_media":0,"parent":0,"menu_order":9,"comment_status":"open","ping_status":"open","template":"content-sidebar-page.php","meta":{"ngg_post_thumbnail":0,"footnotes":""},"class_list":["post-105","page","type-page","status-publish","hentry"],"_links":{"self":[{"href":"https:\/\/www.michaellaitman.com\/de\/wp-json\/wp\/v2\/pages\/105","targetHints":{"allow":["GET"]}}],"collection":[{"href":"https:\/\/www.michaellaitman.com\/de\/wp-json\/wp\/v2\/pages"}],"about":[{"href":"https:\/\/www.michaellaitman.com\/de\/wp-json\/wp\/v2\/types\/page"}],"author":[{"embeddable":true,"href":"https:\/\/www.michaellaitman.com\/de\/wp-json\/wp\/v2\/users\/1"}],"replies":[{"embeddable":true,"href":"https:\/\/www.michaellaitman.com\/de\/wp-json\/wp\/v2\/comments?post=105"}],"version-history":[{"count":1,"href":"https:\/\/www.michaellaitman.com\/de\/wp-json\/wp\/v2\/pages\/105\/revisions"}],"predecessor-version":[{"id":106,"href":"https:\/\/www.michaellaitman.com\/de\/wp-json\/wp\/v2\/pages\/105\/revisions\/106"}],"wp:attachment":[{"href":"https:\/\/www.michaellaitman.com\/de\/wp-json\/wp\/v2\/media?parent=105"}],"curies":[{"name":"wp","href":"https:\/\/api.w.org\/{rel}","templated":true}]}}