{"id":101,"date":"2012-09-25T09:38:51","date_gmt":"2012-09-25T09:38:51","guid":{"rendered":"http:\/\/dev.michaellaitman.kbb1.com\/?page_id=101"},"modified":"2017-04-15T20:59:42","modified_gmt":"2017-04-15T18:59:42","slug":"in-the-media","status":"publish","type":"page","link":"https:\/\/www.michaellaitman.com\/de\/in-the-media\/","title":{"rendered":"In den Medien"},"content":{"rendered":"<p><img loading=\"lazy\" decoding=\"async\" class=\"size-full wp-image-137 aligncenter\" title=\"Media Logos\" alt=\" \" src=\"http:\/\/www.michaellaitman.com\/de\/wp-content\/uploads\/2012\/09\/media-logos1.jpg\" width=\"500\" height=\"400\" srcset=\"https:\/\/www.michaellaitman.com\/de\/wp-content\/uploads\/2012\/09\/media-logos1.jpg 500w, https:\/\/www.michaellaitman.com\/de\/wp-content\/uploads\/2012\/09\/media-logos1-300x240.jpg 300w\" sizes=\"auto, (max-width: 500px) 100vw, 500px\" \/><\/p>\n<h2>Huffington Post<\/h2>\n<h1><a href=\"http:\/\/www.michaellaitman.com\/de\/articles\/israel-das-geliebte-land-das-alle-verlassen-wollen\/\">Israel &#8211; das geliebte Land, das alle verlassen wollen.<\/a><\/h1>\n<p>Es ist nicht Israel, das die Israelis nicht m\u00f6gen; es ist der Funke der Einheit in den Israelis<br \/>\n<a href=\"http:\/\/www.michaellaitman.com\/de\/articles\/israel-das-geliebte-land-das-alle-verlassen-wollen\/\">Weiterlesen<\/a><\/p>\n<h1><a href=\"http:\/\/www.michaellaitman.com\/de\/articles\/die-menschheit-zwangslaeufig-selbstsuechtig-und-zwangslaeufig-antisemitisch\/\">Die Menschheit &#8211; Zwangsl\u00e4ufig selbsts\u00fcchtig und zwangsl\u00e4ufig antisemitisch<\/a><\/h1>\n<p>Je weiter sich Nationen entwickeln, desto egoistischer und entfremdeter werden die Menschen, und daf\u00fcr machen sie die Juden verantwortlich. Das ist ein Naturgesetz.<br \/>\n<a href=\"http:\/\/www.michaellaitman.com\/de\/articles\/die-menschheit-zwangslaeufig-selbstsuechtig-und-zwangslaeufig-antisemitisch\/\">Weiterlesen<\/a><\/p>\n<hr>\n<h1><a href=\"http:\/\/www.michaellaitman.com\/de\/news\/zwischen-den-atomen\/\">Zwischen den Atomen<\/a><\/h1>\n<p>Die Weisheit der Kabbala sagt, wir m\u00fcssen zus\u00e4tzlich zu diesem Minus, zu der schlechten Kraft in uns, auch die positive Kraft entdecken und diese beiden Kr\u00e4fte gegenseitig ausbalancieren.<br \/>\n<a href=\"http:\/\/www.michaellaitman.com\/de\/news\/zwischen-den-atomen\/\">Weiterlesen<\/a><\/p>\n<h3>CNN<\/h3>\n<ul class=\"nav nav-tabs\" id=\"videoTab\">\n<li class=\"active\"><a class=\"cu-icon-play\" href=\"#video1\" data-toggle=\"tab\"><i><\/i>Watch the video<\/a><\/li>\n<\/ul>\n<div class=\"tab-content\" id=\"myTabContent\">\n<div class=\"tab-pane fade in active\" id=\"video1\">\n<p><iframe loading=\"lazy\" title=\"Conozca el innovador modelo educativo del acad\u00e9mico Michael  Laitman\" width=\"550\" height=\"413\" src=\"https:\/\/www.youtube.com\/embed\/b2Fy4hDCg3I?feature=oembed\" frameborder=\"0\" allow=\"accelerometer; autoplay; clipboard-write; encrypted-media; gyroscope; picture-in-picture; web-share\" referrerpolicy=\"strict-origin-when-cross-origin\" allowfullscreen><\/iframe><\/p>\n<\/div>\n<\/div>\n<h3>Intereconomia TV (Spain)<\/h3>\n<ul class=\"nav nav-tabs\" id=\"videoTab\">\n<li class=\"active\"><a class=\"cu-icon-play\" href=\"#video2\" data-toggle=\"tab\"><i><\/i>Watch the video<\/a><\/li>\n<\/ul>\n<div class=\"tab-content\" id=\"myTabContent\">\n<div class=\"tab-pane fade in active\" id=\"video2\">\n<iframe loading=\"lazy\" title=\"Rav Laitman in interview on Spanish TV Station\" width=\"550\" height=\"413\" src=\"https:\/\/www.youtube.com\/embed\/dEzw5aVqzFI?feature=oembed\" frameborder=\"0\" allow=\"accelerometer; autoplay; clipboard-write; encrypted-media; gyroscope; picture-in-picture; web-share\" referrerpolicy=\"strict-origin-when-cross-origin\" allowfullscreen><\/iframe>\n<\/div>\n<\/div>\n<h3>Bloomberg TV (USA)<\/h3>\n<div class=\"download-link\"><i><\/i>Download the Videos: <a title=\"TV Interview with Rav Michael Laitman, PhD on Bloomberg show &quot;Night Talk&quot; with Mike Schneider\" href=\"http:\/\/files.kab.co.il\/video\/eng_t_rav_2007-10-24_tv_interview_tv-bloomberg_1of3.wmv\" target=\"_blank\" rel=\"external\">Part 1<\/a> | <a title=\"TV Interview with Rav Michael Laitman, PhD on Bloomberg show &quot;Night Talk&quot; with Mike Schneider\" href=\"http:\/\/files.kab.co.il\/video\/eng_t_rav_2007-10-24_tv_interview_tv-bloomberg_2of3.wmv\" target=\"_blank\" rel=\"external\">Part 2<\/a> | <a title=\"TV Interview with Rav Michael Laitman, PhD on Bloomberg show &quot;Night Talk&quot; with Mike Schneider\" href=\"http:\/\/files.kab.co.il\/video\/eng_t_rav_2007-10-24_tv_interview_tv-bloomberg_3of3.wmv\" target=\"_blank\" rel=\"external\">Part 3<\/a><\/div>\n","protected":false},"excerpt":{"rendered":"<p>Huffington Post Israel &#8211; das geliebte Land, das alle verlassen wollen. Es ist nicht Israel, das die Israelis nicht m\u00f6gen; es ist der Funke der Einheit in den Israelis Weiterlesen Die Menschheit &#8211; Zwangsl\u00e4ufig selbsts\u00fcchtig und zwangsl\u00e4ufig antisemitisch Je weiter<span class=\"ellipsis\">&hellip;<\/span><\/p>\n<div class=\"read-more\"><a href=\"https:\/\/www.michaellaitman.com\/de\/in-the-media\/\">Weiterlesen \u203a<\/a><\/div>\n<p><!-- end of .read-more --><\/p>\n","protected":false},"author":1,"featured_media":0,"parent":0,"menu_order":6,"comment_status":"open","ping_status":"open","template":"content-sidebar-page.php","meta":{"ngg_post_thumbnail":0,"footnotes":""},"class_list":["post-101","page","type-page","status-publish","hentry"],"_links":{"self":[{"href":"https:\/\/www.michaellaitman.com\/de\/wp-json\/wp\/v2\/pages\/101","targetHints":{"allow":["GET"]}}],"collection":[{"href":"https:\/\/www.michaellaitman.com\/de\/wp-json\/wp\/v2\/pages"}],"about":[{"href":"https:\/\/www.michaellaitman.com\/de\/wp-json\/wp\/v2\/types\/page"}],"author":[{"embeddable":true,"href":"https:\/\/www.michaellaitman.com\/de\/wp-json\/wp\/v2\/users\/1"}],"replies":[{"embeddable":true,"href":"https:\/\/www.michaellaitman.com\/de\/wp-json\/wp\/v2\/comments?post=101"}],"version-history":[{"count":4,"href":"https:\/\/www.michaellaitman.com\/de\/wp-json\/wp\/v2\/pages\/101\/revisions"}],"predecessor-version":[{"id":691,"href":"https:\/\/www.michaellaitman.com\/de\/wp-json\/wp\/v2\/pages\/101\/revisions\/691"}],"wp:attachment":[{"href":"https:\/\/www.michaellaitman.com\/de\/wp-json\/wp\/v2\/media?parent=101"}],"curies":[{"name":"wp","href":"https:\/\/api.w.org\/{rel}","templated":true}]}}